{"id":84158,"date":"2023-09-30T11:33:04","date_gmt":"2023-09-30T09:33:04","guid":{"rendered":"https:\/\/watchdeluxe.it\/prodotto\/montblanc-brieftasche-meisterstueck-4-faecher-mit-muenzetui-ref-131934\/"},"modified":"2026-01-21T18:22:51","modified_gmt":"2026-01-21T17:22:51","slug":"montblanc-wallet-meisterstuck-4-facher-mit-munze-ref-131934","status":"publish","type":"product","link":"https:\/\/watchdeluxe.it\/de\/prodotto\/montblanc-wallet-meisterstuck-4-facher-mit-munze-ref-131934\/","title":{"rendered":"Montblanc Brieftasche Meisterst\u00fcck 4 F\u00e4cher mit M\u00fcnzetui Ref. 131934"},"content":{"rendered":"<p>Montblanc Brieftasche Meisterst\u00fcck 4 F\u00e4cher mit M\u00fcnzetui Ref. 131934<\/p>\n<p><b>Abmessungen: 110 x 15 x H 95 mm.  <\/b><\/p>\n<table class=\"data-table\">\n<tbody>\n<tr class=\"even\">\n<td class=\"spec-name\">Leitung<\/td>\n<td class=\"spec-value\">Meisterst\u00fcck<\/td>\n<\/tr>\n<tr class=\"odd\">\n<td class=\"spec-name\">Material<\/td>\n<td class=\"spec-value\">Volles Kalb<\/td>\n<\/tr>\n<tr class=\"even\">\n<td class=\"spec-name\">FARBE<\/td>\n<td class=\"spec-value\">Tinte Blau<\/td>\n<\/tr>\n<\/tbody>\n<\/table>\n","protected":false},"excerpt":{"rendered":"<p>Montblanc Brieftasche Meisterst\u00fcck 4 F\u00e4cher mit M\u00fcnzetui Ref. 131934 Abmessungen: 110 x 15 x H 95 mm. Leitung Meisterst\u00fcck Material Volles Kalb FARBE Tinte Blau<\/p>\n","protected":false},"featured_media":84154,"template":"","meta":{"_crdt_document":"","advanced_seo_description":"","jetpack_seo_html_title":"","jetpack_seo_noindex":false},"product_brand":[],"product_cat":[1929],"product_tag":[2347],"berocket_brand":[],"woo-feed-brand":[],"class_list":{"0":"post-84158","1":"product","2":"type-product","3":"status-publish","4":"has-post-thumbnail","6":"product_cat-montblanc","7":"product_tag-wallet","9":"first","10":"instock","11":"sale","12":"taxable","13":"shipping-taxable","14":"purchasable","15":"product-type-simple"},"bundled_by":[],"bundle_stock_status":"instock","bundle_stock_quantity":1,"bundle_virtual":false,"bundle_layout":"","bundle_add_to_cart_form_location":"","bundle_editable_in_cart":false,"bundle_sold_individually_context":"","bundle_item_grouping":"","bundle_min_size":"","bundle_max_size":"","bundle_price":[],"bundled_items":[],"bundle_sell_ids":[],"group_of_quantity":0,"min_quantity":0,"max_quantity":"","exclude_order_quantity_value_rules":"no","exclude_category_quantity_rules":"no","combine_variations":"no","jetpack_sharing_enabled":true,"jetpack_likes_enabled":true,"_links":{"self":[{"href":"https:\/\/watchdeluxe.it\/de\/wp-json\/wp\/v2\/product\/84158","targetHints":{"allow":["GET"]}}],"collection":[{"href":"https:\/\/watchdeluxe.it\/de\/wp-json\/wp\/v2\/product"}],"about":[{"href":"https:\/\/watchdeluxe.it\/de\/wp-json\/wp\/v2\/types\/product"}],"wp:featuredmedia":[{"embeddable":true,"href":"https:\/\/watchdeluxe.it\/de\/wp-json\/wp\/v2\/media\/84154"}],"wp:attachment":[{"href":"https:\/\/watchdeluxe.it\/de\/wp-json\/wp\/v2\/media?parent=84158"}],"wp:term":[{"taxonomy":"product_brand","embeddable":true,"href":"https:\/\/watchdeluxe.it\/de\/wp-json\/wp\/v2\/product_brand?post=84158"},{"taxonomy":"product_cat","embeddable":true,"href":"https:\/\/watchdeluxe.it\/de\/wp-json\/wp\/v2\/product_cat?post=84158"},{"taxonomy":"product_tag","embeddable":true,"href":"https:\/\/watchdeluxe.it\/de\/wp-json\/wp\/v2\/product_tag?post=84158"},{"taxonomy":"berocket_brand","embeddable":true,"href":"https:\/\/watchdeluxe.it\/de\/wp-json\/wp\/v2\/berocket_brand?post=84158"},{"taxonomy":"woo-feed-brand","embeddable":true,"href":"https:\/\/watchdeluxe.it\/de\/wp-json\/wp\/v2\/woo-feed-brand?post=84158"}],"curies":[{"name":"wp","href":"https:\/\/api.w.org\/{rel}","templated":true}]}}