{"id":83367,"date":"2023-09-28T15:49:27","date_gmt":"2023-09-28T13:49:27","guid":{"rendered":"https:\/\/watchdeluxe.it\/prodotto\/tag-heuer-aquaracer-professional-200-solargraph-ref-wbp1113-ba0000\/"},"modified":"2026-01-19T15:23:47","modified_gmt":"2026-01-19T14:23:47","slug":"tag-heuer-aquaracer-professional-200-solargraph-ref-wbp1113-ba0000","status":"publish","type":"product","link":"https:\/\/watchdeluxe.it\/de\/prodotto\/tag-heuer-aquaracer-professional-200-solargraph-ref-wbp1113-ba0000\/","title":{"rendered":"TAG Heuer Aquaracer Professional 200 Solargraph ref. WBP1113.BA0000"},"content":{"rendered":"<p>TAG Heuer Aquaracer Professional 200 Solargraph ref. WBP1113.BA0000<\/p>\n<div class=\"col-12 col-lg-6\">\n<p> <span class=\"spec-title\"> Gr\u00f6\u00dfe <\/span> <span class=\"spec-value\"> 40 mm <\/span> <\/p>\n<\/div>\n<div class=\"col-12 col-lg-6\">\n<p> <span class=\"spec-title\"> Wasserbest\u00e4ndigkeit <\/span> <span class=\"spec-value\"> 200 m <\/span> <\/p>\n<\/div>\n<div class=\"col-12 col-lg-6\">\n<p> <span class=\"spec-title\"> Geh\u00e4usek\u00f6rper <\/span> <span class=\"spec-value\"> Stahl Satiniert\/Poliert <\/span> <\/p>\n<\/div>\n<div class=\"col-12 col-lg-6\">\n<p> <span class=\"spec-title\"> L\u00fcnette <\/span> <span class=\"spec-value\"> Drehbare L\u00fcnette Stahl <\/span> <\/p>\n<\/div>\n<div class=\"col-12 col-lg-6\">\n<p> <span class=\"spec-title\"> Krone <\/span> <span class=\"spec-value\"> Aufschraubbar Stahl <\/span> <\/p>\n<\/div>\n<div class=\"col-12 col-lg-6\">\n<p> <span class=\"spec-title\"> R\u00fcckseite <\/span> <span class=\"spec-value\"> Glatt &#8211; Stahl<\/span><\/p>\n<div class=\"col-12 col-lg-6\">\n<p> <span class=\"spec-title\"> Material des Gurtes <\/span> <span class=\"spec-value\"> Stahl <\/span> <\/p>\n<\/div>\n<div class=\"col-12 col-lg-6\">\n<p> <span class=\"spec-title\"> Veredelungen <\/span> <span class=\"spec-value\"> Satinieren\/Polieren <\/span> <\/p>\n<\/div>\n<div class=\"col-12 col-lg-6\">\n<p> <span class=\"spec-title\"> Schnalle <\/span> <span class=\"spec-value\"> Faltschlie\u00dfe mit Kn\u00f6pfen &#8211; Stahl <\/span> <\/p>\n<div class=\"col-12 col-lg-6\">\n<p> <span class=\"spec-title\"> Kaliber <\/span> <span class=\"spec-value\"> TH50-00 <\/span> <\/p>\n<\/div>\n<div class=\"col-12 col-lg-6\">\n<p> <span class=\"spec-title\"> Uhrwerk <\/span> <span class=\"spec-value\"> Quarzuhr <\/span> <\/p>\n<\/div>\n<div class=\"col-12 col-lg-6\">\n<p> <span class=\"spec-title\"> Funktionen <\/span> <span class=\"spec-value\"> Stunden, Minuten, Sekunden, Datum <\/span> <\/p>\n<\/div>\n<\/div>\n<\/div>\n","protected":false},"excerpt":{"rendered":"<p>TAG Heuer Aquaracer Professional 200 Solargraph ref. WBP1113.BA0000 Gr\u00f6\u00dfe 40 mm Wasserbest\u00e4ndigkeit 200 m Geh\u00e4usek\u00f6rper Stahl Satiniert\/Poliert L\u00fcnette Drehbare L\u00fcnette Stahl Krone Aufschraubbar Stahl R\u00fcckseite Glatt &#8211; Stahl Material des Gurtes Stahl Veredelungen Satinieren\/Polieren Schnalle Faltschlie\u00dfe mit Kn\u00f6pfen &#8211; Stahl Kaliber TH50-00 Uhrwerk Quarzuhr Funktionen Stunden, Minuten, Sekunden, Datum<\/p>\n","protected":false},"featured_media":83363,"template":"","meta":{"_crdt_document":"","advanced_seo_description":"","jetpack_seo_html_title":"","jetpack_seo_noindex":false,"jetpack_post_was_ever_published":false},"product_brand":[],"product_cat":[2255],"product_tag":[3969],"berocket_brand":[],"woo-feed-brand":[],"class_list":{"0":"post-83367","1":"product","2":"type-product","3":"status-publish","4":"has-post-thumbnail","6":"product_cat-tag-heuer-de","7":"product_tag-aquaracer-de","9":"first","10":"instock","11":"sale","12":"taxable","13":"shipping-taxable","14":"purchasable","15":"product-type-simple"},"bundled_by":[],"bundle_stock_status":"instock","bundle_stock_quantity":1,"bundle_virtual":false,"bundle_layout":"","bundle_add_to_cart_form_location":"","bundle_editable_in_cart":false,"bundle_sold_individually_context":"","bundle_item_grouping":"","bundle_min_size":"","bundle_max_size":"","bundle_price":[],"bundled_items":[],"bundle_sell_ids":[],"group_of_quantity":0,"min_quantity":0,"max_quantity":"","exclude_order_quantity_value_rules":"no","exclude_category_quantity_rules":"no","combine_variations":"no","exclude_global_add_ons":[],"addons":[],"jetpack_sharing_enabled":true,"jetpack_likes_enabled":true,"_links":{"self":[{"href":"https:\/\/watchdeluxe.it\/de\/wp-json\/wp\/v2\/product\/83367","targetHints":{"allow":["GET"]}}],"collection":[{"href":"https:\/\/watchdeluxe.it\/de\/wp-json\/wp\/v2\/product"}],"about":[{"href":"https:\/\/watchdeluxe.it\/de\/wp-json\/wp\/v2\/types\/product"}],"wp:featuredmedia":[{"embeddable":true,"href":"https:\/\/watchdeluxe.it\/de\/wp-json\/wp\/v2\/media\/83363"}],"wp:attachment":[{"href":"https:\/\/watchdeluxe.it\/de\/wp-json\/wp\/v2\/media?parent=83367"}],"wp:term":[{"taxonomy":"product_brand","embeddable":true,"href":"https:\/\/watchdeluxe.it\/de\/wp-json\/wp\/v2\/product_brand?post=83367"},{"taxonomy":"product_cat","embeddable":true,"href":"https:\/\/watchdeluxe.it\/de\/wp-json\/wp\/v2\/product_cat?post=83367"},{"taxonomy":"product_tag","embeddable":true,"href":"https:\/\/watchdeluxe.it\/de\/wp-json\/wp\/v2\/product_tag?post=83367"},{"taxonomy":"berocket_brand","embeddable":true,"href":"https:\/\/watchdeluxe.it\/de\/wp-json\/wp\/v2\/berocket_brand?post=83367"},{"taxonomy":"woo-feed-brand","embeddable":true,"href":"https:\/\/watchdeluxe.it\/de\/wp-json\/wp\/v2\/woo-feed-brand?post=83367"}],"curies":[{"name":"wp","href":"https:\/\/api.w.org\/{rel}","templated":true}]}}