{"id":83357,"date":"2023-09-28T15:46:17","date_gmt":"2023-09-28T13:46:17","guid":{"rendered":"https:\/\/watchdeluxe.it\/prodotto\/tag-heuer-carrera-chronosprint-x-porsche-ref-cbs2011-fc6529\/"},"modified":"2026-01-19T15:25:09","modified_gmt":"2026-01-19T14:25:09","slug":"tag-heuer-chronosprint-x-porsche-ref-cbs2011-fc6529","status":"publish","type":"product","link":"https:\/\/watchdeluxe.it\/de\/prodotto\/tag-heuer-chronosprint-x-porsche-ref-cbs2011-fc6529\/","title":{"rendered":"TAG Heuer Carrera Chronosprint x Porsche ref. CBS2011.FC6529"},"content":{"rendered":"<p>TAG Heuer Carrera Chronosprint x Porsche ref. CBS2011.FC6529<\/p>\n<div class=\"card\">\n<div id=\"collapsecase\" class=\"collapse show\" aria-labelledby=\"headingcase\" data-parent=\"#tech-accordion\">\n<div class=\"card-body\">\n<div class=\"row\">\n<div class=\"col-12 col-lg-6\">\n<p> <span class=\"spec-title\"> Gr\u00f6\u00dfe <\/span> <span class=\"spec-value\"> 42 mm <\/span> <\/p>\n<\/div>\n<div class=\"col-12 col-lg-6\">\n<p> <span class=\"spec-title\"> Wasserbest\u00e4ndigkeit <\/span> <span class=\"spec-value\"> 100 m <\/span> <\/p>\n<\/div>\n<div class=\"col-12 col-lg-6\">\n<p> <span class=\"spec-title\"> Geh\u00e4usek\u00f6rper <\/span> <span class=\"spec-value\"> Stahl Satiniert\/Poliert <\/span> <\/p>\n<\/div>\n<div class=\"col-12 col-lg-6\">\n<div class=\"col-12 col-lg-6\">\n<p> <span class=\"spec-title\"> Material des Riemens <\/span> <span class=\"spec-value\"> Leder <\/span> <\/p>\n<\/div>\n<div class=\"col-12 col-lg-6\">\n<p> <span class=\"spec-title\"> Farbe <\/span> <span class=\"spec-value\"> Schwarz <\/span> <\/p>\n<\/div>\n<div class=\"col-12 col-lg-6\">\n<p> <span class=\"spec-title\"> Schnalle <\/span> <span class=\"spec-value\"> Faltschlie\u00dfe mit Kn\u00f6pfen &#8211; Stahl <\/span> <\/p>\n<\/div>\n<div class=\"col-12 col-lg-6\">\n<p> <span class=\"spec-title\"> Kaliber <\/span> <span class=\"spec-value\"> Kaliber TH20-08 <\/span> <\/p>\n<\/div>\n<div class=\"col-12 col-lg-6\">\n<p> <span class=\"spec-title\"> Uhrwerk <\/span> <span class=\"spec-value\"> Automatischer Chronograph <\/span> <\/p>\n<\/div>\n<div class=\"col-12 col-lg-6\">\n<p> <span class=\"spec-title\"> Herstellung des Uhrwerks <\/span> <span class=\"spec-value\"> Ja <\/span> <\/p>\n<\/div>\n<div class=\"col-12 col-lg-6\">\n<p> <span class=\"spec-title\"> Gangreserve (Stunden) <\/span> <span class=\"spec-value\"> 80 <\/span> <\/p>\n<\/div>\n<div class=\"col-12 col-lg-6\">\n<p> <span class=\"spec-title\"> Frequenz der Wippe <\/span> <span class=\"spec-value\"> 28800 (4Hz) <\/span> <\/p>\n<\/div>\n<div class=\"col-12 col-lg-6\">\n<p> <span class=\"spec-title\"> Funktionen <\/span> <span class=\"spec-value\"> Stunden, Minuten, Sekunden, Chronograph: 1\/4 Sekunde, 30-Minuten-Z\u00e4hler, 12-Stunden-Z\u00e4hler <\/span> <\/p>\n<\/div>\n<p>&nbsp;<\/p>\n<p>&nbsp;<\/p>\n<\/div>\n<\/div>\n<\/div>\n<\/div>\n<\/div>\n","protected":false},"excerpt":{"rendered":"<p>TAG Heuer Carrera Chronosprint x Porsche ref. CBS2011.FC6529 Gr\u00f6\u00dfe 42 mm Wasserbest\u00e4ndigkeit 100 m Geh\u00e4usek\u00f6rper Stahl Satiniert\/Poliert Material des Riemens Leder Farbe Schwarz Schnalle Faltschlie\u00dfe mit Kn\u00f6pfen &#8211; Stahl Kaliber Kaliber TH20-08 Uhrwerk Automatischer Chronograph Herstellung des Uhrwerks Ja Gangreserve (Stunden) 80 Frequenz der Wippe 28800 (4Hz) Funktionen Stunden, Minuten, Sekunden, Chronograph: 1\/4 Sekunde, 30-Minuten-Z\u00e4hler, [&hellip;]<\/p>\n","protected":false},"featured_media":83352,"template":"","meta":{"_crdt_document":"","advanced_seo_description":"","jetpack_seo_html_title":"","jetpack_seo_noindex":false,"jetpack_post_was_ever_published":false},"product_brand":[],"product_cat":[2255],"product_tag":[2368],"berocket_brand":[],"woo-feed-brand":[],"class_list":{"0":"post-83357","1":"product","2":"type-product","3":"status-publish","4":"has-post-thumbnail","6":"product_cat-tag-heuer-de","7":"product_tag-carrera-de","9":"first","10":"instock","11":"sale","12":"taxable","13":"shipping-taxable","14":"purchasable","15":"product-type-simple"},"bundled_by":[],"bundle_stock_status":"instock","bundle_stock_quantity":1,"bundle_virtual":false,"bundle_layout":"","bundle_add_to_cart_form_location":"","bundle_editable_in_cart":false,"bundle_sold_individually_context":"","bundle_item_grouping":"","bundle_min_size":"","bundle_max_size":"","bundle_price":[],"bundled_items":[],"bundle_sell_ids":[],"group_of_quantity":0,"min_quantity":0,"max_quantity":"","exclude_order_quantity_value_rules":"no","exclude_category_quantity_rules":"no","combine_variations":"no","exclude_global_add_ons":[],"addons":[],"jetpack_sharing_enabled":true,"jetpack_likes_enabled":true,"_links":{"self":[{"href":"https:\/\/watchdeluxe.it\/de\/wp-json\/wp\/v2\/product\/83357","targetHints":{"allow":["GET"]}}],"collection":[{"href":"https:\/\/watchdeluxe.it\/de\/wp-json\/wp\/v2\/product"}],"about":[{"href":"https:\/\/watchdeluxe.it\/de\/wp-json\/wp\/v2\/types\/product"}],"wp:featuredmedia":[{"embeddable":true,"href":"https:\/\/watchdeluxe.it\/de\/wp-json\/wp\/v2\/media\/83352"}],"wp:attachment":[{"href":"https:\/\/watchdeluxe.it\/de\/wp-json\/wp\/v2\/media?parent=83357"}],"wp:term":[{"taxonomy":"product_brand","embeddable":true,"href":"https:\/\/watchdeluxe.it\/de\/wp-json\/wp\/v2\/product_brand?post=83357"},{"taxonomy":"product_cat","embeddable":true,"href":"https:\/\/watchdeluxe.it\/de\/wp-json\/wp\/v2\/product_cat?post=83357"},{"taxonomy":"product_tag","embeddable":true,"href":"https:\/\/watchdeluxe.it\/de\/wp-json\/wp\/v2\/product_tag?post=83357"},{"taxonomy":"berocket_brand","embeddable":true,"href":"https:\/\/watchdeluxe.it\/de\/wp-json\/wp\/v2\/berocket_brand?post=83357"},{"taxonomy":"woo-feed-brand","embeddable":true,"href":"https:\/\/watchdeluxe.it\/de\/wp-json\/wp\/v2\/woo-feed-brand?post=83357"}],"curies":[{"name":"wp","href":"https:\/\/api.w.org\/{rel}","templated":true}]}}