{"id":83145,"date":"2024-06-03T17:20:28","date_gmt":"2024-06-03T15:20:28","guid":{"rendered":"https:\/\/watchdeluxe.it\/prodotto\/nomos-glashutte-club-campus-38-ref-737\/"},"modified":"2026-04-07T12:11:22","modified_gmt":"2026-04-07T10:11:22","slug":"nomos-glashutte-club-campus-38-ref-737","status":"publish","type":"product","link":"https:\/\/watchdeluxe.it\/de\/prodotto\/nomos-glashutte-club-campus-38-ref-737\/","title":{"rendered":"NOMOS GLASHUTTE Club Campus 38 REF.737"},"content":{"rendered":"<div class=\"text-container\" data-mce-fragment=\"1\">\n<div class=\"specs-list specs-list--ref\" data-mce-fragment=\"1\">\n<dl data-mce-fragment=\"1\">\n<dt data-mce-fragment=\"1\">Ref.<\/dt>\n<dd data-mce-fragment=\"1\">737<\/dd>\n<\/dl>\n<\/div>\n<div class=\"list-couple\" data-mce-fragment=\"1\">\n<div class=\"specs-list\" data-mce-fragment=\"1\">\n<dl data-mce-fragment=\"1\">\n<dt data-mce-fragment=\"1\">Geh\u00e4use<\/dt>\n<dd data-mce-fragment=\"1\">Edelstahl <br data-mce-fragment=\"1\">Geh\u00e4useboden aus Saphirglas<br data-mce-fragment=\"1\">verschraubt<\/dd>\n<\/dl>\n<dl data-mce-fragment=\"1\">\n<dt data-mce-fragment=\"1\">Glas<\/dt>\n<dd data-mce-fragment=\"1\">gew\u00f6lbtes Saphirglas<\/dd>\n<\/dl>\n<dl data-mce-fragment=\"1\">\n<dt data-mce-fragment=\"1\">Aufzug<\/dt>\n<dd data-mce-fragment=\"1\">Handaufzug<\/dd>\n<\/dl>\n<dl data-mce-fragment=\"1\">\n<dt data-mce-fragment=\"1\">Abmessungen<\/dt>\n<dd data-mce-fragment=\"1\">Durchmesser <span class=\"size-property\" data-mce-fragment=\"1\">38,5 mm<\/span> <br data-mce-fragment=\"1\">H\u00f6he <span class=\"size-property\" data-mce-fragment=\"1\">8,5 mm<\/span><\/dd>\n<\/dl>\n<dl data-mce-fragment=\"1\">\n<dt data-mce-fragment=\"1\">Wasserdichtigkeit<\/dt>\n<dd data-mce-fragment=\"1\">10 atm (zum Schwimmen geeignet)<\/dd>\n<\/dl>\n<\/div>\n<div class=\"specs-list\" data-mce-fragment=\"1\">\n<dl data-mce-fragment=\"1\">\n<dt data-mce-fragment=\"1\">Zifferblatt<\/dt>\n<dd data-mce-fragment=\"1\">galvanisiert, silber plattiert wei\u00df, arabische und r\u00f6mische Ziffern und Indizes mit blauer Superluminova (blaue Leuchtmasse)<\/dd>\n<\/dl>\n<dl data-mce-fragment=\"1\">\n<dt data-mce-fragment=\"1\">Zeiger<\/dt>\n<dd data-mce-fragment=\"1\">rhodiniert, mit wei\u00dfen Superluminova-Eins\u00e4tzen (blaue Leuchtmasse), neonorangefarbener Sekundenzeiger<\/dd>\n<\/dl>\n<dl data-mce-fragment=\"1\">\n<dt data-mce-fragment=\"1\">Armband<\/dt>\n<dd data-mce-fragment=\"1\">Wildleder anthrazit<br data-mce-fragment=\"1\"><span class=\"size-property\" data-mce-fragment=\"1\">Stegbreite 20 mm<\/span><\/dd>\n<\/dl>\n<\/div>\n<\/div>\n<\/div>\n","protected":false},"excerpt":{"rendered":"<p>Ref. 737 Geh\u00e4use Edelstahl Geh\u00e4useboden aus Saphirglasverschraubt Glas gew\u00f6lbtes Saphirglas Aufzug Handaufzug Abmessungen Durchmesser 38,5 mm H\u00f6he 8,5 mm Wasserdichtigkeit 10 atm (zum Schwimmen geeignet) Zifferblatt galvanisiert, silber plattiert wei\u00df, arabische und r\u00f6mische Ziffern und Indizes mit blauer Superluminova (blaue Leuchtmasse) Zeiger rhodiniert, mit wei\u00dfen Superluminova-Eins\u00e4tzen (blaue Leuchtmasse), neonorangefarbener Sekundenzeiger Armband Wildleder anthrazitStegbreite 20 mm<\/p>\n","protected":false},"featured_media":138760,"template":"","meta":{"_crdt_document":"","advanced_seo_description":"","jetpack_seo_html_title":"","jetpack_seo_noindex":false},"product_brand":[],"product_cat":[2382],"product_tag":[2383],"berocket_brand":[],"woo-feed-brand":[],"class_list":{"0":"post-83145","1":"product","2":"type-product","3":"status-publish","4":"has-post-thumbnail","6":"product_cat-nomos-glashutte-de","7":"product_tag-club-de","9":"first","10":"instock","11":"sale","12":"taxable","13":"shipping-taxable","14":"purchasable","15":"product-type-simple"},"bundled_by":[],"bundle_stock_status":"instock","bundle_stock_quantity":1,"bundle_virtual":false,"bundle_layout":"","bundle_add_to_cart_form_location":"","bundle_editable_in_cart":false,"bundle_sold_individually_context":"","bundle_item_grouping":"","bundle_min_size":"","bundle_max_size":"","bundle_price":[],"bundled_items":[],"bundle_sell_ids":[],"group_of_quantity":0,"min_quantity":0,"max_quantity":"","exclude_order_quantity_value_rules":"no","exclude_category_quantity_rules":"no","combine_variations":"no","jetpack_sharing_enabled":true,"jetpack_likes_enabled":true,"_links":{"self":[{"href":"https:\/\/watchdeluxe.it\/de\/wp-json\/wp\/v2\/product\/83145","targetHints":{"allow":["GET"]}}],"collection":[{"href":"https:\/\/watchdeluxe.it\/de\/wp-json\/wp\/v2\/product"}],"about":[{"href":"https:\/\/watchdeluxe.it\/de\/wp-json\/wp\/v2\/types\/product"}],"wp:featuredmedia":[{"embeddable":true,"href":"https:\/\/watchdeluxe.it\/de\/wp-json\/wp\/v2\/media\/138760"}],"wp:attachment":[{"href":"https:\/\/watchdeluxe.it\/de\/wp-json\/wp\/v2\/media?parent=83145"}],"wp:term":[{"taxonomy":"product_brand","embeddable":true,"href":"https:\/\/watchdeluxe.it\/de\/wp-json\/wp\/v2\/product_brand?post=83145"},{"taxonomy":"product_cat","embeddable":true,"href":"https:\/\/watchdeluxe.it\/de\/wp-json\/wp\/v2\/product_cat?post=83145"},{"taxonomy":"product_tag","embeddable":true,"href":"https:\/\/watchdeluxe.it\/de\/wp-json\/wp\/v2\/product_tag?post=83145"},{"taxonomy":"berocket_brand","embeddable":true,"href":"https:\/\/watchdeluxe.it\/de\/wp-json\/wp\/v2\/berocket_brand?post=83145"},{"taxonomy":"woo-feed-brand","embeddable":true,"href":"https:\/\/watchdeluxe.it\/de\/wp-json\/wp\/v2\/woo-feed-brand?post=83145"}],"curies":[{"name":"wp","href":"https:\/\/api.w.org\/{rel}","templated":true}]}}