{"id":81680,"date":"2025-10-09T15:33:05","date_gmt":"2025-10-09T13:33:05","guid":{"rendered":"https:\/\/watchdeluxe.it\/prodotto\/hublot-classic-fusion-chronograph-blau-ref-521-nx-7170-rx\/"},"modified":"2026-04-13T12:14:03","modified_gmt":"2026-04-13T10:14:03","slug":"hublot-classic-fusion-cronografo-blu-ref-521-nx-7170-rx","status":"publish","type":"product","link":"https:\/\/watchdeluxe.it\/de\/prodotto\/hublot-classic-fusion-cronografo-blu-ref-521-nx-7170-rx\/","title":{"rendered":"Hublot Classic Fusion Chronograph Blau Ref. 521.NX.7170.RX"},"content":{"rendered":"<p>Hublot Classic Fusion Chronograph Blau Ref. 521.NX.7170.RX<\/p>\n<div class=\"uk-accordion-content\">\n<ul class=\" uk-grid uk-grid-small producattribute\">\n<li class=\" uk-width-1-2 uk-width-1-4@l\">\n<div class=\"title\">Sammlung<\/div>\n<div class=\"value\">Klassische Fusion<\/div>\n<\/li>\n<li class=\" uk-width-1-2 uk-width-1-4@l\">\n<div class=\"title\">Material<\/div>\n<div class=\"value\">Titan<\/div>\n<\/li>\n<li class=\" uk-width-1-2 uk-width-1-4@l\">\n<div class=\"title\">Armb\u00e4nder<\/div>\n<div class=\"value\">Gummi<\/div>\n<\/li>\n<li class=\" uk-width-1-2 uk-width-1-4@l\">\n<div class=\"title\">Funktion<\/div>\n<div class=\"value\">Chronograph<\/div>\n<\/li>\n<li class=\" uk-width-1-2 uk-width-1-4@l\">\n<div class=\"title\">Bewegung<\/div>\n<div class=\"value\">Automatisch<\/div>\n<\/li>\n<li class=\" uk-width-1-2 uk-width-1-4@l\">\n<div class=\"title\">Gr\u00f6\u00dfe<\/div>\n<div class=\"value\">45 MM<\/div>\n<\/li>\n<\/ul>\n<\/div>\n","protected":false},"excerpt":{"rendered":"<p>Hublot Classic Fusion Chronograph Blau Ref. 521.NX.7170.RX Sammlung Klassische Fusion Material Titan Armb\u00e4nder Gummi Funktion Chronograph Bewegung Automatisch Gr\u00f6\u00dfe 45 MM<\/p>\n","protected":false},"featured_media":160709,"template":"","meta":{"_crdt_document":"","advanced_seo_description":"","jetpack_seo_html_title":"","jetpack_seo_noindex":false},"product_brand":[2149],"product_cat":[1917],"product_tag":[3889],"berocket_brand":[],"woo-feed-brand":[],"class_list":{"0":"post-81680","1":"product","2":"type-product","3":"status-publish","4":"has-post-thumbnail","6":"product_brand-hublot","7":"product_cat-hublot","8":"product_tag-classic-fusion-2","10":"first","11":"instock","12":"sale","13":"taxable","14":"shipping-taxable","15":"purchasable","16":"product-type-simple"},"bundled_by":[],"bundle_stock_status":"instock","bundle_stock_quantity":1,"bundle_virtual":false,"bundle_layout":"","bundle_add_to_cart_form_location":"","bundle_editable_in_cart":false,"bundle_sold_individually_context":"","bundle_item_grouping":"","bundle_min_size":"","bundle_max_size":"","bundle_price":[],"bundled_items":[],"bundle_sell_ids":[],"group_of_quantity":0,"min_quantity":0,"max_quantity":"","exclude_order_quantity_value_rules":"no","exclude_category_quantity_rules":"no","combine_variations":"no","exclude_global_add_ons":[],"addons":[],"jetpack_sharing_enabled":true,"jetpack_likes_enabled":true,"_links":{"self":[{"href":"https:\/\/watchdeluxe.it\/de\/wp-json\/wp\/v2\/product\/81680","targetHints":{"allow":["GET"]}}],"collection":[{"href":"https:\/\/watchdeluxe.it\/de\/wp-json\/wp\/v2\/product"}],"about":[{"href":"https:\/\/watchdeluxe.it\/de\/wp-json\/wp\/v2\/types\/product"}],"wp:featuredmedia":[{"embeddable":true,"href":"https:\/\/watchdeluxe.it\/de\/wp-json\/wp\/v2\/media\/160709"}],"wp:attachment":[{"href":"https:\/\/watchdeluxe.it\/de\/wp-json\/wp\/v2\/media?parent=81680"}],"wp:term":[{"taxonomy":"product_brand","embeddable":true,"href":"https:\/\/watchdeluxe.it\/de\/wp-json\/wp\/v2\/product_brand?post=81680"},{"taxonomy":"product_cat","embeddable":true,"href":"https:\/\/watchdeluxe.it\/de\/wp-json\/wp\/v2\/product_cat?post=81680"},{"taxonomy":"product_tag","embeddable":true,"href":"https:\/\/watchdeluxe.it\/de\/wp-json\/wp\/v2\/product_tag?post=81680"},{"taxonomy":"berocket_brand","embeddable":true,"href":"https:\/\/watchdeluxe.it\/de\/wp-json\/wp\/v2\/berocket_brand?post=81680"},{"taxonomy":"woo-feed-brand","embeddable":true,"href":"https:\/\/watchdeluxe.it\/de\/wp-json\/wp\/v2\/woo-feed-brand?post=81680"}],"curies":[{"name":"wp","href":"https:\/\/api.w.org\/{rel}","templated":true}]}}