{"id":81132,"date":"2023-08-28T11:27:38","date_gmt":"2023-08-28T09:27:38","guid":{"rendered":"https:\/\/watchdeluxe.it\/prodotto\/montblanc-solitaire-legrand-meisterstueck-around-the-world-in-80-days-fuellfederhalter-ref-128485\/"},"modified":"2026-01-21T18:02:24","modified_gmt":"2026-01-21T17:02:24","slug":"montblanc-pen-solitaire-legrand-meisterstuck-um-die-welt-in-80-tagen-ref-128485","status":"publish","type":"product","link":"https:\/\/watchdeluxe.it\/de\/prodotto\/montblanc-pen-solitaire-legrand-meisterstuck-um-die-welt-in-80-tagen-ref-128485\/","title":{"rendered":"Montblanc Solitaire LeGrand Meisterst\u00fcck Around The World In 80 Days F\u00fcllfederhalter Ref. 128485"},"content":{"rendered":"<p>Montblanc Solitaire LeGrand Meisterst\u00fcck Around The World In 80 Days F\u00fcllfederhalter Ref. 128485<\/p>\n<p>Die ber\u00fchmten Geschichten von Jules Verne, die vor allem von freien und unternehmungslustigen Geistern geliebt werden, enthalten eine immerw\u00e4hrende Bedeutung. Die Kollektion Meisterst\u00fcck Around The World In 80 Days spiegelt Montblancs literarische Tradition mit Motiven und Details wider, die eine ikonische Erz\u00e4hlung elegant neu interpretieren.<\/p>\n<div id=\"dimensions_content\" class=\"accordion__content\" role=\"region\" aria-labelledby=\"dimensions\"> <span class=\"length first\"> <span class=\"key\">Abmessungen<\/span> 148 <\/span> <span class=\"width last\"> 17,6 <span class=\"unit\">mm<\/span> <\/span> <span class=\"physicalweight\"> <span class=\"key\">Gewicht<\/span> 69,7 <span class=\"unit\">g<\/span> <\/span> <\/div>\n","protected":false},"excerpt":{"rendered":"<p>Montblanc Solitaire LeGrand Meisterst\u00fcck Around The World In 80 Days F\u00fcllfederhalter Ref. 128485 Die ber\u00fchmten Geschichten von Jules Verne, die vor allem von freien und unternehmungslustigen Geistern geliebt werden, enthalten eine immerw\u00e4hrende Bedeutung. Die Kollektion Meisterst\u00fcck Around The World In 80 Days spiegelt Montblancs literarische Tradition mit Motiven und Details wider, die eine ikonische Erz\u00e4hlung [&hellip;]<\/p>\n","protected":false},"featured_media":81126,"template":"","meta":{"_crdt_document":"","advanced_seo_description":"","jetpack_seo_html_title":"","jetpack_seo_noindex":false},"product_brand":[],"product_cat":[2250],"product_tag":[4004],"berocket_brand":[],"woo-feed-brand":[],"class_list":{"0":"post-81132","1":"product","2":"type-product","3":"status-publish","4":"has-post-thumbnail","6":"product_cat-montblanc-de","7":"product_tag-penne-de","9":"first","10":"instock","11":"sale","12":"taxable","13":"shipping-taxable","14":"purchasable","15":"product-type-simple"},"bundled_by":[],"bundle_stock_status":"instock","bundle_stock_quantity":1,"bundle_virtual":false,"bundle_layout":"","bundle_add_to_cart_form_location":"","bundle_editable_in_cart":false,"bundle_sold_individually_context":"","bundle_item_grouping":"","bundle_min_size":"","bundle_max_size":"","bundle_price":[],"bundled_items":[],"bundle_sell_ids":[],"group_of_quantity":0,"min_quantity":0,"max_quantity":"","exclude_order_quantity_value_rules":"no","exclude_category_quantity_rules":"no","combine_variations":"no","jetpack_sharing_enabled":true,"jetpack_likes_enabled":true,"_links":{"self":[{"href":"https:\/\/watchdeluxe.it\/de\/wp-json\/wp\/v2\/product\/81132","targetHints":{"allow":["GET"]}}],"collection":[{"href":"https:\/\/watchdeluxe.it\/de\/wp-json\/wp\/v2\/product"}],"about":[{"href":"https:\/\/watchdeluxe.it\/de\/wp-json\/wp\/v2\/types\/product"}],"wp:featuredmedia":[{"embeddable":true,"href":"https:\/\/watchdeluxe.it\/de\/wp-json\/wp\/v2\/media\/81126"}],"wp:attachment":[{"href":"https:\/\/watchdeluxe.it\/de\/wp-json\/wp\/v2\/media?parent=81132"}],"wp:term":[{"taxonomy":"product_brand","embeddable":true,"href":"https:\/\/watchdeluxe.it\/de\/wp-json\/wp\/v2\/product_brand?post=81132"},{"taxonomy":"product_cat","embeddable":true,"href":"https:\/\/watchdeluxe.it\/de\/wp-json\/wp\/v2\/product_cat?post=81132"},{"taxonomy":"product_tag","embeddable":true,"href":"https:\/\/watchdeluxe.it\/de\/wp-json\/wp\/v2\/product_tag?post=81132"},{"taxonomy":"berocket_brand","embeddable":true,"href":"https:\/\/watchdeluxe.it\/de\/wp-json\/wp\/v2\/berocket_brand?post=81132"},{"taxonomy":"woo-feed-brand","embeddable":true,"href":"https:\/\/watchdeluxe.it\/de\/wp-json\/wp\/v2\/woo-feed-brand?post=81132"}],"curies":[{"name":"wp","href":"https:\/\/api.w.org\/{rel}","templated":true}]}}