{"id":80721,"date":"2023-08-07T14:57:30","date_gmt":"2023-08-07T12:57:30","guid":{"rendered":"https:\/\/watchdeluxe.it\/prodotto\/seiko-heritage-ref-sbgh273g\/"},"modified":"2026-04-01T11:15:41","modified_gmt":"2026-04-01T09:15:41","slug":"seiko-erben-ref-sbgh273g","status":"publish","type":"product","link":"https:\/\/watchdeluxe.it\/de\/prodotto\/seiko-erben-ref-sbgh273g\/","title":{"rendered":"Seiko Heritage ref. SBGH273G"},"content":{"rendered":"<p>Seiko Heritage ref. SBGH273G<\/p>\n<div class=\"_item\">\n<div class=\"_header\">Geh\u00e4use<\/div>\n<div class=\"_body\">\n<table class=\"_table\">\n<tbody>\n<tr>\n<th>\u00c4u\u00dferes:<\/th>\n<td>Rostfreier Stahl<\/td>\n<\/tr>\n<tr>\n<th>Geh\u00e4useboden:<\/th>\n<td>Durchsichtiger &amp; verschraubter Geh\u00e4useboden<\/td>\n<\/tr>\n<tr>\n<th>Material Glas:<\/th>\n<td>Quadratisches Saphirglas<\/td>\n<\/tr>\n<tr>\n<th>Glasbeschichtung:<\/th>\n<td>Antireflexionsbeschichtung auf der Innenseite<\/td>\n<\/tr>\n<tr>\n<th>Geh\u00e4usegr\u00f6\u00dfe:<\/th>\n<td>Durchmesser 40,0 mm Steg-zu-Steg 47,0 mm Dicke 12,9 mm<\/td>\n<\/tr>\n<tr>\n<th>Stegbreite:<\/th>\n<td>21 mm<\/td>\n<\/tr>\n<tr>\n<th>Verschlusstyp:<\/th>\n<td>Dreifach-Faltschlo\u00df mit Druckknopfentriegelung<\/td>\n<\/tr>\n<tr>\n<th>Bandl\u00e4nge:<\/th>\n<td>190 mm<\/td>\n<\/tr>\n<\/tbody>\n<\/table>\n<\/div>\n<\/div>\n<div class=\"_item\">\n<div class=\"_header\">Bewegung<\/div>\n<div class=\"_body\">\n<table class=\"_table\">\n<tbody>\n<tr>\n<th>Kalibernummer:<\/th>\n<td>9S85 Anleitung<\/td>\n<\/tr>\n<tr>\n<th>Art des Uhrwerks:<\/th>\n<td>Automatik mit Handaufzug<\/td>\n<\/tr>\n<tr>\n<th>Gangreserve:<\/th>\n<td>Ca. 55 Stunden<\/td>\n<\/tr>\n<tr>\n<th>Wenn statisch:<\/th>\n<td>+5 bis -3 Sekunden pro Tag<\/td>\n<\/tr>\n<tr>\n<th>Genauigkeit bei normalem Gebrauch<\/th>\n<td>+8 bis -1 Sekunden pro Tag<\/td>\n<\/tr>\n<\/tbody>\n<\/table>\n<\/div>\n<\/div>\n<div class=\"_item\">\n<div class=\"_header\">Funktionen<\/div>\n<div class=\"_body\">\n<table class=\"_table\">\n<tbody>\n<tr>\n<th>Wasserdicht:<\/th>\n<td>10 bar<\/td>\n<\/tr>\n<tr>\n<th>Magnetischer Widerstand:<\/th>\n<td>4.800 A\/m<\/td>\n<\/tr>\n<tr>\n<th>Weitere Details \/ Merkmale:<\/th>\n<td>\n<ul class=\"list-type-bullet\">\n<li>Verschraubte Krone<\/li>\n<li>37 Rubine<\/li>\n<\/ul>\n<\/td>\n<\/tr>\n<\/tbody>\n<\/table>\n<\/div>\n<\/div>\n<p>&nbsp;<\/p>\n","protected":false},"excerpt":{"rendered":"<p>Seiko Heritage ref. SBGH273G Geh\u00e4use \u00c4u\u00dferes: Rostfreier Stahl Geh\u00e4useboden: Durchsichtiger &amp; verschraubter Geh\u00e4useboden Material Glas: Quadratisches Saphirglas Glasbeschichtung: Antireflexionsbeschichtung auf der Innenseite Geh\u00e4usegr\u00f6\u00dfe: Durchmesser 40,0 mm Steg-zu-Steg 47,0 mm Dicke 12,9 mm Stegbreite: 21 mm Verschlusstyp: Dreifach-Faltschlo\u00df mit Druckknopfentriegelung Bandl\u00e4nge: 190 mm Bewegung Kalibernummer: 9S85 Anleitung Art des Uhrwerks: Automatik mit Handaufzug Gangreserve: Ca. 55 [&hellip;]<\/p>\n","protected":false},"featured_media":80717,"template":"","meta":{"_crdt_document":"","advanced_seo_description":"","jetpack_seo_html_title":"","jetpack_seo_noindex":false,"jetpack_post_was_ever_published":false},"product_brand":[],"product_cat":[2382],"product_tag":[2456],"berocket_brand":[],"woo-feed-brand":[],"class_list":{"0":"post-80721","1":"product","2":"type-product","3":"status-publish","4":"has-post-thumbnail","6":"product_cat-nomos-glashutte-de","7":"product_tag-erbe","9":"first","10":"instock","11":"sale","12":"taxable","13":"shipping-taxable","14":"purchasable","15":"product-type-simple"},"bundled_by":[],"bundle_stock_status":"instock","bundle_stock_quantity":1,"bundle_virtual":false,"bundle_layout":"","bundle_add_to_cart_form_location":"","bundle_editable_in_cart":false,"bundle_sold_individually_context":"","bundle_item_grouping":"","bundle_min_size":"","bundle_max_size":"","bundle_price":[],"bundled_items":[],"bundle_sell_ids":[],"group_of_quantity":0,"min_quantity":0,"max_quantity":"","exclude_order_quantity_value_rules":"no","exclude_category_quantity_rules":"no","combine_variations":"no","exclude_global_add_ons":[],"addons":[],"jetpack_sharing_enabled":true,"jetpack_likes_enabled":true,"_links":{"self":[{"href":"https:\/\/watchdeluxe.it\/de\/wp-json\/wp\/v2\/product\/80721","targetHints":{"allow":["GET"]}}],"collection":[{"href":"https:\/\/watchdeluxe.it\/de\/wp-json\/wp\/v2\/product"}],"about":[{"href":"https:\/\/watchdeluxe.it\/de\/wp-json\/wp\/v2\/types\/product"}],"wp:featuredmedia":[{"embeddable":true,"href":"https:\/\/watchdeluxe.it\/de\/wp-json\/wp\/v2\/media\/80717"}],"wp:attachment":[{"href":"https:\/\/watchdeluxe.it\/de\/wp-json\/wp\/v2\/media?parent=80721"}],"wp:term":[{"taxonomy":"product_brand","embeddable":true,"href":"https:\/\/watchdeluxe.it\/de\/wp-json\/wp\/v2\/product_brand?post=80721"},{"taxonomy":"product_cat","embeddable":true,"href":"https:\/\/watchdeluxe.it\/de\/wp-json\/wp\/v2\/product_cat?post=80721"},{"taxonomy":"product_tag","embeddable":true,"href":"https:\/\/watchdeluxe.it\/de\/wp-json\/wp\/v2\/product_tag?post=80721"},{"taxonomy":"berocket_brand","embeddable":true,"href":"https:\/\/watchdeluxe.it\/de\/wp-json\/wp\/v2\/berocket_brand?post=80721"},{"taxonomy":"woo-feed-brand","embeddable":true,"href":"https:\/\/watchdeluxe.it\/de\/wp-json\/wp\/v2\/woo-feed-brand?post=80721"}],"curies":[{"name":"wp","href":"https:\/\/api.w.org\/{rel}","templated":true}]}}