{"id":80531,"date":"2023-07-24T15:29:40","date_gmt":"2023-07-24T13:29:40","guid":{"rendered":"https:\/\/watchdeluxe.it\/prodotto\/mido-ocean-star-tribut-referenz-m0268071104101\/"},"modified":"2026-04-01T11:15:02","modified_gmt":"2026-04-01T09:15:02","slug":"mido-ocean-star-tribute-referenza-m0268071104101","status":"publish","type":"product","link":"https:\/\/watchdeluxe.it\/de\/prodotto\/mido-ocean-star-tribute-referenza-m0268071104101\/","title":{"rendered":"Mido Ocean Star Tribut Referenz M0268071104101"},"content":{"rendered":"<p>Mido Ocean Star Tribut Referenz M0268071104101<\/p>\n<div class=\"dropdown\">\n<div class=\"product-details\" role=\"tablist\"><span class=\"action dropdown-button allow active\" tabindex=\"0\" role=\"tab\" data-role=\"collapsible\" data-action=\"product-details-toggle\" data-collapsible=\"true\" aria-selected=\"true\" aria-expanded=\"true\">  Fall  <\/span><\/p>\n<ul class=\"dropdown-options dropdown-content flex-column\" role=\"tabpanel\" data-role=\"content\" aria-hidden=\"false\">\n<li class=\"d-flex flex-row justify-content-between\">\n<div class=\"name\">Wasserdicht<\/div>\n<div class=\"value\">200 m<\/div>\n<\/li>\n<li class=\"d-flex flex-row justify-content-between\">\n<div class=\"name\">Durchmesser des Geh\u00e4uses<\/div>\n<div class=\"value\">40,50 mm<\/div>\n<\/li>\n<li class=\"d-flex flex-row justify-content-between\">\n<div class=\"name\">Glas<\/div>\n<div class=\"value\">Saphirglas<\/div>\n<\/li>\n<li class=\"d-flex flex-row justify-content-between\">\n<div class=\"name\">Material der L\u00fcnette<\/div>\n<div class=\"value\">Stahl<\/div>\n<\/li>\n<li class=\"d-flex flex-row justify-content-between\">\n<div class=\"name\">Material des Geh\u00e4uses<\/div>\n<div class=\"value\">Stahl<\/div>\n<\/li>\n<li class=\"d-flex flex-row justify-content-between\">\n<div class=\"name\">Kaliber<\/div>\n<div class=\"value\">ETA C07.621<\/div>\n<\/li>\n<li class=\"d-flex flex-row justify-content-between\">\n<div class=\"name\">Autonomie<\/div>\n<div class=\"value\">80 Stunden<\/div>\n<\/li>\n<li>\n<\/li>\n<\/ul>\n<\/div>\n<\/div>\n","protected":false},"excerpt":{"rendered":"<p>Mido Ocean Star Tribut Referenz M0268071104101 Fall Wasserdicht 200 m Durchmesser des Geh\u00e4uses 40,50 mm Glas Saphirglas Material der L\u00fcnette Stahl Material des Geh\u00e4uses Stahl Kaliber ETA C07.621 Autonomie 80 Stunden<\/p>\n","protected":false},"featured_media":80527,"template":"","meta":{"_crdt_document":"","advanced_seo_description":"","jetpack_seo_html_title":"","jetpack_seo_noindex":false},"product_brand":[],"product_cat":[2938],"product_tag":[3037],"berocket_brand":[],"woo-feed-brand":[],"class_list":{"0":"post-80531","1":"product","2":"type-product","3":"status-publish","4":"has-post-thumbnail","6":"product_cat-mido-de","7":"product_tag-ocean-star-de","9":"first","10":"instock","11":"sale","12":"taxable","13":"shipping-taxable","14":"purchasable","15":"product-type-simple"},"bundled_by":[],"bundle_stock_status":"instock","bundle_stock_quantity":1,"bundle_virtual":false,"bundle_layout":"","bundle_add_to_cart_form_location":"","bundle_editable_in_cart":false,"bundle_sold_individually_context":"","bundle_item_grouping":"","bundle_min_size":"","bundle_max_size":"","bundle_price":[],"bundled_items":[],"bundle_sell_ids":[],"group_of_quantity":0,"min_quantity":0,"max_quantity":"","exclude_order_quantity_value_rules":"no","exclude_category_quantity_rules":"no","combine_variations":"no","jetpack_sharing_enabled":true,"jetpack_likes_enabled":true,"_links":{"self":[{"href":"https:\/\/watchdeluxe.it\/de\/wp-json\/wp\/v2\/product\/80531","targetHints":{"allow":["GET"]}}],"collection":[{"href":"https:\/\/watchdeluxe.it\/de\/wp-json\/wp\/v2\/product"}],"about":[{"href":"https:\/\/watchdeluxe.it\/de\/wp-json\/wp\/v2\/types\/product"}],"wp:featuredmedia":[{"embeddable":true,"href":"https:\/\/watchdeluxe.it\/de\/wp-json\/wp\/v2\/media\/80527"}],"wp:attachment":[{"href":"https:\/\/watchdeluxe.it\/de\/wp-json\/wp\/v2\/media?parent=80531"}],"wp:term":[{"taxonomy":"product_brand","embeddable":true,"href":"https:\/\/watchdeluxe.it\/de\/wp-json\/wp\/v2\/product_brand?post=80531"},{"taxonomy":"product_cat","embeddable":true,"href":"https:\/\/watchdeluxe.it\/de\/wp-json\/wp\/v2\/product_cat?post=80531"},{"taxonomy":"product_tag","embeddable":true,"href":"https:\/\/watchdeluxe.it\/de\/wp-json\/wp\/v2\/product_tag?post=80531"},{"taxonomy":"berocket_brand","embeddable":true,"href":"https:\/\/watchdeluxe.it\/de\/wp-json\/wp\/v2\/berocket_brand?post=80531"},{"taxonomy":"woo-feed-brand","embeddable":true,"href":"https:\/\/watchdeluxe.it\/de\/wp-json\/wp\/v2\/woo-feed-brand?post=80531"}],"curies":[{"name":"wp","href":"https:\/\/api.w.org\/{rel}","templated":true}]}}