{"id":80510,"date":"2023-07-24T10:33:56","date_gmt":"2023-07-24T08:33:56","guid":{"rendered":"https:\/\/watchdeluxe.it\/prodotto\/tag-heuer-carrera-gruenes-datum-ref-wbn2312-ba0001\/"},"modified":"2026-01-19T15:26:44","modified_gmt":"2026-01-19T14:26:44","slug":"tag-heuer-carrera-data-verde-ref-wbn2312-ba0001","status":"publish","type":"product","link":"https:\/\/watchdeluxe.it\/de\/prodotto\/tag-heuer-carrera-data-verde-ref-wbn2312-ba0001\/","title":{"rendered":"Tag Heuer Carrera gr\u00fcnes Datum ref. WBN2312.BA0001"},"content":{"rendered":"<p>Tag Heuer Carrera gr\u00fcnes Datum ref. WBN2312.BA0001<\/p>\n<p><b>Uhrwerk:<\/b> Automatik<br \/>\n<b>Gangreserve:<\/b> 56 Stunden<br \/>\n<b>Zifferblatt:<\/b> Gr\u00fcn, &#8216;soleil&#8217; Effekt<br \/>\nIndikatoren<b>:<\/b> Indizes<br \/>\n<b>Geh\u00e4use:<\/b> Rostfreier Stahl<br \/>\n<b>Gr\u00f6\u00dfe:<\/b> 36 mm<br \/>\n<b>Armband\/Riemen:<\/b> Edelstahl<br \/>\n<b>Wasserdichtigkeit:<\/b> 50 Meter<br \/>\n<b>Glas:<\/b> Saphir<\/p>\n<p>&nbsp;<\/p>\n","protected":false},"excerpt":{"rendered":"<p>Tag Heuer Carrera gr\u00fcnes Datum ref. WBN2312.BA0001 Uhrwerk: Automatik Gangreserve: 56 Stunden Zifferblatt: Gr\u00fcn, &#8216;soleil&#8217; Effekt Indikatoren: Indizes Geh\u00e4use: Rostfreier Stahl Gr\u00f6\u00dfe: 36 mm Armband\/Riemen: Edelstahl Wasserdichtigkeit: 50 Meter Glas: Saphir &nbsp;<\/p>\n","protected":false},"featured_media":80515,"template":"","meta":{"_crdt_document":"","advanced_seo_description":"","jetpack_seo_html_title":"","jetpack_seo_noindex":false,"jetpack_post_was_ever_published":false},"product_brand":[],"product_cat":[2255],"product_tag":[2368],"berocket_brand":[],"woo-feed-brand":[],"class_list":{"0":"post-80510","1":"product","2":"type-product","3":"status-publish","4":"has-post-thumbnail","6":"product_cat-tag-heuer-de","7":"product_tag-carrera-de","9":"first","10":"instock","11":"sale","12":"taxable","13":"shipping-taxable","14":"purchasable","15":"product-type-simple"},"bundled_by":[],"bundle_stock_status":"instock","bundle_stock_quantity":null,"bundle_virtual":false,"bundle_layout":"","bundle_add_to_cart_form_location":"","bundle_editable_in_cart":false,"bundle_sold_individually_context":"","bundle_item_grouping":"","bundle_min_size":"","bundle_max_size":"","bundle_price":[],"bundled_items":[],"bundle_sell_ids":[],"group_of_quantity":0,"min_quantity":0,"max_quantity":"","exclude_order_quantity_value_rules":"no","exclude_category_quantity_rules":"no","combine_variations":"no","exclude_global_add_ons":[],"addons":[],"jetpack_sharing_enabled":true,"jetpack_likes_enabled":true,"_links":{"self":[{"href":"https:\/\/watchdeluxe.it\/de\/wp-json\/wp\/v2\/product\/80510","targetHints":{"allow":["GET"]}}],"collection":[{"href":"https:\/\/watchdeluxe.it\/de\/wp-json\/wp\/v2\/product"}],"about":[{"href":"https:\/\/watchdeluxe.it\/de\/wp-json\/wp\/v2\/types\/product"}],"wp:featuredmedia":[{"embeddable":true,"href":"https:\/\/watchdeluxe.it\/de\/wp-json\/wp\/v2\/media\/80515"}],"wp:attachment":[{"href":"https:\/\/watchdeluxe.it\/de\/wp-json\/wp\/v2\/media?parent=80510"}],"wp:term":[{"taxonomy":"product_brand","embeddable":true,"href":"https:\/\/watchdeluxe.it\/de\/wp-json\/wp\/v2\/product_brand?post=80510"},{"taxonomy":"product_cat","embeddable":true,"href":"https:\/\/watchdeluxe.it\/de\/wp-json\/wp\/v2\/product_cat?post=80510"},{"taxonomy":"product_tag","embeddable":true,"href":"https:\/\/watchdeluxe.it\/de\/wp-json\/wp\/v2\/product_tag?post=80510"},{"taxonomy":"berocket_brand","embeddable":true,"href":"https:\/\/watchdeluxe.it\/de\/wp-json\/wp\/v2\/berocket_brand?post=80510"},{"taxonomy":"woo-feed-brand","embeddable":true,"href":"https:\/\/watchdeluxe.it\/de\/wp-json\/wp\/v2\/woo-feed-brand?post=80510"}],"curies":[{"name":"wp","href":"https:\/\/api.w.org\/{rel}","templated":true}]}}