{"id":80324,"date":"2023-07-19T15:18:24","date_gmt":"2023-07-19T13:18:24","guid":{"rendered":"https:\/\/watchdeluxe.it\/prodotto\/nomos-ludwig-neomatik-champagne-ref-283\/"},"modified":"2026-04-01T11:15:02","modified_gmt":"2026-04-01T09:15:02","slug":"nomos-ludwig-neomatik-champagner-ref-283","status":"publish","type":"product","link":"https:\/\/watchdeluxe.it\/de\/prodotto\/nomos-ludwig-neomatik-champagner-ref-283\/","title":{"rendered":"Nomos Ludwig neomatik champagne ref. 283"},"content":{"rendered":"<p>Nomos Ludwig neomatik champagne ref. 283<\/p>\n<div class=\"specs-list\">\n<dl>\n<dt>Geh\u00e4use<\/dt>\n<dd>Edelstahl, dreiteiliger<br \/>\nSaphirglasboden<\/dd>\n<\/dl>\n<dl>\n<dt>Glas<\/dt>\n<dd>gew\u00f6lbtes Saphirglas<\/dd>\n<\/dl>\n<dl>\n<dt>Laden<\/dt>\n<dd>automatisch<\/dd>\n<\/dl>\n<dl>\n<dt>Abmessungen<\/dt>\n<dd>Durchmesser <span class=\"size-property\"> 36,0 mm <\/span><br \/>\nDicke <span class=\"size-property\"> 7,0 mm <\/span><br \/>\n\u00c4u\u00dfere Schlaufengr\u00f6\u00dfe <span class=\"size-property\"> 46,0 mm <\/span><\/dd>\n<\/dl>\n<dl>\n<dt>Wasserbest\u00e4ndigkeit<\/dt>\n<dd>3 atm (spritzwassergesch\u00fctzt)<\/dd>\n<\/dl>\n<\/div>\n<div class=\"specs-list\">\n<dl>\n<dt>Zifferblatt<\/dt>\n<dd>galvanisiert, champagnergold<br \/>\nneonorangefarbene Minutenziffern<\/dd>\n<\/dl>\n<dl>\n<dt>Zeiger<\/dt>\n<dd>Rhodiniert<\/dd>\n<\/dl>\n<dl>\n<dt>Riemen<\/dt>\n<dd>Rindsleder, naturbelassen, genietet<br \/>\n<span class=\"size-property\"> Schlaufenbreite 18 mm <\/span><\/dd>\n<\/dl>\n<dl>\n<dt>Schnalle<\/dt>\n<dd>Dornschlie\u00dfe, rund, Edelstahl<\/dd>\n<\/dl>\n<\/div>\n","protected":false},"excerpt":{"rendered":"<p>Nomos Ludwig neomatik champagne ref. 283 Geh\u00e4use Edelstahl, dreiteiliger Saphirglasboden Glas gew\u00f6lbtes Saphirglas Laden automatisch Abmessungen Durchmesser 36,0 mm Dicke 7,0 mm \u00c4u\u00dfere Schlaufengr\u00f6\u00dfe 46,0 mm Wasserbest\u00e4ndigkeit 3 atm (spritzwassergesch\u00fctzt) Zifferblatt galvanisiert, champagnergold neonorangefarbene Minutenziffern Zeiger Rhodiniert Riemen Rindsleder, naturbelassen, genietet Schlaufenbreite 18 mm Schnalle Dornschlie\u00dfe, rund, Edelstahl<\/p>\n","protected":false},"featured_media":80319,"template":"","meta":{"_crdt_document":"","advanced_seo_description":"","jetpack_seo_html_title":"","jetpack_seo_noindex":false,"jetpack_post_was_ever_published":false},"product_brand":[],"product_cat":[2382],"product_tag":[3731],"berocket_brand":[],"woo-feed-brand":[],"class_list":{"0":"post-80324","1":"product","2":"type-product","3":"status-publish","4":"has-post-thumbnail","6":"product_cat-nomos-glashutte-de","7":"product_tag-neomatik-de","9":"first","10":"instock","11":"sale","12":"taxable","13":"shipping-taxable","14":"purchasable","15":"product-type-simple"},"bundled_by":[],"bundle_stock_status":"instock","bundle_stock_quantity":1,"bundle_virtual":false,"bundle_layout":"","bundle_add_to_cart_form_location":"","bundle_editable_in_cart":false,"bundle_sold_individually_context":"","bundle_item_grouping":"","bundle_min_size":"","bundle_max_size":"","bundle_price":[],"bundled_items":[],"bundle_sell_ids":[],"group_of_quantity":0,"min_quantity":0,"max_quantity":"","exclude_order_quantity_value_rules":"no","exclude_category_quantity_rules":"no","combine_variations":"no","exclude_global_add_ons":[],"addons":[],"jetpack_sharing_enabled":true,"jetpack_likes_enabled":true,"_links":{"self":[{"href":"https:\/\/watchdeluxe.it\/de\/wp-json\/wp\/v2\/product\/80324","targetHints":{"allow":["GET"]}}],"collection":[{"href":"https:\/\/watchdeluxe.it\/de\/wp-json\/wp\/v2\/product"}],"about":[{"href":"https:\/\/watchdeluxe.it\/de\/wp-json\/wp\/v2\/types\/product"}],"wp:featuredmedia":[{"embeddable":true,"href":"https:\/\/watchdeluxe.it\/de\/wp-json\/wp\/v2\/media\/80319"}],"wp:attachment":[{"href":"https:\/\/watchdeluxe.it\/de\/wp-json\/wp\/v2\/media?parent=80324"}],"wp:term":[{"taxonomy":"product_brand","embeddable":true,"href":"https:\/\/watchdeluxe.it\/de\/wp-json\/wp\/v2\/product_brand?post=80324"},{"taxonomy":"product_cat","embeddable":true,"href":"https:\/\/watchdeluxe.it\/de\/wp-json\/wp\/v2\/product_cat?post=80324"},{"taxonomy":"product_tag","embeddable":true,"href":"https:\/\/watchdeluxe.it\/de\/wp-json\/wp\/v2\/product_tag?post=80324"},{"taxonomy":"berocket_brand","embeddable":true,"href":"https:\/\/watchdeluxe.it\/de\/wp-json\/wp\/v2\/berocket_brand?post=80324"},{"taxonomy":"woo-feed-brand","embeddable":true,"href":"https:\/\/watchdeluxe.it\/de\/wp-json\/wp\/v2\/woo-feed-brand?post=80324"}],"curies":[{"name":"wp","href":"https:\/\/api.w.org\/{rel}","templated":true}]}}