{"id":80039,"date":"2023-03-17T16:23:19","date_gmt":"2023-03-17T15:23:19","guid":{"rendered":"https:\/\/watchdeluxe.it\/prodotto\/iwc-portugieser-chronograph-ref-iw371620\/"},"modified":"2026-04-06T08:33:49","modified_gmt":"2026-04-06T06:33:49","slug":"iwc-portugiesischer-chronograph-ref-iw371620","status":"publish","type":"product","link":"https:\/\/watchdeluxe.it\/de\/prodotto\/iwc-portugiesischer-chronograph-ref-iw371620\/","title":{"rendered":"IWC Portugieser Chronograph Ref. IW371620"},"content":{"rendered":"<p>IWC Portugieser Chronograph Ref. IW371620<\/p>\n<div class=\"iwc-section-detail\">\n<h3 class=\"iwc-product-information-narrow\"><a class=\"iwc-product-information-title\" role=\"button\" href=\"https:\/\/www.iwc.com\/it\/it\/watch-collections\/portugieser\/iw371620-portugieser-chronograph.html#features\" aria-expanded=\"false\" data-toggle=\"features-section-details\">FEATURES<\/a><\/h3>\n<ul class=\"iwc-product-information-details expanded\" role=\"list\" data-toggle-id=\"features-section-details\">\n<li class=\"iwc-product-detail-item\" role=\"listitem\">Chronographenfunktion f\u00fcr Minuten und Sekunden<\/li>\n<li class=\"iwc-product-detail-item\" role=\"listitem\">Saphirglas, konvex, beidseitig antireflektierend<\/li>\n<li class=\"iwc-product-detail-item\" role=\"listitem\">Kleine Sekunde mit Stoppvorrichtung<\/li>\n<\/ul>\n<\/div>\n<div class=\"iwc-section-detail\">\n<h3 class=\"iwc-product-information-narrow\"><a class=\"iwc-product-information-title\" role=\"button\" href=\"https:\/\/www.iwc.com\/it\/it\/watch-collections\/portugieser\/iw371620-portugieser-chronograph.html#movement\" aria-expanded=\"false\" data-toggle=\"movement-section-details\">Bewegung<\/a><\/h3>\n<ul class=\"iwc-product-information-details expanded\" role=\"list\" data-toggle-id=\"movement-section-details\">\n<li class=\"iwc-product-detail-item\" role=\"listitem\">69355 Messger\u00e4t<\/li>\n<li class=\"iwc-product-detail-item\" role=\"listitem\">Von IWC hergestelltes Uhrwerk<\/li>\n<li class=\"iwc-product-detail-item\" role=\"listitem\">Automatisches Laden<\/li>\n<li class=\"iwc-product-detail-item\" role=\"listitem\">46 Stunden Laufzeit<\/li>\n<li class=\"iwc-product-detail-item\" role=\"listitem\">Frequenz 28&#8217;800 VPH (4 Hz)<\/li>\n<li class=\"iwc-product-detail-item\" role=\"listitem\">212 Bestandteile<\/li>\n<li class=\"iwc-product-detail-item\" role=\"listitem\">27 Rubine<\/li>\n<li class=\"iwc-product-detail-item\" role=\"listitem\">C\u00f4tes de Gen\u00e8ve, Perlage<\/li>\n<\/ul>\n<\/div>\n<div class=\"iwc-section-detail\">\n<h3 class=\"iwc-product-information-narrow\"><a class=\"iwc-product-information-title\" role=\"button\" href=\"https:\/\/www.iwc.com\/it\/it\/watch-collections\/portugieser\/iw371620-portugieser-chronograph.html#case\" data-toggle=\"case-section-details\">Fall<\/a><\/h3>\n<ul class=\"iwc-product-information-details expanded\" role=\"list\" data-toggle-id=\"case-section-details\">\n<li class=\"iwc-product-detail-item\" role=\"listitem\">Stahlh\u00e4user<\/li>\n<li class=\"iwc-product-detail-item\" role=\"listitem\">Durchmesser 41,0 <span class=\"iwc-unit-small\"> mm <\/span> <\/li>\n<li class=\"iwc-product-detail-item\" role=\"listitem\">Dicke 13,0 <span class=\"iwc-unit-small\"> mm <\/span> <\/li>\n<li class=\"iwc-product-detail-item\" role=\"listitem\">R\u00fcckseite aus transparentem Saphirglas<\/li>\n<li class=\"iwc-product-detail-item\">Wasserdichtigkeit 3 bar<\/li>\n<\/ul>\n<\/div>\n","protected":false},"excerpt":{"rendered":"<p>IWC Portugieser Chronograph Ref. IW371620 FEATURES Chronographenfunktion f\u00fcr Minuten und Sekunden Saphirglas, konvex, beidseitig antireflektierend Kleine Sekunde mit Stoppvorrichtung Bewegung 69355 Messger\u00e4t Von IWC hergestelltes Uhrwerk Automatisches Laden 46 Stunden Laufzeit Frequenz 28&#8217;800 VPH (4 Hz) 212 Bestandteile 27 Rubine C\u00f4tes de Gen\u00e8ve, Perlage Fall Stahlh\u00e4user Durchmesser 41,0 mm Dicke 13,0 mm R\u00fcckseite aus transparentem [&hellip;]<\/p>\n","protected":false},"featured_media":150397,"template":"","meta":{"_crdt_document":"","advanced_seo_description":"","jetpack_seo_html_title":"","jetpack_seo_noindex":false,"jetpack_post_was_ever_published":false},"product_brand":[],"product_cat":[2234],"product_tag":[2885],"berocket_brand":[],"woo-feed-brand":[],"class_list":{"0":"post-80039","1":"product","2":"type-product","3":"status-publish","4":"has-post-thumbnail","6":"product_cat-iwc-de","7":"product_tag-portugiesisch","9":"first","10":"instock","11":"sale","12":"taxable","13":"shipping-taxable","14":"purchasable","15":"product-type-simple"},"bundled_by":[],"bundle_stock_status":"instock","bundle_stock_quantity":1,"bundle_virtual":false,"bundle_layout":"","bundle_add_to_cart_form_location":"","bundle_editable_in_cart":false,"bundle_sold_individually_context":"","bundle_item_grouping":"","bundle_min_size":"","bundle_max_size":"","bundle_price":[],"bundled_items":[],"bundle_sell_ids":[],"group_of_quantity":0,"min_quantity":0,"max_quantity":"","exclude_order_quantity_value_rules":"no","exclude_category_quantity_rules":"no","combine_variations":"no","exclude_global_add_ons":[],"addons":[],"jetpack_sharing_enabled":true,"jetpack_likes_enabled":true,"_links":{"self":[{"href":"https:\/\/watchdeluxe.it\/de\/wp-json\/wp\/v2\/product\/80039","targetHints":{"allow":["GET"]}}],"collection":[{"href":"https:\/\/watchdeluxe.it\/de\/wp-json\/wp\/v2\/product"}],"about":[{"href":"https:\/\/watchdeluxe.it\/de\/wp-json\/wp\/v2\/types\/product"}],"wp:featuredmedia":[{"embeddable":true,"href":"https:\/\/watchdeluxe.it\/de\/wp-json\/wp\/v2\/media\/150397"}],"wp:attachment":[{"href":"https:\/\/watchdeluxe.it\/de\/wp-json\/wp\/v2\/media?parent=80039"}],"wp:term":[{"taxonomy":"product_brand","embeddable":true,"href":"https:\/\/watchdeluxe.it\/de\/wp-json\/wp\/v2\/product_brand?post=80039"},{"taxonomy":"product_cat","embeddable":true,"href":"https:\/\/watchdeluxe.it\/de\/wp-json\/wp\/v2\/product_cat?post=80039"},{"taxonomy":"product_tag","embeddable":true,"href":"https:\/\/watchdeluxe.it\/de\/wp-json\/wp\/v2\/product_tag?post=80039"},{"taxonomy":"berocket_brand","embeddable":true,"href":"https:\/\/watchdeluxe.it\/de\/wp-json\/wp\/v2\/berocket_brand?post=80039"},{"taxonomy":"woo-feed-brand","embeddable":true,"href":"https:\/\/watchdeluxe.it\/de\/wp-json\/wp\/v2\/woo-feed-brand?post=80039"}],"curies":[{"name":"wp","href":"https:\/\/api.w.org\/{rel}","templated":true}]}}