{"id":80029,"date":"2023-07-18T10:36:01","date_gmt":"2023-07-18T08:36:01","guid":{"rendered":"https:\/\/watchdeluxe.it\/prodotto\/iwc-big-pilots-top-gun-43-mm-ref-iw329801\/"},"modified":"2026-04-01T11:20:00","modified_gmt":"2026-04-01T09:20:00","slug":"iwc-big-pilots-top-gun-43-mm-ref-iw329801","status":"publish","type":"product","link":"https:\/\/watchdeluxe.it\/de\/prodotto\/iwc-big-pilots-top-gun-43-mm-ref-iw329801\/","title":{"rendered":"IWC Big Pilot&#8217;s Top Gun 43 mm Ref. IW329801"},"content":{"rendered":"<p>IWC Big Pilot&#8217;s Top Gun 43 mm Ref. IW329801<\/p>\n<table class=\"data-table\">\n<tbody>\n<tr class=\"even\">\n<td class=\"spec-name\">Linie<\/td>\n<td class=\"spec-value\">PILOTEN<\/td>\n<\/tr>\n<tr class=\"odd\">\n<td class=\"spec-name\">Komplikation<\/td>\n<td class=\"spec-value\">NUR ZEIT<\/td>\n<\/tr>\n<tr class=\"even\">\n<td class=\"spec-name\">Uhrwerk<\/td>\n<td class=\"spec-value\">AUTOMATIK<\/td>\n<\/tr>\n<tr class=\"odd\">\n<td class=\"spec-name\">Form<\/td>\n<td class=\"spec-value\">RUND<\/td>\n<\/tr>\n<tr class=\"even\">\n<td class=\"spec-name\">Gr\u00f6\u00dfe<\/td>\n<td class=\"spec-value\">43 MM<\/td>\n<\/tr>\n<tr class=\"odd\">\n<td class=\"spec-name\">Material Geh\u00e4use<\/td>\n<td class=\"spec-value\">Titan und Keramik<\/td>\n<\/tr>\n<tr class=\"even\">\n<td class=\"spec-name\">Glas Typ<\/td>\n<td class=\"spec-value\">SAPPHIRE<\/td>\n<\/tr>\n<tr class=\"odd\">\n<td class=\"spec-name\">Zifferblatt<\/td>\n<td class=\"spec-value\">SCHWARZ<\/td>\n<\/tr>\n<tr class=\"even\">\n<td class=\"spec-name\">Riemen<\/td>\n<td class=\"spec-value\">STOFF<\/td>\n<\/tr>\n<tr class=\"odd\">\n<td class=\"spec-name\">Wasserdichtigkeit<\/td>\n<td class=\"spec-value\">100 M<\/td>\n<\/tr>\n<\/tbody>\n<\/table>\n","protected":false},"excerpt":{"rendered":"<p>IWC Big Pilot&#8217;s Top Gun 43 mm Ref. IW329801 Linie PILOTEN Komplikation NUR ZEIT Uhrwerk AUTOMATIK Form RUND Gr\u00f6\u00dfe 43 MM Material Geh\u00e4use Titan und Keramik Glas Typ SAPPHIRE Zifferblatt SCHWARZ Riemen STOFF Wasserdichtigkeit 100 M<\/p>\n","protected":false},"featured_media":80026,"template":"","meta":{"_crdt_document":"","advanced_seo_description":"","jetpack_seo_html_title":"","jetpack_seo_noindex":false},"product_brand":[],"product_cat":[2234],"product_tag":[2887],"berocket_brand":[],"woo-feed-brand":[],"class_list":{"0":"post-80029","1":"product","2":"type-product","3":"status-publish","4":"has-post-thumbnail","6":"product_cat-iwc-de","7":"product_tag-grose-pilotenschule","9":"first","10":"instock","11":"sale","12":"taxable","13":"shipping-taxable","14":"purchasable","15":"product-type-simple"},"bundled_by":[],"bundle_stock_status":"instock","bundle_stock_quantity":1,"bundle_virtual":false,"bundle_layout":"","bundle_add_to_cart_form_location":"","bundle_editable_in_cart":false,"bundle_sold_individually_context":"","bundle_item_grouping":"","bundle_min_size":"","bundle_max_size":"","bundle_price":[],"bundled_items":[],"bundle_sell_ids":[],"group_of_quantity":0,"min_quantity":0,"max_quantity":"","exclude_order_quantity_value_rules":"no","exclude_category_quantity_rules":"no","combine_variations":"no","jetpack_sharing_enabled":true,"jetpack_likes_enabled":true,"_links":{"self":[{"href":"https:\/\/watchdeluxe.it\/de\/wp-json\/wp\/v2\/product\/80029","targetHints":{"allow":["GET"]}}],"collection":[{"href":"https:\/\/watchdeluxe.it\/de\/wp-json\/wp\/v2\/product"}],"about":[{"href":"https:\/\/watchdeluxe.it\/de\/wp-json\/wp\/v2\/types\/product"}],"wp:featuredmedia":[{"embeddable":true,"href":"https:\/\/watchdeluxe.it\/de\/wp-json\/wp\/v2\/media\/80026"}],"wp:attachment":[{"href":"https:\/\/watchdeluxe.it\/de\/wp-json\/wp\/v2\/media?parent=80029"}],"wp:term":[{"taxonomy":"product_brand","embeddable":true,"href":"https:\/\/watchdeluxe.it\/de\/wp-json\/wp\/v2\/product_brand?post=80029"},{"taxonomy":"product_cat","embeddable":true,"href":"https:\/\/watchdeluxe.it\/de\/wp-json\/wp\/v2\/product_cat?post=80029"},{"taxonomy":"product_tag","embeddable":true,"href":"https:\/\/watchdeluxe.it\/de\/wp-json\/wp\/v2\/product_tag?post=80029"},{"taxonomy":"berocket_brand","embeddable":true,"href":"https:\/\/watchdeluxe.it\/de\/wp-json\/wp\/v2\/berocket_brand?post=80029"},{"taxonomy":"woo-feed-brand","embeddable":true,"href":"https:\/\/watchdeluxe.it\/de\/wp-json\/wp\/v2\/woo-feed-brand?post=80029"}],"curies":[{"name":"wp","href":"https:\/\/api.w.org\/{rel}","templated":true}]}}