{"id":79567,"date":"2025-09-22T16:38:58","date_gmt":"2025-09-22T14:38:58","guid":{"rendered":"https:\/\/watchdeluxe.it\/prodotto\/longines-dolcevita-ref-l52584716\/"},"modified":"2026-04-11T08:59:52","modified_gmt":"2026-04-11T06:59:52","slug":"longines-dolcevita-ref-l52584716","status":"publish","type":"product","link":"https:\/\/watchdeluxe.it\/de\/prodotto\/longines-dolcevita-ref-l52584716\/","title":{"rendered":"LONGINES DOLCEVITA REF. L52584716"},"content":{"rendered":"<p>LONGINES DOLCEVITA REF. L52584716<\/p>\n<p>CASH<\/p>\n<p>Rechteckige <strong>Form <\/strong><\/p>\n<div id=\"product-accordion-panel-0\" class=\"lg-product__accordion-panel active\" role=\"region\" aria-hidden=\"false\" aria-labelledby=\"product-accordion-title-0\">\n<div class=\"lg-product__accordion-content\">\n<div class=\"additional-attributes-wrapper\">\n<div><strong>Material <\/strong>Rostfreier Stahl<\/div>\n<div><strong>Glas <\/strong>Kratzfestes Saphirglas<\/div>\n<div><strong>Abmessungen <\/strong>17,70 X 27,00 mm<\/div>\n<div><strong>Abstand zwischen den Laschen <\/strong>13 mm<\/div>\n<div><strong>Dicke <\/strong>5,70 mm<\/div>\n<div><strong>Wasserdicht <\/strong>Wasserdicht bis zu 3 bar<\/div>\n<div><strong>Gewicht <\/strong>59,5 g<\/div>\n<div><\/div>\n<div>QUADRANT<\/div>\n<div>\n<div class=\"lg-product__accordion-item\"><\/div>\n<div id=\"product-accordion-panel-1\" class=\"lg-product__accordion-panel active\" style=\"height: auto;\" role=\"region\" aria-hidden=\"false\" aria-labelledby=\"product-accordion-title-1\">\n<div class=\"lg-product__accordion-content\">\n<div class=\"additional-attributes-wrapper\">\n<div><strong>Zifferblattfarbe <\/strong>Silber flinqu\u00e9<\/div>\n<div><strong>Stundenwende <\/strong>Gemalte r\u00f6mische Ziffern<\/div>\n<div><strong>Zeiger <\/strong>Gebl\u00e4uter Stahlzeiger<\/div>\n<div><\/div>\n<div>BEWEGUNG<\/div>\n<div>\n<div id=\"product-accordion-panel-2\" class=\"lg-product__accordion-panel active\" style=\"height: auto;\" role=\"region\" aria-hidden=\"false\" aria-labelledby=\"product-accordion-title-2\">\n<div class=\"lg-product__accordion-content\">\n<div class=\"additional-attributes-wrapper\">\n<div><strong>Uhrwerk Typ <\/strong>Quarz<\/div>\n<div><strong>Kaliber <\/strong>L963<\/div>\n<div>Stunden- und <strong>Minutenfunktion <\/strong><\/div>\n<div><strong>Exklusive Longines Manufaktur Kaliber <\/strong>Nr.<\/div>\n<div><\/div>\n<div>BELT<\/div>\n<div>\n<div id=\"product-accordion-panel-3\" class=\"lg-product__accordion-panel active\" style=\"height: auto;\" role=\"region\" aria-hidden=\"false\" aria-labelledby=\"product-accordion-title-3\">\n<div class=\"lg-product__accordion-content\">\n<div class=\"additional-attributes-wrapper\">\n<div><strong>Material <\/strong>Rostfreier Stahl<\/div>\n<div><strong>Schlie\u00dfe <\/strong>Mit dreifacher Sicherheitsfaltschlie\u00dfe und Push-Pull-\u00d6ffnungsmechanismus<\/div>\n<\/div>\n<\/div>\n<\/div>\n<\/div>\n<\/div>\n<\/div>\n<\/div>\n<\/div>\n<\/div>\n<\/div>\n<\/div>\n<\/div>\n<\/div>\n<\/div>\n<\/div>\n","protected":false},"excerpt":{"rendered":"<p>LONGINES DOLCEVITA REF. L52584716 CASH Rechteckige Form Material Rostfreier Stahl Glas Kratzfestes Saphirglas Abmessungen 17,70 X 27,00 mm Abstand zwischen den Laschen 13 mm Dicke 5,70 mm Wasserdicht Wasserdicht bis zu 3 bar Gewicht 59,5 g QUADRANT Zifferblattfarbe Silber flinqu\u00e9 Stundenwende Gemalte r\u00f6mische Ziffern Zeiger Gebl\u00e4uter Stahlzeiger BEWEGUNG Uhrwerk Typ Quarz Kaliber L963 Stunden- und [&hellip;]<\/p>\n","protected":false},"featured_media":172748,"template":"","meta":{"_crdt_document":"","advanced_seo_description":"","jetpack_seo_html_title":"","jetpack_seo_noindex":false},"product_brand":[],"product_cat":[2192],"product_tag":[3083],"berocket_brand":[],"woo-feed-brand":[],"class_list":{"0":"post-79567","1":"product","2":"type-product","3":"status-publish","4":"has-post-thumbnail","6":"product_cat-longines-de","7":"product_tag-rollkragenpullover","9":"first","10":"instock","11":"sale","12":"taxable","13":"shipping-taxable","14":"purchasable","15":"product-type-simple"},"bundled_by":[],"bundle_stock_status":"instock","bundle_stock_quantity":1,"bundle_virtual":false,"bundle_layout":"","bundle_add_to_cart_form_location":"","bundle_editable_in_cart":false,"bundle_sold_individually_context":"","bundle_item_grouping":"","bundle_min_size":"","bundle_max_size":"","bundle_price":[],"bundled_items":[],"bundle_sell_ids":[],"group_of_quantity":0,"min_quantity":0,"max_quantity":"","exclude_order_quantity_value_rules":"no","exclude_category_quantity_rules":"no","combine_variations":"no","exclude_global_add_ons":[],"addons":[],"jetpack_sharing_enabled":true,"jetpack_likes_enabled":true,"_links":{"self":[{"href":"https:\/\/watchdeluxe.it\/de\/wp-json\/wp\/v2\/product\/79567","targetHints":{"allow":["GET"]}}],"collection":[{"href":"https:\/\/watchdeluxe.it\/de\/wp-json\/wp\/v2\/product"}],"about":[{"href":"https:\/\/watchdeluxe.it\/de\/wp-json\/wp\/v2\/types\/product"}],"wp:featuredmedia":[{"embeddable":true,"href":"https:\/\/watchdeluxe.it\/de\/wp-json\/wp\/v2\/media\/172748"}],"wp:attachment":[{"href":"https:\/\/watchdeluxe.it\/de\/wp-json\/wp\/v2\/media?parent=79567"}],"wp:term":[{"taxonomy":"product_brand","embeddable":true,"href":"https:\/\/watchdeluxe.it\/de\/wp-json\/wp\/v2\/product_brand?post=79567"},{"taxonomy":"product_cat","embeddable":true,"href":"https:\/\/watchdeluxe.it\/de\/wp-json\/wp\/v2\/product_cat?post=79567"},{"taxonomy":"product_tag","embeddable":true,"href":"https:\/\/watchdeluxe.it\/de\/wp-json\/wp\/v2\/product_tag?post=79567"},{"taxonomy":"berocket_brand","embeddable":true,"href":"https:\/\/watchdeluxe.it\/de\/wp-json\/wp\/v2\/berocket_brand?post=79567"},{"taxonomy":"woo-feed-brand","embeddable":true,"href":"https:\/\/watchdeluxe.it\/de\/wp-json\/wp\/v2\/woo-feed-brand?post=79567"}],"curies":[{"name":"wp","href":"https:\/\/api.w.org\/{rel}","templated":true}]}}