{"id":79520,"date":"2025-10-24T10:17:30","date_gmt":"2025-10-24T08:17:30","guid":{"rendered":"https:\/\/watchdeluxe.it\/prodotto\/nomos-tangente-neomatik-39-ref-140\/"},"modified":"2026-04-09T09:27:25","modified_gmt":"2026-04-09T07:27:25","slug":"nomos-tangente-neomatik-39-ref-140","status":"publish","type":"product","link":"https:\/\/watchdeluxe.it\/de\/prodotto\/nomos-tangente-neomatik-39-ref-140\/","title":{"rendered":"Nomos Tangente neomatik 39 ref. 140"},"content":{"rendered":"<p>Nomos Tangente neomatik 39 ref. 140<\/p>\n<div class=\"specs-list\">\n<dl>\n<dt>Geh\u00e4use<\/dt>\n<dd>Edelstahl<br \/>\nSichtboden aus Saphirglas<\/dd>\n<\/dl>\n<dl>\n<dt>Glas<\/dt>\n<dd>Saphirglas, innen entspiegelt<\/dd>\n<\/dl>\n<dl>\n<dt>Aufzug<\/dt>\n<dd>Automatik<\/dd>\n<\/dl>\n<dl>\n<dt>Ma\u00dfe<\/dt>\n<dd>Durchmesser <span class=\"size-property\"> 38,5 mm <\/span><br \/>\nH\u00f6he <span class=\"size-property\"> 7,2 mm <\/span><br \/>\nHorn-zu-Horn-Ma\u00df <span class=\"size-property\"> 47,3 mm <\/span><\/dd>\n<\/dl>\n<dl>\n<dt>Wasserdichtigkeit<\/dt>\n<dd>5 atm (zum Duschen geeignet)<\/dd>\n<\/dl>\n<\/div>\n<div class=\"specs-list\">\n<dl>\n<dt>Zifferblatt<\/dt>\n<dd>galvanisiert, wei\u00df versilbert<\/dd>\n<\/dl>\n<dl>\n<dt>Zeiger<\/dt>\n<dd>temperaturgebl\u00e4ut<\/dd>\n<\/dl>\n<dl>\n<dt>Armband<\/dt>\n<dd>Horween Genuine Shell Cordovan schwarz, rembordiert<br \/>\n<span class=\"size-property\"> Ansto\u00dfbreite 19 mm <\/span><\/dd>\n<\/dl>\n<dl>\n<dt>Schlie\u00dfe<\/dt>\n<dd>Dornschlie\u00dfe, eckig, Edelstahl<\/dd>\n<\/dl>\n<\/div>\n","protected":false},"excerpt":{"rendered":"<p>Nomos Tangente neomatik 39 ref. 140 Geh\u00e4use Edelstahl Sichtboden aus Saphirglas Glas Saphirglas, innen entspiegelt Aufzug Automatik Ma\u00dfe Durchmesser 38,5 mm H\u00f6he 7,2 mm Horn-zu-Horn-Ma\u00df 47,3 mm Wasserdichtigkeit 5 atm (zum Duschen geeignet) Zifferblatt galvanisiert, wei\u00df versilbert Zeiger temperaturgebl\u00e4ut Armband Horween Genuine Shell Cordovan schwarz, rembordiert Ansto\u00dfbreite 19 mm Schlie\u00dfe Dornschlie\u00dfe, eckig, Edelstahl<\/p>\n","protected":false},"featured_media":160927,"template":"","meta":{"_crdt_document":"","advanced_seo_description":"","jetpack_seo_html_title":"","jetpack_seo_noindex":false,"jetpack_post_was_ever_published":true},"product_brand":[],"product_cat":[1919],"product_tag":[3740],"berocket_brand":[],"woo-feed-brand":[],"class_list":{"0":"post-79520","1":"product","2":"type-product","3":"status-publish","4":"has-post-thumbnail","6":"product_cat-nomos-glashutte","7":"product_tag-tangente-2","9":"first","10":"instock","11":"sale","12":"taxable","13":"shipping-taxable","14":"purchasable","15":"product-type-simple"},"bundled_by":[],"bundle_stock_status":"instock","bundle_stock_quantity":1,"bundle_virtual":false,"bundle_layout":"","bundle_add_to_cart_form_location":"","bundle_editable_in_cart":false,"bundle_sold_individually_context":"","bundle_item_grouping":"","bundle_min_size":"","bundle_max_size":"","bundle_price":[],"bundled_items":[],"bundle_sell_ids":[],"group_of_quantity":0,"min_quantity":0,"max_quantity":"","exclude_order_quantity_value_rules":"no","exclude_category_quantity_rules":"no","combine_variations":"no","exclude_global_add_ons":[],"addons":[],"jetpack_sharing_enabled":true,"jetpack_likes_enabled":true,"_links":{"self":[{"href":"https:\/\/watchdeluxe.it\/de\/wp-json\/wp\/v2\/product\/79520","targetHints":{"allow":["GET"]}}],"collection":[{"href":"https:\/\/watchdeluxe.it\/de\/wp-json\/wp\/v2\/product"}],"about":[{"href":"https:\/\/watchdeluxe.it\/de\/wp-json\/wp\/v2\/types\/product"}],"wp:featuredmedia":[{"embeddable":true,"href":"https:\/\/watchdeluxe.it\/de\/wp-json\/wp\/v2\/media\/160927"}],"wp:attachment":[{"href":"https:\/\/watchdeluxe.it\/de\/wp-json\/wp\/v2\/media?parent=79520"}],"wp:term":[{"taxonomy":"product_brand","embeddable":true,"href":"https:\/\/watchdeluxe.it\/de\/wp-json\/wp\/v2\/product_brand?post=79520"},{"taxonomy":"product_cat","embeddable":true,"href":"https:\/\/watchdeluxe.it\/de\/wp-json\/wp\/v2\/product_cat?post=79520"},{"taxonomy":"product_tag","embeddable":true,"href":"https:\/\/watchdeluxe.it\/de\/wp-json\/wp\/v2\/product_tag?post=79520"},{"taxonomy":"berocket_brand","embeddable":true,"href":"https:\/\/watchdeluxe.it\/de\/wp-json\/wp\/v2\/berocket_brand?post=79520"},{"taxonomy":"woo-feed-brand","embeddable":true,"href":"https:\/\/watchdeluxe.it\/de\/wp-json\/wp\/v2\/woo-feed-brand?post=79520"}],"curies":[{"name":"wp","href":"https:\/\/api.w.org\/{rel}","templated":true}]}}