{"id":79131,"date":"2023-03-17T15:30:39","date_gmt":"2023-03-17T14:30:39","guid":{"rendered":"https:\/\/watchdeluxe.it\/prodotto\/hublot-big-bang-sang-bleu-ii-titan-blau-pave-45-mm-ref-418-nx-5107-rx-1604-mxm20\/"},"modified":"2026-04-30T16:29:41","modified_gmt":"2026-04-30T14:29:41","slug":"hublot-big-bang-sang-bleu-ii-titanium-blue-pave-45-mm-ref-418-nx-5107-rx-1604-mxm20","status":"publish","type":"product","link":"https:\/\/watchdeluxe.it\/de\/prodotto\/hublot-big-bang-sang-bleu-ii-titanium-blue-pave-45-mm-ref-418-nx-5107-rx-1604-mxm20\/","title":{"rendered":"Hublot Big Bang Sang Bleu Ii Titan Blau Pav\u00e9 45 Mm Ref. 418.Nx.5107.Rx.1604.Mxm20"},"content":{"rendered":"<p>Hublot Big Bang Sang Bleu Ii Titan Blau Pav\u00e9 45 Mm Ref. 418.Nx.5107.Rx.1604.Mxm20<\/p>\n<table class=\"data-table\">\n<tbody>\n<tr class=\"odd\">\n<td class=\"spec-name\">Marke<\/td>\n<td class=\"spec-value\">Hublot<\/td>\n<\/tr>\n<tr class=\"even\">\n<td class=\"spec-name\">Leitung<\/td>\n<td class=\"spec-value\">GROSSER KNALL<\/td>\n<\/tr>\n<tr class=\"odd\">\n<td class=\"spec-name\">Modell<\/td>\n<td class=\"spec-value\">BIG BANG SANG BLEU<\/td>\n<\/tr>\n<tr class=\"even\">\n<td class=\"spec-name\">Komplikation<\/td>\n<td class=\"spec-value\">NUR ZEIT<\/td>\n<\/tr>\n<tr class=\"odd\">\n<td class=\"spec-name\">Bewegung<\/td>\n<td class=\"spec-value\">AUTOMATIK<\/td>\n<\/tr>\n<tr class=\"even\">\n<td class=\"spec-name\">Dater<\/td>\n<td class=\"spec-value\">DATEN<\/td>\n<\/tr>\n<tr class=\"odd\">\n<td class=\"spec-name\">Formular<\/td>\n<td class=\"spec-value\">RUND<\/td>\n<\/tr>\n<tr class=\"even\">\n<td class=\"spec-name\">Gr\u00f6\u00dfe<\/td>\n<td class=\"spec-value\">45 MM<\/td>\n<\/tr>\n<tr class=\"odd\">\n<td class=\"spec-name\">Geh\u00e4use Material<\/td>\n<td class=\"spec-value\">Titan und Diamanten<\/td>\n<\/tr>\n<tr class=\"even\">\n<td class=\"spec-name\">W\u00e4hlen Sie<\/td>\n<td class=\"spec-value\">SCHELETRATE<\/td>\n<\/tr>\n<tr class=\"odd\">\n<td class=\"spec-name\">Wasserdicht<\/td>\n<td class=\"spec-value\">100 M<\/td>\n<\/tr>\n<\/tbody>\n<\/table>\n","protected":false},"excerpt":{"rendered":"<p>Hublot Big Bang Sang Bleu Ii Titan Blau Pav\u00e9 45 Mm Ref. 418.Nx.5107.Rx.1604.Mxm20 Marke Hublot Leitung GROSSER KNALL Modell BIG BANG SANG BLEU Komplikation NUR ZEIT Bewegung AUTOMATIK Dater DATEN Formular RUND Gr\u00f6\u00dfe 45 MM Geh\u00e4use Material Titan und Diamanten W\u00e4hlen Sie SCHELETRATE Wasserdicht 100 M<\/p>\n","protected":false},"featured_media":181524,"template":"","meta":{"_crdt_document":"","advanced_seo_description":"","jetpack_seo_html_title":"","jetpack_seo_noindex":false},"product_brand":[],"product_cat":[2222],"product_tag":[2508],"berocket_brand":[],"woo-feed-brand":[],"class_list":{"0":"post-79131","1":"product","2":"type-product","3":"status-publish","4":"has-post-thumbnail","6":"product_cat-hublot-de","7":"product_tag-urknall","9":"first","10":"instock","11":"sale","12":"taxable","13":"shipping-taxable","14":"purchasable","15":"product-type-simple"},"bundled_by":[],"bundle_stock_status":"instock","bundle_stock_quantity":1,"bundle_virtual":false,"bundle_layout":"","bundle_add_to_cart_form_location":"","bundle_editable_in_cart":false,"bundle_sold_individually_context":"","bundle_item_grouping":"","bundle_min_size":"","bundle_max_size":"","bundle_price":[],"bundled_items":[],"bundle_sell_ids":[],"group_of_quantity":0,"min_quantity":0,"max_quantity":"","exclude_order_quantity_value_rules":"no","exclude_category_quantity_rules":"no","combine_variations":"no","jetpack_sharing_enabled":true,"jetpack_likes_enabled":true,"_links":{"self":[{"href":"https:\/\/watchdeluxe.it\/de\/wp-json\/wp\/v2\/product\/79131","targetHints":{"allow":["GET"]}}],"collection":[{"href":"https:\/\/watchdeluxe.it\/de\/wp-json\/wp\/v2\/product"}],"about":[{"href":"https:\/\/watchdeluxe.it\/de\/wp-json\/wp\/v2\/types\/product"}],"wp:featuredmedia":[{"embeddable":true,"href":"https:\/\/watchdeluxe.it\/de\/wp-json\/wp\/v2\/media\/181524"}],"wp:attachment":[{"href":"https:\/\/watchdeluxe.it\/de\/wp-json\/wp\/v2\/media?parent=79131"}],"wp:term":[{"taxonomy":"product_brand","embeddable":true,"href":"https:\/\/watchdeluxe.it\/de\/wp-json\/wp\/v2\/product_brand?post=79131"},{"taxonomy":"product_cat","embeddable":true,"href":"https:\/\/watchdeluxe.it\/de\/wp-json\/wp\/v2\/product_cat?post=79131"},{"taxonomy":"product_tag","embeddable":true,"href":"https:\/\/watchdeluxe.it\/de\/wp-json\/wp\/v2\/product_tag?post=79131"},{"taxonomy":"berocket_brand","embeddable":true,"href":"https:\/\/watchdeluxe.it\/de\/wp-json\/wp\/v2\/berocket_brand?post=79131"},{"taxonomy":"woo-feed-brand","embeddable":true,"href":"https:\/\/watchdeluxe.it\/de\/wp-json\/wp\/v2\/woo-feed-brand?post=79131"}],"curies":[{"name":"wp","href":"https:\/\/api.w.org\/{rel}","templated":true}]}}