{"id":79124,"date":"2025-03-12T16:00:13","date_gmt":"2025-03-12T15:00:13","guid":{"rendered":"https:\/\/watchdeluxe.it\/prodotto\/hublot-big-bang-meca-10-titan-45-mm-ref-414-ni-1123-rx\/"},"modified":"2026-04-13T12:14:27","modified_gmt":"2026-04-13T10:14:27","slug":"hublot-big-bang-meca-10-titanium-45-mm-ref-414-ni-1123-rx","status":"publish","type":"product","link":"https:\/\/watchdeluxe.it\/de\/prodotto\/hublot-big-bang-meca-10-titanium-45-mm-ref-414-ni-1123-rx\/","title":{"rendered":"Hublot Big Bang Meca-10 Titan 45 Mm Ref. 414.Ni.1123.Rx"},"content":{"rendered":"<p>Hublot Big Bang Meca-10 Titan 45 Mm Ref. 414.Ni.1123.Rx<\/p>\n<table class=\"data-table\">\n<tbody>\n<tr class=\"odd\">\n<td class=\"spec-name\">Marke<\/td>\n<td class=\"spec-value\">Hublot<\/td>\n<\/tr>\n<tr class=\"even\">\n<td class=\"spec-name\">Leitung<\/td>\n<td class=\"spec-value\">GROSSER KNALL<\/td>\n<\/tr>\n<tr class=\"odd\">\n<td class=\"spec-name\">Modell<\/td>\n<td class=\"spec-value\">GROSSER KNALL MECA-10<\/td>\n<\/tr>\n<tr class=\"even\">\n<td class=\"spec-name\">Komplikation<\/td>\n<td class=\"spec-value\">10 TAGE GANGRESERVE<\/td>\n<\/tr>\n<tr class=\"odd\">\n<td class=\"spec-name\">Bewegung<\/td>\n<td class=\"spec-value\">HAND-WOUND<\/td>\n<\/tr>\n<tr class=\"even\">\n<td class=\"spec-name\">Formular<\/td>\n<td class=\"spec-value\">RUND<\/td>\n<\/tr>\n<tr class=\"odd\">\n<td class=\"spec-name\">Gr\u00f6\u00dfe<\/td>\n<td class=\"spec-value\">45 MM<\/td>\n<\/tr>\n<tr class=\"even\">\n<td class=\"spec-name\">Geh\u00e4use Material<\/td>\n<td class=\"spec-value\">Titan<\/td>\n<\/tr>\n<tr class=\"odd\">\n<td class=\"spec-name\">W\u00e4hlen Sie<\/td>\n<td class=\"spec-value\">SCHELETRATE<\/td>\n<\/tr>\n<tr class=\"even\">\n<td class=\"spec-name\">Wasserdicht<\/td>\n<td class=\"spec-value\">100 M<\/td>\n<\/tr>\n<\/tbody>\n<\/table>\n","protected":false},"excerpt":{"rendered":"<p>Hublot Big Bang Meca-10 Titan 45 Mm Ref. 414.Ni.1123.Rx Marke Hublot Leitung GROSSER KNALL Modell GROSSER KNALL MECA-10 Komplikation 10 TAGE GANGRESERVE Bewegung HAND-WOUND Formular RUND Gr\u00f6\u00dfe 45 MM Geh\u00e4use Material Titan W\u00e4hlen Sie SCHELETRATE Wasserdicht 100 M<\/p>\n","protected":false},"featured_media":176067,"template":"","meta":{"_crdt_document":"","advanced_seo_description":"","jetpack_seo_html_title":"","jetpack_seo_noindex":false},"product_brand":[],"product_cat":[1917],"product_tag":[],"berocket_brand":[],"woo-feed-brand":[],"class_list":{"0":"post-79124","1":"product","2":"type-product","3":"status-publish","4":"has-post-thumbnail","6":"product_cat-hublot","8":"first","9":"instock","10":"taxable","11":"shipping-taxable","12":"purchasable","13":"product-type-simple"},"bundled_by":[],"bundle_stock_status":"instock","bundle_stock_quantity":1,"bundle_virtual":false,"bundle_layout":"","bundle_add_to_cart_form_location":"","bundle_editable_in_cart":false,"bundle_sold_individually_context":"","bundle_item_grouping":"","bundle_min_size":"","bundle_max_size":"","bundle_price":[],"bundled_items":[],"bundle_sell_ids":[],"group_of_quantity":0,"min_quantity":0,"max_quantity":"","exclude_order_quantity_value_rules":"no","exclude_category_quantity_rules":"no","combine_variations":"no","jetpack_sharing_enabled":true,"jetpack_likes_enabled":true,"_links":{"self":[{"href":"https:\/\/watchdeluxe.it\/de\/wp-json\/wp\/v2\/product\/79124","targetHints":{"allow":["GET"]}}],"collection":[{"href":"https:\/\/watchdeluxe.it\/de\/wp-json\/wp\/v2\/product"}],"about":[{"href":"https:\/\/watchdeluxe.it\/de\/wp-json\/wp\/v2\/types\/product"}],"wp:featuredmedia":[{"embeddable":true,"href":"https:\/\/watchdeluxe.it\/de\/wp-json\/wp\/v2\/media\/176067"}],"wp:attachment":[{"href":"https:\/\/watchdeluxe.it\/de\/wp-json\/wp\/v2\/media?parent=79124"}],"wp:term":[{"taxonomy":"product_brand","embeddable":true,"href":"https:\/\/watchdeluxe.it\/de\/wp-json\/wp\/v2\/product_brand?post=79124"},{"taxonomy":"product_cat","embeddable":true,"href":"https:\/\/watchdeluxe.it\/de\/wp-json\/wp\/v2\/product_cat?post=79124"},{"taxonomy":"product_tag","embeddable":true,"href":"https:\/\/watchdeluxe.it\/de\/wp-json\/wp\/v2\/product_tag?post=79124"},{"taxonomy":"berocket_brand","embeddable":true,"href":"https:\/\/watchdeluxe.it\/de\/wp-json\/wp\/v2\/berocket_brand?post=79124"},{"taxonomy":"woo-feed-brand","embeddable":true,"href":"https:\/\/watchdeluxe.it\/de\/wp-json\/wp\/v2\/woo-feed-brand?post=79124"}],"curies":[{"name":"wp","href":"https:\/\/api.w.org\/{rel}","templated":true}]}}