{"id":78975,"date":"2023-03-17T14:35:25","date_gmt":"2023-03-17T13:35:25","guid":{"rendered":"https:\/\/watchdeluxe.it\/prodotto\/hublot-spirit-of-big-bang-black-magic-diamanten-39-mm-ref-665-cx-1170-lr-1204\/"},"modified":"2026-04-30T16:30:09","modified_gmt":"2026-04-30T14:30:09","slug":"hublot-spirit-of-big-bang-black-magic-diamonds-39-mm-ref-665-cx-1170-lr-1204","status":"publish","type":"product","link":"https:\/\/watchdeluxe.it\/de\/prodotto\/hublot-spirit-of-big-bang-black-magic-diamonds-39-mm-ref-665-cx-1170-lr-1204\/","title":{"rendered":"Hublot Spirit Of Big Bang Black Magic Diamanten 39 Mm Ref. 665.CX.1170.LR.1204"},"content":{"rendered":"<p>Hublot Spirit Of Big Bang Black Magic Diamanten 39 Mm Ref. 665.CX.1170.LR.1204<\/p>\n<table class=\"data-table\">\n<tbody>\n<tr class=\"odd\">\n<td class=\"spec-name\">Marke<\/td>\n<td class=\"spec-value\">Hublot<\/td>\n<\/tr>\n<tr class=\"even\">\n<td class=\"spec-name\">Leitung<\/td>\n<td class=\"spec-value\">GEIST DES URKNALLS<\/td>\n<\/tr>\n<tr class=\"odd\">\n<td class=\"spec-name\">Komplikation<\/td>\n<td class=\"spec-value\">NUR ZEIT<\/td>\n<\/tr>\n<tr class=\"even\">\n<td class=\"spec-name\">Bewegung<\/td>\n<td class=\"spec-value\">AUTOMATIK<\/td>\n<\/tr>\n<tr class=\"odd\">\n<td class=\"spec-name\">Formular<\/td>\n<td class=\"spec-value\">SHAPE<\/td>\n<\/tr>\n<tr class=\"even\">\n<td class=\"spec-name\">Gr\u00f6\u00dfe<\/td>\n<td class=\"spec-value\">39 MM<\/td>\n<\/tr>\n<tr class=\"odd\">\n<td class=\"spec-name\">Geh\u00e4use Material<\/td>\n<td class=\"spec-value\">SCHWARZE KERAMIK MIT DIAMANTEN<\/td>\n<\/tr>\n<tr class=\"even\">\n<td class=\"spec-name\">W\u00e4hlen Sie<\/td>\n<td class=\"spec-value\">SCHWARZ<\/td>\n<\/tr>\n<tr class=\"odd\">\n<td class=\"spec-name\">Riemen<\/td>\n<td class=\"spec-value\">ALLIGATOR UND GUMMI<\/td>\n<\/tr>\n<tr class=\"even\">\n<td class=\"spec-name\">Wasserdicht<\/td>\n<td class=\"spec-value\">100 M<\/td>\n<\/tr>\n<\/tbody>\n<\/table>\n","protected":false},"excerpt":{"rendered":"<p>Hublot Spirit Of Big Bang Black Magic Diamanten 39 Mm Ref. 665.CX.1170.LR.1204 Marke Hublot Leitung GEIST DES URKNALLS Komplikation NUR ZEIT Bewegung AUTOMATIK Formular SHAPE Gr\u00f6\u00dfe 39 MM Geh\u00e4use Material SCHWARZE KERAMIK MIT DIAMANTEN W\u00e4hlen Sie SCHWARZ Riemen ALLIGATOR UND GUMMI Wasserdicht 100 M<\/p>\n","protected":false},"featured_media":181550,"template":"","meta":{"_crdt_document":"","advanced_seo_description":"","jetpack_seo_html_title":"","jetpack_seo_noindex":false},"product_brand":[],"product_cat":[2222],"product_tag":[2508],"berocket_brand":[],"woo-feed-brand":[],"class_list":{"0":"post-78975","1":"product","2":"type-product","3":"status-publish","4":"has-post-thumbnail","6":"product_cat-hublot-de","7":"product_tag-urknall","9":"first","10":"instock","11":"sale","12":"taxable","13":"shipping-taxable","14":"purchasable","15":"product-type-simple"},"bundled_by":[],"bundle_stock_status":"instock","bundle_stock_quantity":1,"bundle_virtual":false,"bundle_layout":"","bundle_add_to_cart_form_location":"","bundle_editable_in_cart":false,"bundle_sold_individually_context":"","bundle_item_grouping":"","bundle_min_size":"","bundle_max_size":"","bundle_price":[],"bundled_items":[],"bundle_sell_ids":[],"group_of_quantity":0,"min_quantity":0,"max_quantity":"","exclude_order_quantity_value_rules":"no","exclude_category_quantity_rules":"no","combine_variations":"no","jetpack_sharing_enabled":true,"jetpack_likes_enabled":true,"_links":{"self":[{"href":"https:\/\/watchdeluxe.it\/de\/wp-json\/wp\/v2\/product\/78975","targetHints":{"allow":["GET"]}}],"collection":[{"href":"https:\/\/watchdeluxe.it\/de\/wp-json\/wp\/v2\/product"}],"about":[{"href":"https:\/\/watchdeluxe.it\/de\/wp-json\/wp\/v2\/types\/product"}],"wp:featuredmedia":[{"embeddable":true,"href":"https:\/\/watchdeluxe.it\/de\/wp-json\/wp\/v2\/media\/181550"}],"wp:attachment":[{"href":"https:\/\/watchdeluxe.it\/de\/wp-json\/wp\/v2\/media?parent=78975"}],"wp:term":[{"taxonomy":"product_brand","embeddable":true,"href":"https:\/\/watchdeluxe.it\/de\/wp-json\/wp\/v2\/product_brand?post=78975"},{"taxonomy":"product_cat","embeddable":true,"href":"https:\/\/watchdeluxe.it\/de\/wp-json\/wp\/v2\/product_cat?post=78975"},{"taxonomy":"product_tag","embeddable":true,"href":"https:\/\/watchdeluxe.it\/de\/wp-json\/wp\/v2\/product_tag?post=78975"},{"taxonomy":"berocket_brand","embeddable":true,"href":"https:\/\/watchdeluxe.it\/de\/wp-json\/wp\/v2\/berocket_brand?post=78975"},{"taxonomy":"woo-feed-brand","embeddable":true,"href":"https:\/\/watchdeluxe.it\/de\/wp-json\/wp\/v2\/woo-feed-brand?post=78975"}],"curies":[{"name":"wp","href":"https:\/\/api.w.org\/{rel}","templated":true}]}}