{"id":78973,"date":"2023-03-17T14:35:25","date_gmt":"2023-03-17T13:35:25","guid":{"rendered":"https:\/\/watchdeluxe.it\/prodotto\/hublot-classic-fusion-titanium-king-gold-45-mm-ref-511-nr-1181-lr\/"},"modified":"2026-04-13T12:16:10","modified_gmt":"2026-04-13T10:16:10","slug":"hublot-classic-fusion-titanium-king-gold-45-mm-ref-511-no-1181-lr","status":"publish","type":"product","link":"https:\/\/watchdeluxe.it\/de\/prodotto\/hublot-classic-fusion-titanium-king-gold-45-mm-ref-511-no-1181-lr\/","title":{"rendered":"Hublot Classic Fusion Titanium King Gold 45 Mm Ref. 511.Nr.1181.Lr"},"content":{"rendered":"<p>Hublot Classic Fusion Titanium King Gold 45 Mm Ref. 511.Nr.1181.Lr<\/p>\n<table class=\"data-table\">\n<tbody>\n<tr class=\"odd\">\n<td class=\"spec-name\">Marke<\/td>\n<td class=\"spec-value\">Hublot<\/td>\n<\/tr>\n<tr class=\"even\">\n<td class=\"spec-name\">Linie<\/td>\n<td class=\"spec-value\">CLASSIC FUSION<\/td>\n<\/tr>\n<tr class=\"odd\">\n<td class=\"spec-name\">Komplikation<\/td>\n<td class=\"spec-value\">NUR ZEIT<\/td>\n<\/tr>\n<tr class=\"even\">\n<td class=\"spec-name\">Uhrwerk<\/td>\n<td class=\"spec-value\">AUTOMATIK<\/td>\n<\/tr>\n<tr class=\"odd\">\n<td class=\"spec-name\">Dater<\/td>\n<td class=\"spec-value\">DATE<\/td>\n<\/tr>\n<tr class=\"even\">\n<td class=\"spec-name\">Form<\/td>\n<td class=\"spec-value\">RUND<\/td>\n<\/tr>\n<tr class=\"odd\">\n<td class=\"spec-name\">Gr\u00f6\u00dfe<\/td>\n<td class=\"spec-value\">45 MM<\/td>\n<\/tr>\n<tr class=\"even\">\n<td class=\"spec-name\">Geh\u00e4usematerial<\/td>\n<td class=\"spec-value\">TITAN UND ROS\u00c9GOLD<\/td>\n<\/tr>\n<tr class=\"odd\">\n<td class=\"spec-name\">Zifferblatt<\/td>\n<td class=\"spec-value\">SCHWARZ<\/td>\n<\/tr>\n<tr class=\"even\">\n<td class=\"spec-name\">Armband<\/td>\n<td class=\"spec-value\">ALLIGATOR UND KAUTSCHUK<\/td>\n<\/tr>\n<tr class=\"odd\">\n<td class=\"spec-name\">Wasserdichtigkeit<\/td>\n<td class=\"spec-value\">50 M<\/td>\n<\/tr>\n<\/tbody>\n<\/table>\n","protected":false},"excerpt":{"rendered":"<p>Hublot Classic Fusion Titanium King Gold 45 Mm Ref. 511.Nr.1181.Lr Marke Hublot Linie CLASSIC FUSION Komplikation NUR ZEIT Uhrwerk AUTOMATIK Dater DATE Form RUND Gr\u00f6\u00dfe 45 MM Geh\u00e4usematerial TITAN UND ROS\u00c9GOLD Zifferblatt SCHWARZ Armband ALLIGATOR UND KAUTSCHUK Wasserdichtigkeit 50 M<\/p>\n","protected":false},"featured_media":142487,"template":"","meta":{"_crdt_document":"","advanced_seo_description":"","jetpack_seo_html_title":"","jetpack_seo_noindex":false},"product_brand":[2149],"product_cat":[2222],"product_tag":[2224],"berocket_brand":[],"woo-feed-brand":[],"class_list":{"0":"post-78973","1":"product","2":"type-product","3":"status-publish","4":"has-post-thumbnail","6":"product_brand-hublot","7":"product_cat-hublot-de","8":"product_tag-klassische-fusion","10":"first","11":"instock","12":"sale","13":"taxable","14":"shipping-taxable","15":"purchasable","16":"product-type-simple"},"bundled_by":[],"bundle_stock_status":"instock","bundle_stock_quantity":1,"bundle_virtual":false,"bundle_layout":"","bundle_add_to_cart_form_location":"","bundle_editable_in_cart":false,"bundle_sold_individually_context":"","bundle_item_grouping":"","bundle_min_size":"","bundle_max_size":"","bundle_price":[],"bundled_items":[],"bundle_sell_ids":[],"group_of_quantity":0,"min_quantity":0,"max_quantity":"","exclude_order_quantity_value_rules":"no","exclude_category_quantity_rules":"no","combine_variations":"no","exclude_global_add_ons":[],"addons":[],"jetpack_sharing_enabled":true,"jetpack_likes_enabled":true,"_links":{"self":[{"href":"https:\/\/watchdeluxe.it\/de\/wp-json\/wp\/v2\/product\/78973","targetHints":{"allow":["GET"]}}],"collection":[{"href":"https:\/\/watchdeluxe.it\/de\/wp-json\/wp\/v2\/product"}],"about":[{"href":"https:\/\/watchdeluxe.it\/de\/wp-json\/wp\/v2\/types\/product"}],"wp:featuredmedia":[{"embeddable":true,"href":"https:\/\/watchdeluxe.it\/de\/wp-json\/wp\/v2\/media\/142487"}],"wp:attachment":[{"href":"https:\/\/watchdeluxe.it\/de\/wp-json\/wp\/v2\/media?parent=78973"}],"wp:term":[{"taxonomy":"product_brand","embeddable":true,"href":"https:\/\/watchdeluxe.it\/de\/wp-json\/wp\/v2\/product_brand?post=78973"},{"taxonomy":"product_cat","embeddable":true,"href":"https:\/\/watchdeluxe.it\/de\/wp-json\/wp\/v2\/product_cat?post=78973"},{"taxonomy":"product_tag","embeddable":true,"href":"https:\/\/watchdeluxe.it\/de\/wp-json\/wp\/v2\/product_tag?post=78973"},{"taxonomy":"berocket_brand","embeddable":true,"href":"https:\/\/watchdeluxe.it\/de\/wp-json\/wp\/v2\/berocket_brand?post=78973"},{"taxonomy":"woo-feed-brand","embeddable":true,"href":"https:\/\/watchdeluxe.it\/de\/wp-json\/wp\/v2\/woo-feed-brand?post=78973"}],"curies":[{"name":"wp","href":"https:\/\/api.w.org\/{rel}","templated":true}]}}