{"id":78907,"date":"2023-03-17T14:32:41","date_gmt":"2023-03-17T13:32:41","guid":{"rendered":"https:\/\/watchdeluxe.it\/prodotto\/hublot-classic-fusion-titan-42-mm-ref-542-nx-1171-lr\/"},"modified":"2026-04-13T12:16:46","modified_gmt":"2026-04-13T10:16:46","slug":"hublot-classic-fusion-titanium-42-mm-ref-542-nx-1171-lr","status":"publish","type":"product","link":"https:\/\/watchdeluxe.it\/de\/prodotto\/hublot-classic-fusion-titanium-42-mm-ref-542-nx-1171-lr\/","title":{"rendered":"HUBLOT CLASSIC FUSION Titan 42 MM REF. 542.NX.1171.LR"},"content":{"rendered":"<table class=\"data-table\" width=\"163\" data-mce-fragment=\"1\">\n<tbody data-mce-fragment=\"1\">\n<tr class=\"odd\" data-mce-fragment=\"1\">\n<td class=\"spec-name\" style=\"width: 201.517px;\" data-mce-fragment=\"1\">Marke<\/td>\n<td class=\"spec-value\" style=\"width: 333.483px;\" data-mce-fragment=\"1\">Hublot<\/td>\n<\/tr>\n<tr class=\"even\" data-mce-fragment=\"1\">\n<td class=\"spec-name\" style=\"width: 201.517px;\" data-mce-fragment=\"1\">Leitung<\/td>\n<td class=\"spec-value\" style=\"width: 333.483px;\" data-mce-fragment=\"1\">CLASSIC FUSION<\/td>\n<\/tr>\n<tr class=\"odd\" data-mce-fragment=\"1\">\n<td class=\"spec-name\" style=\"width: 201.517px;\" data-mce-fragment=\"1\">Modell<\/td>\n<td class=\"spec-value\" style=\"width: 333.483px;\" data-mce-fragment=\"1\">CLASSIC FUSION<\/td>\n<\/tr>\n<tr class=\"even\" data-mce-fragment=\"1\">\n<td class=\"spec-name\" style=\"width: 201.517px;\" data-mce-fragment=\"1\">Komplikation<\/td>\n<td class=\"spec-value\" style=\"width: 333.483px;\" data-mce-fragment=\"1\">NUR ZEIT<\/td>\n<\/tr>\n<tr class=\"odd\" data-mce-fragment=\"1\">\n<td class=\"spec-name\" style=\"width: 201.517px;\" data-mce-fragment=\"1\">Bewegung<\/td>\n<td class=\"spec-value\" style=\"width: 333.483px;\" data-mce-fragment=\"1\">AUTOMATIK<\/td>\n<\/tr>\n<tr class=\"even\" data-mce-fragment=\"1\">\n<td class=\"spec-name\" style=\"width: 201.517px;\" data-mce-fragment=\"1\">Dater<\/td>\n<td class=\"spec-value\" style=\"width: 333.483px;\" data-mce-fragment=\"1\">DATEN<\/td>\n<\/tr>\n<tr class=\"odd\" data-mce-fragment=\"1\">\n<td class=\"spec-name\" style=\"width: 201.517px;\" data-mce-fragment=\"1\">Formular<\/td>\n<td class=\"spec-value\" style=\"width: 333.483px;\" data-mce-fragment=\"1\">RUND<\/td>\n<\/tr>\n<tr class=\"even\" data-mce-fragment=\"1\">\n<td class=\"spec-name\" style=\"width: 201.517px;\" data-mce-fragment=\"1\">Gr\u00f6\u00dfe<\/td>\n<td class=\"spec-value\" style=\"width: 333.483px;\" data-mce-fragment=\"1\">42 MM<\/td>\n<\/tr>\n<tr class=\"odd\" data-mce-fragment=\"1\">\n<td class=\"spec-name\" style=\"width: 201.517px;\" data-mce-fragment=\"1\">Material<\/td>\n<td class=\"spec-value\" style=\"width: 333.483px;\" data-mce-fragment=\"1\">Titan<\/td>\n<\/tr>\n<tr class=\"even\" data-mce-fragment=\"1\">\n<td class=\"spec-name\" style=\"width: 201.517px;\" data-mce-fragment=\"1\">W\u00e4hlen Sie<\/td>\n<td class=\"spec-value\" style=\"width: 333.483px;\" data-mce-fragment=\"1\">SCHWARZ<\/td>\n<\/tr>\n<tr class=\"odd\" data-mce-fragment=\"1\">\n<td class=\"spec-name\" style=\"width: 201.517px;\" data-mce-fragment=\"1\">Riemen<\/td>\n<td class=\"spec-value\" style=\"width: 333.483px;\" data-mce-fragment=\"1\">ALLIGATOR UND GUMMI<\/td>\n<\/tr>\n<tr class=\"even\" data-mce-fragment=\"1\">\n<td class=\"spec-name\" style=\"width: 201.517px;\" data-mce-fragment=\"1\">Wasserdicht<\/td>\n<td class=\"spec-value\" style=\"width: 333.483px;\" data-mce-fragment=\"1\">50 M<\/td>\n<\/tr>\n<\/tbody>\n<\/table>\n","protected":false},"excerpt":{"rendered":"<p>Marke Hublot Leitung CLASSIC FUSION Modell CLASSIC FUSION Komplikation NUR ZEIT Bewegung AUTOMATIK Dater DATEN Formular RUND Gr\u00f6\u00dfe 42 MM Material Titan W\u00e4hlen Sie SCHWARZ Riemen ALLIGATOR UND GUMMI Wasserdicht 50 M<\/p>\n","protected":false},"featured_media":49501,"template":"","meta":{"_crdt_document":"","advanced_seo_description":"","jetpack_seo_html_title":"","jetpack_seo_noindex":false},"product_brand":[2149],"product_cat":[2222],"product_tag":[2224],"berocket_brand":[],"woo-feed-brand":[],"class_list":{"0":"post-78907","1":"product","2":"type-product","3":"status-publish","4":"has-post-thumbnail","6":"product_brand-hublot","7":"product_cat-hublot-de","8":"product_tag-klassische-fusion","10":"first","11":"instock","12":"sale","13":"taxable","14":"shipping-taxable","15":"purchasable","16":"product-type-simple"},"bundled_by":[],"bundle_stock_status":"instock","bundle_stock_quantity":1,"bundle_virtual":false,"bundle_layout":"","bundle_add_to_cart_form_location":"","bundle_editable_in_cart":false,"bundle_sold_individually_context":"","bundle_item_grouping":"","bundle_min_size":"","bundle_max_size":"","bundle_price":[],"bundled_items":[],"bundle_sell_ids":[],"group_of_quantity":0,"min_quantity":0,"max_quantity":"","exclude_order_quantity_value_rules":"no","exclude_category_quantity_rules":"no","combine_variations":"no","jetpack_sharing_enabled":true,"jetpack_likes_enabled":true,"_links":{"self":[{"href":"https:\/\/watchdeluxe.it\/de\/wp-json\/wp\/v2\/product\/78907","targetHints":{"allow":["GET"]}}],"collection":[{"href":"https:\/\/watchdeluxe.it\/de\/wp-json\/wp\/v2\/product"}],"about":[{"href":"https:\/\/watchdeluxe.it\/de\/wp-json\/wp\/v2\/types\/product"}],"wp:featuredmedia":[{"embeddable":true,"href":"https:\/\/watchdeluxe.it\/de\/wp-json\/wp\/v2\/media\/49501"}],"wp:attachment":[{"href":"https:\/\/watchdeluxe.it\/de\/wp-json\/wp\/v2\/media?parent=78907"}],"wp:term":[{"taxonomy":"product_brand","embeddable":true,"href":"https:\/\/watchdeluxe.it\/de\/wp-json\/wp\/v2\/product_brand?post=78907"},{"taxonomy":"product_cat","embeddable":true,"href":"https:\/\/watchdeluxe.it\/de\/wp-json\/wp\/v2\/product_cat?post=78907"},{"taxonomy":"product_tag","embeddable":true,"href":"https:\/\/watchdeluxe.it\/de\/wp-json\/wp\/v2\/product_tag?post=78907"},{"taxonomy":"berocket_brand","embeddable":true,"href":"https:\/\/watchdeluxe.it\/de\/wp-json\/wp\/v2\/berocket_brand?post=78907"},{"taxonomy":"woo-feed-brand","embeddable":true,"href":"https:\/\/watchdeluxe.it\/de\/wp-json\/wp\/v2\/woo-feed-brand?post=78907"}],"curies":[{"name":"wp","href":"https:\/\/api.w.org\/{rel}","templated":true}]}}