{"id":78886,"date":"2023-03-17T14:32:41","date_gmt":"2023-03-17T13:32:41","guid":{"rendered":"https:\/\/watchdeluxe.it\/prodotto\/hublot-classic-fusion-ref-542-nx-1171-rx\/"},"modified":"2026-04-13T12:16:45","modified_gmt":"2026-04-13T10:16:45","slug":"hublot-classic-fusion-ref-542-nx-1171-rx","status":"publish","type":"product","link":"https:\/\/watchdeluxe.it\/de\/prodotto\/hublot-classic-fusion-ref-542-nx-1171-rx\/","title":{"rendered":"HUBLOT Classic Fusion ref. 542.NX.1171.RX"},"content":{"rendered":"<p>HUBLOT Classic Fusion ref. 542.NX.1171.RX<\/p>\n<ul>\n<li class=\"list-group-item clearfix\"><strong>Classic Fusion<\/strong> Kollektion<\/li>\n<li class=\"list-group-item clearfix\">Ref. <strong>542.NX.1171.RX<\/strong><\/li>\n<li class=\"list-group-item clearfix\"><strong>Automatische<\/strong> Bewegung<\/li>\n<li class=\"list-group-item clearfix\">Uhrwerkstyp <strong>Nur Zeit Datum<\/strong><\/li>\n<li class=\"list-group-item clearfix\"><strong>Schwarzes<\/strong> Zifferblatt<\/li>\n<li class=\"list-group-item clearfix\">Indikatoren <strong>Indizes<\/strong><\/li>\n<li class=\"list-group-item clearfix\"><strong>Rundes<\/strong> Geh\u00e4use<\/li>\n<li class=\"list-group-item clearfix\"><strong>Gummi-Armband<\/strong><\/li>\n<li class=\"list-group-item clearfix\">Gr\u00f6\u00dfe <strong>42 MM<\/strong><\/li>\n<li class=\"list-group-item clearfix\">Werkstoff <strong>Titan<\/strong><\/li>\n<\/ul>\n","protected":false},"excerpt":{"rendered":"<p>HUBLOT Classic Fusion ref. 542.NX.1171.RX Classic Fusion Kollektion Ref. 542.NX.1171.RX Automatische Bewegung Uhrwerkstyp Nur Zeit Datum Schwarzes Zifferblatt Indikatoren Indizes Rundes Geh\u00e4use Gummi-Armband Gr\u00f6\u00dfe 42 MM Werkstoff Titan<\/p>\n","protected":false},"featured_media":150655,"template":"","meta":{"_crdt_document":"","advanced_seo_description":"","jetpack_seo_html_title":"","jetpack_seo_noindex":false},"product_brand":[2149],"product_cat":[2222],"product_tag":[2224],"berocket_brand":[],"woo-feed-brand":[],"class_list":{"0":"post-78886","1":"product","2":"type-product","3":"status-publish","4":"has-post-thumbnail","6":"product_brand-hublot","7":"product_cat-hublot-de","8":"product_tag-klassische-fusion","10":"first","11":"instock","12":"sale","13":"taxable","14":"shipping-taxable","15":"purchasable","16":"product-type-simple"},"bundled_by":[],"bundle_stock_status":"instock","bundle_stock_quantity":1,"bundle_virtual":false,"bundle_layout":"","bundle_add_to_cart_form_location":"","bundle_editable_in_cart":false,"bundle_sold_individually_context":"","bundle_item_grouping":"","bundle_min_size":"","bundle_max_size":"","bundle_price":[],"bundled_items":[],"bundle_sell_ids":[],"group_of_quantity":0,"min_quantity":0,"max_quantity":"","exclude_order_quantity_value_rules":"no","exclude_category_quantity_rules":"no","combine_variations":"no","exclude_global_add_ons":[],"addons":[],"jetpack_sharing_enabled":true,"jetpack_likes_enabled":true,"_links":{"self":[{"href":"https:\/\/watchdeluxe.it\/de\/wp-json\/wp\/v2\/product\/78886","targetHints":{"allow":["GET"]}}],"collection":[{"href":"https:\/\/watchdeluxe.it\/de\/wp-json\/wp\/v2\/product"}],"about":[{"href":"https:\/\/watchdeluxe.it\/de\/wp-json\/wp\/v2\/types\/product"}],"wp:featuredmedia":[{"embeddable":true,"href":"https:\/\/watchdeluxe.it\/de\/wp-json\/wp\/v2\/media\/150655"}],"wp:attachment":[{"href":"https:\/\/watchdeluxe.it\/de\/wp-json\/wp\/v2\/media?parent=78886"}],"wp:term":[{"taxonomy":"product_brand","embeddable":true,"href":"https:\/\/watchdeluxe.it\/de\/wp-json\/wp\/v2\/product_brand?post=78886"},{"taxonomy":"product_cat","embeddable":true,"href":"https:\/\/watchdeluxe.it\/de\/wp-json\/wp\/v2\/product_cat?post=78886"},{"taxonomy":"product_tag","embeddable":true,"href":"https:\/\/watchdeluxe.it\/de\/wp-json\/wp\/v2\/product_tag?post=78886"},{"taxonomy":"berocket_brand","embeddable":true,"href":"https:\/\/watchdeluxe.it\/de\/wp-json\/wp\/v2\/berocket_brand?post=78886"},{"taxonomy":"woo-feed-brand","embeddable":true,"href":"https:\/\/watchdeluxe.it\/de\/wp-json\/wp\/v2\/woo-feed-brand?post=78886"}],"curies":[{"name":"wp","href":"https:\/\/api.w.org\/{rel}","templated":true}]}}