{"id":78622,"date":"2023-03-17T18:37:55","date_gmt":"2023-03-17T17:37:55","guid":{"rendered":"https:\/\/watchdeluxe.it\/prodotto\/rado-kapitaen-koch-ref-r32505208\/"},"modified":"2026-04-07T11:13:58","modified_gmt":"2026-04-07T09:13:58","slug":"rado-captain-cook-ref-r32505208","status":"publish","type":"product","link":"https:\/\/watchdeluxe.it\/de\/prodotto\/rado-captain-cook-ref-r32505208\/","title":{"rendered":"Rado Captain Cook Ref. R32505208"},"content":{"rendered":"<p>Rado Captain Cook Ref. R32505208<\/p>\n<div id=\"attributes-wrapper\" class=\"additional-attributes-wrapper table-wrapper\">\n<div data-role=\"collapsible\">\n<h2 style=\"width: 25rem\">Allgemein<\/h2>\n<\/div>\n<div data-role=\"content\">\n<ul>\n<li><strong>Gravur m\u00f6glich:<\/strong> Nein<\/li>\n<li><strong>Produktname:<\/strong> Captain Cook Automatik<\/li>\n<li><strong>SKU:<\/strong> R32505208<\/li>\n<li><strong>Geschlecht:<\/strong> M\u00e4nnlich<\/li>\n<\/ul>\n<\/div>\n<div data-role=\"collapsible\">\n<h2 style=\"width: 25rem\">Bewegung<\/h2>\n<\/div>\n<div data-role=\"content\">\n<ul>\n<li><strong>Uhrwerktyp:<\/strong> Automatik<\/li>\n<li><strong>Aufzugsreserve des Uhrwerks:<\/strong> 80 Stunden<\/li>\n<li><strong>Referenz des Uhrwerks:<\/strong> 03.763.035<\/li>\n<\/ul>\n<\/div>\n<div data-role=\"collapsible\">\n<h2 style=\"width: 25rem\">Fall<\/h2>\n<\/div>\n<div data-role=\"content\">\n<ul>\n<li><strong>Geh\u00e4usematerialien:<\/strong> Stahl<\/li>\n<li><strong>Geh\u00e4usedicke:<\/strong> 12,1 mm<\/li>\n<li><strong>Wasserdichtes Geh\u00e4use:<\/strong> 20 bar (200 m)<\/li>\n<li><strong>Geh\u00e4usefarbe:<\/strong> klar<\/li>\n<li><strong>Geh\u00e4usegr\u00f6\u00dfe:<\/strong> 42,0 mm<\/li>\n<li><strong>Geh\u00e4useglas:<\/strong> Saphirglas mit Antireflexionsbeschichtung<\/li>\n<\/ul>\n<\/div>\n<div data-role=\"collapsible\">\n<h2 style=\"width: 25rem\">W\u00e4hlen Sie<\/h2>\n<\/div>\n<div data-role=\"content\">\n<ul>\n<li><strong>Farbe des Zifferblatts:<\/strong> Blau<\/li>\n<li><strong>Skelett\/Zifferblatt mit offenem Herzen:<\/strong> Nein<\/li>\n<li><strong>Das Zifferblatt hat das Datum:<\/strong> Ja<\/li>\n<li><strong>Das Zifferblatt ist mit Edelsteinen besetzt:<\/strong> Nein<\/li>\n<li><strong>Perlmutt:<\/strong> Nein<\/li>\n<\/ul>\n<\/div>\n<\/div>\n","protected":false},"excerpt":{"rendered":"<p>Rado Captain Cook Ref. R32505208 Allgemein Gravur m\u00f6glich: Nein Produktname: Captain Cook Automatik SKU: R32505208 Geschlecht: M\u00e4nnlich Bewegung Uhrwerktyp: Automatik Aufzugsreserve des Uhrwerks: 80 Stunden Referenz des Uhrwerks: 03.763.035 Fall Geh\u00e4usematerialien: Stahl Geh\u00e4usedicke: 12,1 mm Wasserdichtes Geh\u00e4use: 20 bar (200 m) Geh\u00e4usefarbe: klar Geh\u00e4usegr\u00f6\u00dfe: 42,0 mm Geh\u00e4useglas: Saphirglas mit Antireflexionsbeschichtung W\u00e4hlen Sie Farbe des Zifferblatts: [&hellip;]<\/p>\n","protected":false},"featured_media":146739,"template":"","meta":{"_crdt_document":"","advanced_seo_description":"","jetpack_seo_html_title":"","jetpack_seo_noindex":false},"product_brand":[],"product_cat":[2405],"product_tag":[2528],"berocket_brand":[],"woo-feed-brand":[],"class_list":{"0":"post-78622","1":"product","2":"type-product","3":"status-publish","4":"has-post-thumbnail","6":"product_cat-rado-de","7":"product_tag-kapitan-cook","9":"first","10":"instock","11":"sale","12":"taxable","13":"shipping-taxable","14":"purchasable","15":"product-type-simple"},"bundled_by":[],"bundle_stock_status":"instock","bundle_stock_quantity":1,"bundle_virtual":false,"bundle_layout":"","bundle_add_to_cart_form_location":"","bundle_editable_in_cart":false,"bundle_sold_individually_context":"","bundle_item_grouping":"","bundle_min_size":"","bundle_max_size":"","bundle_price":[],"bundled_items":[],"bundle_sell_ids":[],"group_of_quantity":0,"min_quantity":0,"max_quantity":"","exclude_order_quantity_value_rules":"no","exclude_category_quantity_rules":"no","combine_variations":"no","exclude_global_add_ons":[],"addons":[],"jetpack_sharing_enabled":true,"jetpack_likes_enabled":true,"_links":{"self":[{"href":"https:\/\/watchdeluxe.it\/de\/wp-json\/wp\/v2\/product\/78622","targetHints":{"allow":["GET"]}}],"collection":[{"href":"https:\/\/watchdeluxe.it\/de\/wp-json\/wp\/v2\/product"}],"about":[{"href":"https:\/\/watchdeluxe.it\/de\/wp-json\/wp\/v2\/types\/product"}],"wp:featuredmedia":[{"embeddable":true,"href":"https:\/\/watchdeluxe.it\/de\/wp-json\/wp\/v2\/media\/146739"}],"wp:attachment":[{"href":"https:\/\/watchdeluxe.it\/de\/wp-json\/wp\/v2\/media?parent=78622"}],"wp:term":[{"taxonomy":"product_brand","embeddable":true,"href":"https:\/\/watchdeluxe.it\/de\/wp-json\/wp\/v2\/product_brand?post=78622"},{"taxonomy":"product_cat","embeddable":true,"href":"https:\/\/watchdeluxe.it\/de\/wp-json\/wp\/v2\/product_cat?post=78622"},{"taxonomy":"product_tag","embeddable":true,"href":"https:\/\/watchdeluxe.it\/de\/wp-json\/wp\/v2\/product_tag?post=78622"},{"taxonomy":"berocket_brand","embeddable":true,"href":"https:\/\/watchdeluxe.it\/de\/wp-json\/wp\/v2\/berocket_brand?post=78622"},{"taxonomy":"woo-feed-brand","embeddable":true,"href":"https:\/\/watchdeluxe.it\/de\/wp-json\/wp\/v2\/woo-feed-brand?post=78622"}],"curies":[{"name":"wp","href":"https:\/\/api.w.org\/{rel}","templated":true}]}}