{"id":78595,"date":"2023-03-17T18:37:52","date_gmt":"2023-03-17T17:37:52","guid":{"rendered":"https:\/\/watchdeluxe.it\/prodotto\/rado-wahr-r27654102\/"},"modified":"2026-04-03T09:54:45","modified_gmt":"2026-04-03T07:54:45","slug":"rado-true-r27654102","status":"publish","type":"product","link":"https:\/\/watchdeluxe.it\/de\/prodotto\/rado-true-r27654102\/","title":{"rendered":"Rado Wahr &#8211; R27654102"},"content":{"rendered":"<p>Rado True &#8211; R27654102 Rado Herrenuhr True R27654102. Rado Herrenuhr nur Zeit aus der True-Kollektion. Geh\u00e4usegr\u00f6\u00dfe 40 mm. Geh\u00e4use und Armband aus kratzfester High-Tech-Keramik in polierter Platin-Farbe. Swiss Made Quarzwerk. Saphirglas<\/p>\n","protected":false},"excerpt":{"rendered":"<p>Rado True &#8211; R27654102 Rado Herrenuhr True R27654102. Rado Herrenuhr nur Zeit aus der True-Kollektion. Geh\u00e4usegr\u00f6\u00dfe 40 mm. Geh\u00e4use und Armband aus kratzfester High-Tech-Keramik in polierter Platin-Farbe. Swiss Made Quarzwerk. Saphirglas<\/p>\n","protected":false},"featured_media":20587,"template":"","meta":{"_crdt_document":"","advanced_seo_description":"","jetpack_seo_html_title":"","jetpack_seo_noindex":false,"jetpack_post_was_ever_published":false},"product_brand":[],"product_cat":[2405],"product_tag":[2523],"berocket_brand":[],"woo-feed-brand":[],"class_list":{"0":"post-78595","1":"product","2":"type-product","3":"status-publish","4":"has-post-thumbnail","6":"product_cat-rado-de","7":"product_tag-wahr","9":"first","10":"instock","11":"sale","12":"taxable","13":"shipping-taxable","14":"purchasable","15":"product-type-simple"},"bundled_by":[],"bundle_stock_status":"instock","bundle_stock_quantity":1,"bundle_virtual":false,"bundle_layout":"","bundle_add_to_cart_form_location":"","bundle_editable_in_cart":false,"bundle_sold_individually_context":"","bundle_item_grouping":"","bundle_min_size":"","bundle_max_size":"","bundle_price":[],"bundled_items":[],"bundle_sell_ids":[],"group_of_quantity":0,"min_quantity":0,"max_quantity":"","exclude_order_quantity_value_rules":"no","exclude_category_quantity_rules":"no","combine_variations":"no","exclude_global_add_ons":[],"addons":[],"jetpack_sharing_enabled":true,"jetpack_likes_enabled":true,"_links":{"self":[{"href":"https:\/\/watchdeluxe.it\/de\/wp-json\/wp\/v2\/product\/78595","targetHints":{"allow":["GET"]}}],"collection":[{"href":"https:\/\/watchdeluxe.it\/de\/wp-json\/wp\/v2\/product"}],"about":[{"href":"https:\/\/watchdeluxe.it\/de\/wp-json\/wp\/v2\/types\/product"}],"wp:featuredmedia":[{"embeddable":true,"href":"https:\/\/watchdeluxe.it\/de\/wp-json\/wp\/v2\/media\/20587"}],"wp:attachment":[{"href":"https:\/\/watchdeluxe.it\/de\/wp-json\/wp\/v2\/media?parent=78595"}],"wp:term":[{"taxonomy":"product_brand","embeddable":true,"href":"https:\/\/watchdeluxe.it\/de\/wp-json\/wp\/v2\/product_brand?post=78595"},{"taxonomy":"product_cat","embeddable":true,"href":"https:\/\/watchdeluxe.it\/de\/wp-json\/wp\/v2\/product_cat?post=78595"},{"taxonomy":"product_tag","embeddable":true,"href":"https:\/\/watchdeluxe.it\/de\/wp-json\/wp\/v2\/product_tag?post=78595"},{"taxonomy":"berocket_brand","embeddable":true,"href":"https:\/\/watchdeluxe.it\/de\/wp-json\/wp\/v2\/berocket_brand?post=78595"},{"taxonomy":"woo-feed-brand","embeddable":true,"href":"https:\/\/watchdeluxe.it\/de\/wp-json\/wp\/v2\/woo-feed-brand?post=78595"}],"curies":[{"name":"wp","href":"https:\/\/api.w.org\/{rel}","templated":true}]}}