{"id":78480,"date":"2023-03-17T18:38:01","date_gmt":"2023-03-17T17:38:01","guid":{"rendered":"https:\/\/watchdeluxe.it\/prodotto\/rado-captain-cook-high-tech-keramik-taucherref-r32130318\/"},"modified":"2026-04-07T11:17:05","modified_gmt":"2026-04-07T09:17:05","slug":"rado-captain-cook-high-tech-ceramic-diver-ref-r32130318","status":"publish","type":"product","link":"https:\/\/watchdeluxe.it\/de\/prodotto\/rado-captain-cook-high-tech-ceramic-diver-ref-r32130318\/","title":{"rendered":"Rado Captain Cook High-Tech Ceramic Diver Ref. R32130318"},"content":{"rendered":"<p>Rado Captain Cook High-Tech Ceramic Diver Ref. R32130318<\/p>\n<div id=\"attributes-wrapper\" class=\"additional-attributes-wrapper table-wrapper\">\n<div data-role=\"collapsible\">\n<h2 style=\"width: 20rem\">Allgemein<\/h2>\n<\/div>\n<div data-role=\"content\">\n<ul>\n<li><strong>Gravur m\u00f6glich:<\/strong> Nein<\/li>\n<li><strong>Produktname:<\/strong> Captain Cook High-Tech-Keramik-Taucher<\/li>\n<li><strong>SKU:<\/strong> R32130318<\/li>\n<li><strong>Geschlecht:<\/strong> M\u00e4nnlich<\/li>\n<\/ul>\n<\/div>\n<div data-role=\"collapsible\">\n<h2 style=\"width: 20rem\">Bewegung<\/h2>\n<\/div>\n<div data-role=\"content\">\n<ul>\n<li><strong>Uhrwerktyp:<\/strong> Automatik<\/li>\n<li><strong>Aufzugsreserve des Uhrwerks:<\/strong> 80 Stunden<\/li>\n<li><strong>Referenz des Uhrwerks:<\/strong> 03.763.635<\/li>\n<\/ul>\n<\/div>\n<div data-role=\"collapsible\">\n<h2 style=\"width: 20rem\">Fall<\/h2>\n<\/div>\n<div data-role=\"content\">\n<ul>\n<li><strong>Geh\u00e4usematerialien:<\/strong> Hightech-Keramik<\/li>\n<li><strong>Dicke des Geh\u00e4uses:<\/strong> 14,6 mm<\/li>\n<li><strong>Geh\u00e4usefarbe:<\/strong> farbig<\/li>\n<li><strong>Geh\u00e4usegr\u00f6\u00dfe:<\/strong> 43,0 mm<\/li>\n<li><strong>Geh\u00e4useglas:<\/strong> Saphirglas mit Antireflexionsbeschichtung<\/li>\n<\/ul>\n<\/div>\n<div data-role=\"collapsible\">\n<h2 style=\"width: 20rem\">W\u00e4hlen Sie<\/h2>\n<\/div>\n<div data-role=\"content\">\n<ul>\n<li><strong>Farbe des Zifferblatts:<\/strong> Gr\u00fcn<\/li>\n<li><strong>Skelett\/Zifferblatt mit offenem Herzen:<\/strong> Nein<\/li>\n<li><strong>Das Zifferblatt hat das Datum:<\/strong> Ja<\/li>\n<li><strong>Das Zifferblatt ist mit Edelsteinen besetzt:<\/strong> Nein<\/li>\n<li><strong>Perlmutt:<\/strong> Nein<\/li>\n<\/ul>\n<\/div>\n<div data-role=\"collapsible\">\n<h2 style=\"width: 20rem\">Armb\u00e4nder<\/h2>\n<\/div>\n<div data-role=\"content\">\n<ul>\n<li><strong>Materialien des Armbands:<\/strong> Gummi, Stahl<\/li>\n<\/ul>\n<\/div>\n<\/div>\n","protected":false},"excerpt":{"rendered":"<p>Rado Captain Cook High-Tech Ceramic Diver Ref. R32130318 Allgemein Gravur m\u00f6glich: Nein Produktname: Captain Cook High-Tech-Keramik-Taucher SKU: R32130318 Geschlecht: M\u00e4nnlich Bewegung Uhrwerktyp: Automatik Aufzugsreserve des Uhrwerks: 80 Stunden Referenz des Uhrwerks: 03.763.635 Fall Geh\u00e4usematerialien: Hightech-Keramik Dicke des Geh\u00e4uses: 14,6 mm Geh\u00e4usefarbe: farbig Geh\u00e4usegr\u00f6\u00dfe: 43,0 mm Geh\u00e4useglas: Saphirglas mit Antireflexionsbeschichtung W\u00e4hlen Sie Farbe des Zifferblatts: Gr\u00fcn [&hellip;]<\/p>\n","protected":false},"featured_media":146781,"template":"","meta":{"_crdt_document":"","advanced_seo_description":"","jetpack_seo_html_title":"","jetpack_seo_noindex":false},"product_brand":[],"product_cat":[2405],"product_tag":[2528],"berocket_brand":[],"woo-feed-brand":[],"class_list":{"0":"post-78480","1":"product","2":"type-product","3":"status-publish","4":"has-post-thumbnail","6":"product_cat-rado-de","7":"product_tag-kapitan-cook","9":"first","10":"instock","11":"sale","12":"taxable","13":"shipping-taxable","14":"purchasable","15":"product-type-simple"},"bundled_by":[],"bundle_stock_status":"instock","bundle_stock_quantity":1,"bundle_virtual":false,"bundle_layout":"","bundle_add_to_cart_form_location":"","bundle_editable_in_cart":false,"bundle_sold_individually_context":"","bundle_item_grouping":"","bundle_min_size":"","bundle_max_size":"","bundle_price":[],"bundled_items":[],"bundle_sell_ids":[],"group_of_quantity":0,"min_quantity":0,"max_quantity":"","exclude_order_quantity_value_rules":"no","exclude_category_quantity_rules":"no","combine_variations":"no","jetpack_sharing_enabled":true,"jetpack_likes_enabled":true,"_links":{"self":[{"href":"https:\/\/watchdeluxe.it\/de\/wp-json\/wp\/v2\/product\/78480","targetHints":{"allow":["GET"]}}],"collection":[{"href":"https:\/\/watchdeluxe.it\/de\/wp-json\/wp\/v2\/product"}],"about":[{"href":"https:\/\/watchdeluxe.it\/de\/wp-json\/wp\/v2\/types\/product"}],"wp:featuredmedia":[{"embeddable":true,"href":"https:\/\/watchdeluxe.it\/de\/wp-json\/wp\/v2\/media\/146781"}],"wp:attachment":[{"href":"https:\/\/watchdeluxe.it\/de\/wp-json\/wp\/v2\/media?parent=78480"}],"wp:term":[{"taxonomy":"product_brand","embeddable":true,"href":"https:\/\/watchdeluxe.it\/de\/wp-json\/wp\/v2\/product_brand?post=78480"},{"taxonomy":"product_cat","embeddable":true,"href":"https:\/\/watchdeluxe.it\/de\/wp-json\/wp\/v2\/product_cat?post=78480"},{"taxonomy":"product_tag","embeddable":true,"href":"https:\/\/watchdeluxe.it\/de\/wp-json\/wp\/v2\/product_tag?post=78480"},{"taxonomy":"berocket_brand","embeddable":true,"href":"https:\/\/watchdeluxe.it\/de\/wp-json\/wp\/v2\/berocket_brand?post=78480"},{"taxonomy":"woo-feed-brand","embeddable":true,"href":"https:\/\/watchdeluxe.it\/de\/wp-json\/wp\/v2\/woo-feed-brand?post=78480"}],"curies":[{"name":"wp","href":"https:\/\/api.w.org\/{rel}","templated":true}]}}