{"id":78279,"date":"2023-03-17T18:38:25","date_gmt":"2023-03-17T17:38:25","guid":{"rendered":"https:\/\/watchdeluxe.it\/prodotto\/rado-captain-cook-high-tech-ceramic-diver-ref-r32129158\/"},"modified":"2026-04-07T11:16:30","modified_gmt":"2026-04-07T09:16:30","slug":"rado-captain-cook-high-tech-ceramic-diver-ref-r32129158","status":"publish","type":"product","link":"https:\/\/watchdeluxe.it\/de\/prodotto\/rado-captain-cook-high-tech-ceramic-diver-ref-r32129158\/","title":{"rendered":"RADO CAPTAIN COOK HIGH-TECH CERAMIC DIVER ref, R32129158"},"content":{"rendered":"<p>RADO CAPTAIN COOK HIGH-TECH CERAMIC DIVER ref, R32129158<\/p>\n<p>Die Captain Cook High-Tech Ceramic Diver ist bis 300 m wasserdicht. Die Zeiger und Indexe dieser nach ISO 6425 zertifizierten Taucheruhr sind mit SuperLuminova\u00ae beschichtet, um eine hervorragende Ablesbarkeit auf dem gl\u00e4nzend schwarz lackierten Zifferblatt zu gew\u00e4hrleisten. Das einteilige 43-mm-Geh\u00e4use besteht aus mattschwarzer Hightech-Keramik, die Drehl\u00fcnette aus poliertem, geh\u00e4rtetem Stahl. Im Inneren \u00fcbertrifft das Automatikwerk Rado R763 die Standardanforderungen bei den Genauigkeitstests mit 3 bis 5 Positionen und bietet eine Gangreserve von 80 Stunden. Dieses Exemplar ist mit einem mattschwarzen Kautschukarmband ausgestattet. Was auch immer Ihr Forschungsgebiet ist, die Captain Cook High-Tech Ceramic Diver wird \u00fcber Jahre hinweg ein zuverl\u00e4ssiger und solider Partner an Ihrem Handgelenk sein.<\/p>\n","protected":false},"excerpt":{"rendered":"<p>RADO CAPTAIN COOK HIGH-TECH CERAMIC DIVER ref, R32129158 Die Captain Cook High-Tech Ceramic Diver ist bis 300 m wasserdicht. Die Zeiger und Indexe dieser nach ISO 6425 zertifizierten Taucheruhr sind mit SuperLuminova\u00ae beschichtet, um eine hervorragende Ablesbarkeit auf dem gl\u00e4nzend schwarz lackierten Zifferblatt zu gew\u00e4hrleisten. Das einteilige 43-mm-Geh\u00e4use besteht aus mattschwarzer Hightech-Keramik, die Drehl\u00fcnette aus [&hellip;]<\/p>\n","protected":false},"featured_media":146787,"template":"","meta":{"_crdt_document":"","advanced_seo_description":"","jetpack_seo_html_title":"","jetpack_seo_noindex":false},"product_brand":[],"product_cat":[2405],"product_tag":[2528],"berocket_brand":[],"woo-feed-brand":[],"class_list":{"0":"post-78279","1":"product","2":"type-product","3":"status-publish","4":"has-post-thumbnail","6":"product_cat-rado-de","7":"product_tag-kapitan-cook","9":"first","10":"instock","11":"sale","12":"taxable","13":"shipping-taxable","14":"purchasable","15":"product-type-simple"},"bundled_by":[],"bundle_stock_status":"instock","bundle_stock_quantity":1,"bundle_virtual":false,"bundle_layout":"","bundle_add_to_cart_form_location":"","bundle_editable_in_cart":false,"bundle_sold_individually_context":"","bundle_item_grouping":"","bundle_min_size":"","bundle_max_size":"","bundle_price":[],"bundled_items":[],"bundle_sell_ids":[],"group_of_quantity":0,"min_quantity":0,"max_quantity":"","exclude_order_quantity_value_rules":"no","exclude_category_quantity_rules":"no","combine_variations":"no","exclude_global_add_ons":[],"addons":[],"jetpack_sharing_enabled":true,"jetpack_likes_enabled":true,"_links":{"self":[{"href":"https:\/\/watchdeluxe.it\/de\/wp-json\/wp\/v2\/product\/78279","targetHints":{"allow":["GET"]}}],"collection":[{"href":"https:\/\/watchdeluxe.it\/de\/wp-json\/wp\/v2\/product"}],"about":[{"href":"https:\/\/watchdeluxe.it\/de\/wp-json\/wp\/v2\/types\/product"}],"wp:featuredmedia":[{"embeddable":true,"href":"https:\/\/watchdeluxe.it\/de\/wp-json\/wp\/v2\/media\/146787"}],"wp:attachment":[{"href":"https:\/\/watchdeluxe.it\/de\/wp-json\/wp\/v2\/media?parent=78279"}],"wp:term":[{"taxonomy":"product_brand","embeddable":true,"href":"https:\/\/watchdeluxe.it\/de\/wp-json\/wp\/v2\/product_brand?post=78279"},{"taxonomy":"product_cat","embeddable":true,"href":"https:\/\/watchdeluxe.it\/de\/wp-json\/wp\/v2\/product_cat?post=78279"},{"taxonomy":"product_tag","embeddable":true,"href":"https:\/\/watchdeluxe.it\/de\/wp-json\/wp\/v2\/product_tag?post=78279"},{"taxonomy":"berocket_brand","embeddable":true,"href":"https:\/\/watchdeluxe.it\/de\/wp-json\/wp\/v2\/berocket_brand?post=78279"},{"taxonomy":"woo-feed-brand","embeddable":true,"href":"https:\/\/watchdeluxe.it\/de\/wp-json\/wp\/v2\/woo-feed-brand?post=78279"}],"curies":[{"name":"wp","href":"https:\/\/api.w.org\/{rel}","templated":true}]}}