{"id":78141,"date":"2023-03-17T18:38:38","date_gmt":"2023-03-17T17:38:38","guid":{"rendered":"https:\/\/watchdeluxe.it\/prodotto\/nomos-metro-datumsanzeige-ref-1101\/"},"modified":"2026-04-13T09:55:13","modified_gmt":"2026-04-13T07:55:13","slug":"nomos-zahler-anzeiger-ref-1101","status":"publish","type":"product","link":"https:\/\/watchdeluxe.it\/de\/prodotto\/nomos-zahler-anzeiger-ref-1101\/","title":{"rendered":"Nomos Metro Datumsanzeige ref. 1101"},"content":{"rendered":"<p>Nomos Metro Datumsanzeige ref. 1101<\/p>\n<div class=\"list-couple\">\n<div class=\"specs-list\">\n<dl>\n<dt>Fall<\/dt>\n<dd>rostfreier Stahl<br \/>\nR\u00fcckseite aus Saphirglas<\/dd>\n<\/dl>\n<dl>\n<dt>Glas<\/dt>\n<dd>gew\u00f6lbtes Saphirglas<\/dd>\n<\/dl>\n<dl>\n<dt>Laden Sie<\/dt>\n<dd>Handbuch<\/dd>\n<\/dl>\n<dl>\n<dt>Abmessungen<\/dt>\n<dd>Durchmesser <span class=\"size-property\"> 37,0 mm <\/span><br \/>\nDicke 7 <span class=\"size-property\">,7 mm <\/span><br \/>\n\u00c4u\u00dfere Schlaufengr\u00f6\u00dfe <span class=\"size-property\"> 43,6 mm <\/span> <\/dd>\n<\/dl>\n<dl>\n<dt>Wasserbest\u00e4ndigkeit<\/dt>\n<dd>3 atm (spritzwassergesch\u00fctzt)<\/dd>\n<\/dl>\n<\/div>\n<div class=\"specs-list\">\n<dl>\n<dt>W\u00e4hlen Sie<\/dt>\n<dd>verzinkt, wei\u00df versilbert<br \/>\nmintgr\u00fcne Indizes bei drei, neun und zw\u00f6lf Uhr<\/dd>\n<\/dl>\n<dl>\n<dt>H\u00e4nde<\/dt>\n<dd>schwarz oxidiert, roter Sekundenzeiger<\/dd>\n<\/dl>\n<dl>\n<dt>Gurt<\/dt>\n<dd>Horween Genuine Shell Cordovan schwarz, mit Schnellverschluss-Federleisten<br \/>\n<span class=\"size-property\">  Schlaufenbreite 18 mm  <\/span><\/dd>\n<\/dl>\n<\/div>\n<\/div>\n","protected":false},"excerpt":{"rendered":"<p>Nomos Metro Datumsanzeige ref. 1101 Fall rostfreier Stahl R\u00fcckseite aus Saphirglas Glas gew\u00f6lbtes Saphirglas Laden Sie Handbuch Abmessungen Durchmesser 37,0 mm Dicke 7 ,7 mm \u00c4u\u00dfere Schlaufengr\u00f6\u00dfe 43,6 mm Wasserbest\u00e4ndigkeit 3 atm (spritzwassergesch\u00fctzt) W\u00e4hlen Sie verzinkt, wei\u00df versilbert mintgr\u00fcne Indizes bei drei, neun und zw\u00f6lf Uhr H\u00e4nde schwarz oxidiert, roter Sekundenzeiger Gurt Horween Genuine Shell [&hellip;]<\/p>\n","protected":false},"featured_media":173421,"template":"","meta":{"_crdt_document":"","advanced_seo_description":"","jetpack_seo_html_title":"","jetpack_seo_noindex":false},"product_brand":[],"product_cat":[1919],"product_tag":[1589],"berocket_brand":[],"woo-feed-brand":[],"class_list":{"0":"post-78141","1":"product","2":"type-product","3":"status-publish","4":"has-post-thumbnail","6":"product_cat-nomos-glashutte","7":"product_tag-metro","9":"first","10":"instock","11":"sale","12":"taxable","13":"shipping-taxable","14":"purchasable","15":"product-type-simple"},"bundled_by":[],"bundle_stock_status":"instock","bundle_stock_quantity":1,"bundle_virtual":false,"bundle_layout":"","bundle_add_to_cart_form_location":"","bundle_editable_in_cart":false,"bundle_sold_individually_context":"","bundle_item_grouping":"","bundle_min_size":"","bundle_max_size":"","bundle_price":[],"bundled_items":[],"bundle_sell_ids":[],"group_of_quantity":0,"min_quantity":0,"max_quantity":"","exclude_order_quantity_value_rules":"no","exclude_category_quantity_rules":"no","combine_variations":"no","exclude_global_add_ons":[],"addons":[],"jetpack_sharing_enabled":true,"jetpack_likes_enabled":true,"_links":{"self":[{"href":"https:\/\/watchdeluxe.it\/de\/wp-json\/wp\/v2\/product\/78141","targetHints":{"allow":["GET"]}}],"collection":[{"href":"https:\/\/watchdeluxe.it\/de\/wp-json\/wp\/v2\/product"}],"about":[{"href":"https:\/\/watchdeluxe.it\/de\/wp-json\/wp\/v2\/types\/product"}],"wp:featuredmedia":[{"embeddable":true,"href":"https:\/\/watchdeluxe.it\/de\/wp-json\/wp\/v2\/media\/173421"}],"wp:attachment":[{"href":"https:\/\/watchdeluxe.it\/de\/wp-json\/wp\/v2\/media?parent=78141"}],"wp:term":[{"taxonomy":"product_brand","embeddable":true,"href":"https:\/\/watchdeluxe.it\/de\/wp-json\/wp\/v2\/product_brand?post=78141"},{"taxonomy":"product_cat","embeddable":true,"href":"https:\/\/watchdeluxe.it\/de\/wp-json\/wp\/v2\/product_cat?post=78141"},{"taxonomy":"product_tag","embeddable":true,"href":"https:\/\/watchdeluxe.it\/de\/wp-json\/wp\/v2\/product_tag?post=78141"},{"taxonomy":"berocket_brand","embeddable":true,"href":"https:\/\/watchdeluxe.it\/de\/wp-json\/wp\/v2\/berocket_brand?post=78141"},{"taxonomy":"woo-feed-brand","embeddable":true,"href":"https:\/\/watchdeluxe.it\/de\/wp-json\/wp\/v2\/woo-feed-brand?post=78141"}],"curies":[{"name":"wp","href":"https:\/\/api.w.org\/{rel}","templated":true}]}}