{"id":78001,"date":"2023-03-17T18:38:56","date_gmt":"2023-03-17T17:38:56","guid":{"rendered":"https:\/\/watchdeluxe.it\/prodotto\/mido-commander-ii-tagesdatum-ref-m0214311605100\/"},"modified":"2026-04-02T17:54:26","modified_gmt":"2026-04-02T15:54:26","slug":"mido-commander-ii-daydate-ref-m0214311605100","status":"publish","type":"product","link":"https:\/\/watchdeluxe.it\/de\/prodotto\/mido-commander-ii-daydate-ref-m0214311605100\/","title":{"rendered":"Mido Commander II Tagesdatum ref. M0214311605100"},"content":{"rendered":"<p>Mido Commander II Tagesdatum ref. M0214311605100<\/p>\n<p>Wasserdicht50 m (5 ATM)<\/p>\n<p>Geh\u00e4use Abmessungen40 mm<\/p>\n<p>Geh\u00e4usematerial Stahl<\/p>\n<p>Geh\u00e4usefarbe Silber<\/p>\n<p>Material des Armbands Leder<\/p>\n<p>Farbe des Hauptarmbands Schwarz<\/p>\n<p>Tagesdatum-Funktionen<\/p>\n<p>Zifferblattfarbe Schwarz<\/p>\n","protected":false},"excerpt":{"rendered":"<p>Mido Commander II Tagesdatum ref. M0214311605100 Wasserdicht50 m (5 ATM) Geh\u00e4use Abmessungen40 mm Geh\u00e4usematerial Stahl Geh\u00e4usefarbe Silber Material des Armbands Leder Farbe des Hauptarmbands Schwarz Tagesdatum-Funktionen Zifferblattfarbe Schwarz<\/p>\n","protected":false},"featured_media":149530,"template":"","meta":{"_crdt_document":"","advanced_seo_description":"","jetpack_seo_html_title":"","jetpack_seo_noindex":false},"product_brand":[],"product_cat":[2938],"product_tag":[2944],"berocket_brand":[],"woo-feed-brand":[],"class_list":{"0":"post-78001","1":"product","2":"type-product","3":"status-publish","4":"has-post-thumbnail","6":"product_cat-mido-de","7":"product_tag-commander-de","9":"first","10":"instock","11":"sale","12":"taxable","13":"shipping-taxable","14":"purchasable","15":"product-type-simple"},"bundled_by":[],"bundle_stock_status":"instock","bundle_stock_quantity":1,"bundle_virtual":false,"bundle_layout":"","bundle_add_to_cart_form_location":"","bundle_editable_in_cart":false,"bundle_sold_individually_context":"","bundle_item_grouping":"","bundle_min_size":"","bundle_max_size":"","bundle_price":[],"bundled_items":[],"bundle_sell_ids":[],"group_of_quantity":0,"min_quantity":0,"max_quantity":"","exclude_order_quantity_value_rules":"no","exclude_category_quantity_rules":"no","combine_variations":"no","jetpack_sharing_enabled":true,"jetpack_likes_enabled":true,"_links":{"self":[{"href":"https:\/\/watchdeluxe.it\/de\/wp-json\/wp\/v2\/product\/78001","targetHints":{"allow":["GET"]}}],"collection":[{"href":"https:\/\/watchdeluxe.it\/de\/wp-json\/wp\/v2\/product"}],"about":[{"href":"https:\/\/watchdeluxe.it\/de\/wp-json\/wp\/v2\/types\/product"}],"wp:featuredmedia":[{"embeddable":true,"href":"https:\/\/watchdeluxe.it\/de\/wp-json\/wp\/v2\/media\/149530"}],"wp:attachment":[{"href":"https:\/\/watchdeluxe.it\/de\/wp-json\/wp\/v2\/media?parent=78001"}],"wp:term":[{"taxonomy":"product_brand","embeddable":true,"href":"https:\/\/watchdeluxe.it\/de\/wp-json\/wp\/v2\/product_brand?post=78001"},{"taxonomy":"product_cat","embeddable":true,"href":"https:\/\/watchdeluxe.it\/de\/wp-json\/wp\/v2\/product_cat?post=78001"},{"taxonomy":"product_tag","embeddable":true,"href":"https:\/\/watchdeluxe.it\/de\/wp-json\/wp\/v2\/product_tag?post=78001"},{"taxonomy":"berocket_brand","embeddable":true,"href":"https:\/\/watchdeluxe.it\/de\/wp-json\/wp\/v2\/berocket_brand?post=78001"},{"taxonomy":"woo-feed-brand","embeddable":true,"href":"https:\/\/watchdeluxe.it\/de\/wp-json\/wp\/v2\/woo-feed-brand?post=78001"}],"curies":[{"name":"wp","href":"https:\/\/api.w.org\/{rel}","templated":true}]}}