{"id":77973,"date":"2023-03-17T18:39:02","date_gmt":"2023-03-17T17:39:02","guid":{"rendered":"https:\/\/watchdeluxe.it\/prodotto\/mido-commander-rainflower-ref-m0432073601800\/"},"modified":"2023-07-16T20:07:28","modified_gmt":"2023-07-16T18:07:28","slug":"mido-commander-rainflower-ref-m0432073601800","status":"publish","type":"product","link":"https:\/\/watchdeluxe.it\/de\/prodotto\/mido-commander-rainflower-ref-m0432073601800\/","title":{"rendered":"Mido Commander RAINFLOWER Ref. M0432073601800"},"content":{"rendered":"<p>Mido Commander RAINFLOWER Ref. M0432073601800<\/p>\n<div id=\"tab-2\" class=\"tab__content\" role=\"tabpanel\" aria-labelledby=\"case-and-crystal\">\n<ul>\n<li>\n<h4 aria-level=\"3\">Geh\u00e4use Optionen<\/h4>\n<p>Geh\u00e4use mit sichtbarem Geh\u00e4useboden<\/li>\n<li>\n<h4 aria-level=\"3\">Glas<\/h4>\n<p>Saphirglas mit beidseitiger Antireflexbeschichtung<\/li>\n<li>\n<h4 aria-level=\"3\">Geh\u00e4use Material<\/h4>\n<p>Edelstahl mit PVD-Behandlung in Ros\u00e9gold<\/li>\n<li>\n<h4 aria-level=\"3\">Dicke (mm)<\/h4>\n<p>9.8<\/li>\n<li>\n<h4 aria-level=\"3\">Geh\u00e4useform<\/h4>\n<p>Rund<\/li>\n<li>\n<h4 aria-level=\"3\">Breite (mm)<\/h4>\n<p>34.00<\/li>\n<li>\n<h4 aria-level=\"3\">L\u00e4nge (mm)<\/h4>\n<p>34.00<\/li>\n<li>\n<h4 aria-level=\"3\">B\u00e4nder (mm)<\/h4>\n<p>15.00<\/li>\n<\/ul>\n<\/div>\n<div id=\"tab-2\" class=\"tab__content\" role=\"tabpanel\" aria-labelledby=\"case-and-crystal\"><\/div>\n","protected":false},"excerpt":{"rendered":"<p>Mido Commander RAINFLOWER Ref. M0432073601800 Geh\u00e4use Optionen Geh\u00e4use mit sichtbarem Geh\u00e4useboden Glas Saphirglas mit beidseitiger Antireflexbeschichtung Geh\u00e4use Material Edelstahl mit PVD-Behandlung in Ros\u00e9gold Dicke (mm) 9.8 Geh\u00e4useform Rund Breite (mm) 34.00 L\u00e4nge (mm) 34.00 B\u00e4nder (mm) 15.00<\/p>\n","protected":false},"featured_media":139418,"template":"","meta":{"_crdt_document":"","advanced_seo_description":"","jetpack_seo_html_title":"","jetpack_seo_noindex":false},"product_brand":[],"product_cat":[2938],"product_tag":[3606],"berocket_brand":[],"woo-feed-brand":[],"class_list":{"0":"post-77973","1":"product","2":"type-product","3":"status-publish","4":"has-post-thumbnail","6":"product_cat-mido-de","7":"product_tag-rainflower-de","9":"first","10":"instock","11":"sale","12":"taxable","13":"shipping-taxable","14":"purchasable","15":"product-type-simple"},"bundled_by":[],"bundle_stock_status":"instock","bundle_stock_quantity":1,"bundle_virtual":false,"bundle_layout":"","bundle_add_to_cart_form_location":"","bundle_editable_in_cart":false,"bundle_sold_individually_context":"","bundle_item_grouping":"","bundle_min_size":"","bundle_max_size":"","bundle_price":[],"bundled_items":[],"bundle_sell_ids":[],"group_of_quantity":0,"min_quantity":0,"max_quantity":"","exclude_order_quantity_value_rules":"no","exclude_category_quantity_rules":"no","combine_variations":"no","jetpack_sharing_enabled":true,"jetpack_likes_enabled":true,"_links":{"self":[{"href":"https:\/\/watchdeluxe.it\/de\/wp-json\/wp\/v2\/product\/77973","targetHints":{"allow":["GET"]}}],"collection":[{"href":"https:\/\/watchdeluxe.it\/de\/wp-json\/wp\/v2\/product"}],"about":[{"href":"https:\/\/watchdeluxe.it\/de\/wp-json\/wp\/v2\/types\/product"}],"wp:featuredmedia":[{"embeddable":true,"href":"https:\/\/watchdeluxe.it\/de\/wp-json\/wp\/v2\/media\/139418"}],"wp:attachment":[{"href":"https:\/\/watchdeluxe.it\/de\/wp-json\/wp\/v2\/media?parent=77973"}],"wp:term":[{"taxonomy":"product_brand","embeddable":true,"href":"https:\/\/watchdeluxe.it\/de\/wp-json\/wp\/v2\/product_brand?post=77973"},{"taxonomy":"product_cat","embeddable":true,"href":"https:\/\/watchdeluxe.it\/de\/wp-json\/wp\/v2\/product_cat?post=77973"},{"taxonomy":"product_tag","embeddable":true,"href":"https:\/\/watchdeluxe.it\/de\/wp-json\/wp\/v2\/product_tag?post=77973"},{"taxonomy":"berocket_brand","embeddable":true,"href":"https:\/\/watchdeluxe.it\/de\/wp-json\/wp\/v2\/berocket_brand?post=77973"},{"taxonomy":"woo-feed-brand","embeddable":true,"href":"https:\/\/watchdeluxe.it\/de\/wp-json\/wp\/v2\/woo-feed-brand?post=77973"}],"curies":[{"name":"wp","href":"https:\/\/api.w.org\/{rel}","templated":true}]}}