{"id":77943,"date":"2023-03-17T18:39:03","date_gmt":"2023-03-17T17:39:03","guid":{"rendered":"https:\/\/watchdeluxe.it\/prodotto\/mido-multifort-skeleton-vertigo-ref-m0384363705100\/"},"modified":"2026-04-06T07:41:35","modified_gmt":"2026-04-06T05:41:35","slug":"mido-multifort-skeleton-vertigo-ref-m0384363705100","status":"publish","type":"product","link":"https:\/\/watchdeluxe.it\/de\/prodotto\/mido-multifort-skeleton-vertigo-ref-m0384363705100\/","title":{"rendered":"Mido Multifort Skeleton Vertigo ref. M0384363705100"},"content":{"rendered":"<p>Mido Multifort Skeleton Vertigo ref. M0384363705100<\/p>\n<div id=\"tab-2\" class=\"tab__content\" role=\"tabpanel\" aria-labelledby=\"case-and-crystal\">\n<ul>\n<li>\n<h4>Geh\u00e4use Optionen<\/h4>\n<p>Geh\u00e4use mit sichtbarem Geh\u00e4useboden<\/li>\n<li>\n<h4>Glas<\/h4>\n<p>Saphirglas mit beidseitiger Antireflexbeschichtung<\/li>\n<li>\n<h4>Geh\u00e4use Material<\/h4>\n<p>Rostfreier Stahl mit schwarzer PVD-Beschichtung<\/li>\n<li>\n<h4>Breite (mm)<\/h4>\n<p>42.00<\/li>\n<li>\n<h4>B\u00e4nder (mm)<\/h4>\n<p>22.00<\/li>\n<li>\n<h4>Dicke (mm)<\/h4>\n<p>10.6<\/li>\n<li>\n<h4>Geh\u00e4useform<\/h4>\n<p>Rund<\/li>\n<li>\n<h4>L\u00e4nge (mm)<\/h4>\n<p>42.00<\/li>\n<li>\n<h4>Kaliber<\/h4>\n<p>Mido Automatik Kaliber 80 (ETA Basis C07.631)<\/li>\n<\/ul>\n<\/div>\n","protected":false},"excerpt":{"rendered":"<p>Mido Multifort Skeleton Vertigo ref. M0384363705100 Geh\u00e4use Optionen Geh\u00e4use mit sichtbarem Geh\u00e4useboden Glas Saphirglas mit beidseitiger Antireflexbeschichtung Geh\u00e4use Material Rostfreier Stahl mit schwarzer PVD-Beschichtung Breite (mm) 42.00 B\u00e4nder (mm) 22.00 Dicke (mm) 10.6 Geh\u00e4useform Rund L\u00e4nge (mm) 42.00 Kaliber Mido Automatik Kaliber 80 (ETA Basis C07.631)<\/p>\n","protected":false},"featured_media":152822,"template":"","meta":{"_crdt_document":"","advanced_seo_description":"","jetpack_seo_html_title":"","jetpack_seo_noindex":false},"product_brand":[],"product_cat":[2938],"product_tag":[2939],"berocket_brand":[],"woo-feed-brand":[],"class_list":{"0":"post-77943","1":"product","2":"type-product","3":"status-publish","4":"has-post-thumbnail","6":"product_cat-mido-de","7":"product_tag-multifort-de","9":"first","10":"instock","11":"sale","12":"taxable","13":"shipping-taxable","14":"purchasable","15":"product-type-simple"},"bundled_by":[],"bundle_stock_status":"instock","bundle_stock_quantity":1,"bundle_virtual":false,"bundle_layout":"","bundle_add_to_cart_form_location":"","bundle_editable_in_cart":false,"bundle_sold_individually_context":"","bundle_item_grouping":"","bundle_min_size":"","bundle_max_size":"","bundle_price":[],"bundled_items":[],"bundle_sell_ids":[],"group_of_quantity":0,"min_quantity":0,"max_quantity":"","exclude_order_quantity_value_rules":"no","exclude_category_quantity_rules":"no","combine_variations":"no","jetpack_sharing_enabled":true,"jetpack_likes_enabled":true,"_links":{"self":[{"href":"https:\/\/watchdeluxe.it\/de\/wp-json\/wp\/v2\/product\/77943","targetHints":{"allow":["GET"]}}],"collection":[{"href":"https:\/\/watchdeluxe.it\/de\/wp-json\/wp\/v2\/product"}],"about":[{"href":"https:\/\/watchdeluxe.it\/de\/wp-json\/wp\/v2\/types\/product"}],"wp:featuredmedia":[{"embeddable":true,"href":"https:\/\/watchdeluxe.it\/de\/wp-json\/wp\/v2\/media\/152822"}],"wp:attachment":[{"href":"https:\/\/watchdeluxe.it\/de\/wp-json\/wp\/v2\/media?parent=77943"}],"wp:term":[{"taxonomy":"product_brand","embeddable":true,"href":"https:\/\/watchdeluxe.it\/de\/wp-json\/wp\/v2\/product_brand?post=77943"},{"taxonomy":"product_cat","embeddable":true,"href":"https:\/\/watchdeluxe.it\/de\/wp-json\/wp\/v2\/product_cat?post=77943"},{"taxonomy":"product_tag","embeddable":true,"href":"https:\/\/watchdeluxe.it\/de\/wp-json\/wp\/v2\/product_tag?post=77943"},{"taxonomy":"berocket_brand","embeddable":true,"href":"https:\/\/watchdeluxe.it\/de\/wp-json\/wp\/v2\/berocket_brand?post=77943"},{"taxonomy":"woo-feed-brand","embeddable":true,"href":"https:\/\/watchdeluxe.it\/de\/wp-json\/wp\/v2\/woo-feed-brand?post=77943"}],"curies":[{"name":"wp","href":"https:\/\/api.w.org\/{rel}","templated":true}]}}