{"id":77927,"date":"2023-03-17T18:39:07","date_gmt":"2023-03-17T17:39:07","guid":{"rendered":"https:\/\/watchdeluxe.it\/prodotto\/nomos-glashutte-tangente-38-datum-ref-130\/"},"modified":"2026-04-23T14:26:57","modified_gmt":"2026-04-23T12:26:57","slug":"nomos-glashutte-tangent-38-datario-ref-130","status":"publish","type":"product","link":"https:\/\/watchdeluxe.it\/de\/prodotto\/nomos-glashutte-tangent-38-datario-ref-130\/","title":{"rendered":"Nomos glashutte Tangente 38 Datum ref. 130"},"content":{"rendered":"<p>Nomos glashutte Tangente 38 Datum ref. 130<\/p>\n<div class=\"list-couple\">\n<div class=\"specs-list\">\n<dl>\n<dt>Geh\u00e4use<\/dt>\n<dd>\nGeh\u00e4useboden aus Edelstahl mit Saphirglas<\/dd>\n<\/dl>\n<dl>\n<dt>Glas<\/dt>\n<dd>Saphirglas<\/dd>\n<\/dl>\n<dl>\n<dt>Laden Sie<\/dt>\n<dd>manuell<\/dd>\n<\/dl>\n<dl>\n<dt>Abmessungen<\/dt>\n<dd>\n<p>Durchmesser <span class=\"size-property\"> 37,5 mm <\/span> Dicke<span class=\"size-property\"> 6,8 mm <\/span> \u00c4u\u00dfere Schlaufengr\u00f6\u00dfe<span class=\"size-property\"> 47,7 mm <\/span><\/dd>\n<\/dl>\n<dl>\n<dt>Wasserbest\u00e4ndigkeit<\/dt>\n<dd>3 atm (spritzwassergesch\u00fctzt)<\/dd>\n<\/dl>\n<\/div>\n<div class=\"specs-list\">\n<dl>\n<dt>Zifferblatt<\/dt>\n<dd>galvanisiert, wei\u00df versilbert<\/dd>\n<\/dl>\n<dl>\n<dt>H\u00e4nde<\/dt>\n<dd>blau geh\u00e4rtet<\/dd>\n<\/dl>\n<dl>\n<dt>Armband<\/dt>\n<dd>\nHorween Genuine Shell Cordovan schwarz<span class=\"size-property\"> Ansto\u00dfbreite 19 mm <\/span><\/dd>\n<\/dl>\n<\/div>\n<\/div>\n","protected":false},"excerpt":{"rendered":"<p>Nomos glashutte Tangente 38 Datum ref. 130 Geh\u00e4use Geh\u00e4useboden aus Edelstahl mit Saphirglas Glas Saphirglas Laden Sie manuell Abmessungen Durchmesser 37,5 mm Dicke 6,8 mm \u00c4u\u00dfere Schlaufengr\u00f6\u00dfe 47,7 mm Wasserbest\u00e4ndigkeit 3 atm (spritzwassergesch\u00fctzt) Zifferblatt galvanisiert, wei\u00df versilbert H\u00e4nde blau geh\u00e4rtet Armband Horween Genuine Shell Cordovan schwarz Ansto\u00dfbreite 19 mm<\/p>\n","protected":false},"featured_media":178068,"template":"","meta":{"_crdt_document":"","advanced_seo_description":"","jetpack_seo_html_title":"","jetpack_seo_noindex":false},"product_brand":[],"product_cat":[1919],"product_tag":[3740],"berocket_brand":[],"woo-feed-brand":[],"class_list":{"0":"post-77927","1":"product","2":"type-product","3":"status-publish","4":"has-post-thumbnail","6":"product_cat-nomos-glashutte","7":"product_tag-tangente-2","9":"first","10":"instock","11":"sale","12":"taxable","13":"shipping-taxable","14":"purchasable","15":"product-type-simple"},"bundled_by":[],"bundle_stock_status":"instock","bundle_stock_quantity":1,"bundle_virtual":false,"bundle_layout":"","bundle_add_to_cart_form_location":"","bundle_editable_in_cart":false,"bundle_sold_individually_context":"","bundle_item_grouping":"","bundle_min_size":"","bundle_max_size":"","bundle_price":[],"bundled_items":[],"bundle_sell_ids":[],"group_of_quantity":0,"min_quantity":0,"max_quantity":"","exclude_order_quantity_value_rules":"no","exclude_category_quantity_rules":"no","combine_variations":"no","exclude_global_add_ons":[],"addons":[],"jetpack_sharing_enabled":true,"jetpack_likes_enabled":true,"_links":{"self":[{"href":"https:\/\/watchdeluxe.it\/de\/wp-json\/wp\/v2\/product\/77927","targetHints":{"allow":["GET"]}}],"collection":[{"href":"https:\/\/watchdeluxe.it\/de\/wp-json\/wp\/v2\/product"}],"about":[{"href":"https:\/\/watchdeluxe.it\/de\/wp-json\/wp\/v2\/types\/product"}],"wp:featuredmedia":[{"embeddable":true,"href":"https:\/\/watchdeluxe.it\/de\/wp-json\/wp\/v2\/media\/178068"}],"wp:attachment":[{"href":"https:\/\/watchdeluxe.it\/de\/wp-json\/wp\/v2\/media?parent=77927"}],"wp:term":[{"taxonomy":"product_brand","embeddable":true,"href":"https:\/\/watchdeluxe.it\/de\/wp-json\/wp\/v2\/product_brand?post=77927"},{"taxonomy":"product_cat","embeddable":true,"href":"https:\/\/watchdeluxe.it\/de\/wp-json\/wp\/v2\/product_cat?post=77927"},{"taxonomy":"product_tag","embeddable":true,"href":"https:\/\/watchdeluxe.it\/de\/wp-json\/wp\/v2\/product_tag?post=77927"},{"taxonomy":"berocket_brand","embeddable":true,"href":"https:\/\/watchdeluxe.it\/de\/wp-json\/wp\/v2\/berocket_brand?post=77927"},{"taxonomy":"woo-feed-brand","embeddable":true,"href":"https:\/\/watchdeluxe.it\/de\/wp-json\/wp\/v2\/woo-feed-brand?post=77927"}],"curies":[{"name":"wp","href":"https:\/\/api.w.org\/{rel}","templated":true}]}}