{"id":77908,"date":"2023-03-17T18:39:07","date_gmt":"2023-03-17T17:39:07","guid":{"rendered":"https:\/\/watchdeluxe.it\/prodotto\/omega-speedmaster-38-co-axial-chronograph-38-mm-ref-324-30-38-50-03-002\/"},"modified":"2025-01-03T16:16:25","modified_gmt":"2025-01-03T15:16:25","slug":"omega-speedmaster-38-co-axial-chronograph-38-mm-ref-324-30-38-50-03-002","status":"publish","type":"product","link":"https:\/\/watchdeluxe.it\/de\/prodotto\/omega-speedmaster-38-co-axial-chronograph-38-mm-ref-324-30-38-50-03-002\/","title":{"rendered":"Omega Speedmaster 38 Co-Axial Chronograph 38 Mm Ref. 324.30.38.50.03.002"},"content":{"rendered":"<p>Omega Speedmaster 38 Co-Axial Chronograph 38 Mm Ref. 324.30.38.50.03.002<\/p>\n<table class=\"data-table\">\n<tbody>\n<tr class=\"odd\">\n<td class=\"spec-name\">Marke<\/td>\n<td class=\"spec-value\">Omega<\/td>\n<\/tr>\n<tr class=\"even\">\n<td class=\"spec-name\">Leitung<\/td>\n<td class=\"spec-value\">SPEEDMASTER<\/td>\n<\/tr>\n<tr class=\"odd\">\n<td class=\"spec-name\">Modell<\/td>\n<td class=\"spec-value\">Speedmaster 38<\/td>\n<\/tr>\n<tr class=\"even\">\n<td class=\"spec-name\">Komplikation<\/td>\n<td class=\"spec-value\">CHRONOGRAPH<\/td>\n<\/tr>\n<tr class=\"odd\">\n<td class=\"spec-name\">Bewegung<\/td>\n<td class=\"spec-value\">AUTOMATIK<\/td>\n<\/tr>\n<tr class=\"even\">\n<td class=\"spec-name\">Dater<\/td>\n<td class=\"spec-value\">DATEN<\/td>\n<\/tr>\n<tr class=\"odd\">\n<td class=\"spec-name\">Formular<\/td>\n<td class=\"spec-value\">RUND<\/td>\n<\/tr>\n<tr class=\"even\">\n<td class=\"spec-name\">Gr\u00f6\u00dfe<\/td>\n<td class=\"spec-value\">38 MM<\/td>\n<\/tr>\n<tr class=\"odd\">\n<td class=\"spec-name\">Geh\u00e4use Material<\/td>\n<td class=\"spec-value\">Stahl<\/td>\n<\/tr>\n<tr class=\"even\">\n<td class=\"spec-name\">Art des Glases<\/td>\n<td class=\"spec-value\">SAPPHIRE<\/td>\n<\/tr>\n<tr class=\"odd\">\n<td class=\"spec-name\">W\u00e4hlen Sie<\/td>\n<td class=\"spec-value\">BLAU<\/td>\n<\/tr>\n<tr class=\"even\">\n<td class=\"spec-name\">Armb\u00e4nder<\/td>\n<td class=\"spec-value\">STAHL<\/td>\n<\/tr>\n<tr class=\"odd\">\n<td class=\"spec-name\">Wasserdicht<\/td>\n<td class=\"spec-value\">100 M<\/td>\n<\/tr>\n<\/tbody>\n<\/table>\n","protected":false},"excerpt":{"rendered":"<p>Omega Speedmaster 38 Co-Axial Chronograph 38 Mm Ref. 324.30.38.50.03.002 Marke Omega Leitung SPEEDMASTER Modell Speedmaster 38 Komplikation CHRONOGRAPH Bewegung AUTOMATIK Dater DATEN Formular RUND Gr\u00f6\u00dfe 38 MM Geh\u00e4use Material Stahl Art des Glases SAPPHIRE W\u00e4hlen Sie BLAU Armb\u00e4nder STAHL Wasserdicht 100 M<\/p>\n","protected":false},"featured_media":59373,"template":"","meta":{"_crdt_document":"","advanced_seo_description":"","jetpack_seo_html_title":"","jetpack_seo_noindex":false,"jetpack_post_was_ever_published":false},"product_brand":[2155],"product_cat":[2280],"product_tag":[2286],"berocket_brand":[],"woo-feed-brand":[],"class_list":{"0":"post-77908","1":"product","2":"type-product","3":"status-publish","4":"has-post-thumbnail","6":"product_brand-omega","7":"product_cat-omega-de","8":"product_tag-speedmaster-de","10":"first","11":"instock","12":"sale","13":"taxable","14":"shipping-taxable","15":"purchasable","16":"product-type-simple"},"bundled_by":[],"bundle_stock_status":"instock","bundle_stock_quantity":1,"bundle_virtual":false,"bundle_layout":"","bundle_add_to_cart_form_location":"","bundle_editable_in_cart":false,"bundle_sold_individually_context":"","bundle_item_grouping":"","bundle_min_size":"","bundle_max_size":"","bundle_price":[],"bundled_items":[],"bundle_sell_ids":[],"group_of_quantity":0,"min_quantity":0,"max_quantity":"","exclude_order_quantity_value_rules":"no","exclude_category_quantity_rules":"no","combine_variations":"no","exclude_global_add_ons":[],"addons":[],"jetpack_sharing_enabled":true,"jetpack_likes_enabled":true,"_links":{"self":[{"href":"https:\/\/watchdeluxe.it\/de\/wp-json\/wp\/v2\/product\/77908","targetHints":{"allow":["GET"]}}],"collection":[{"href":"https:\/\/watchdeluxe.it\/de\/wp-json\/wp\/v2\/product"}],"about":[{"href":"https:\/\/watchdeluxe.it\/de\/wp-json\/wp\/v2\/types\/product"}],"wp:featuredmedia":[{"embeddable":true,"href":"https:\/\/watchdeluxe.it\/de\/wp-json\/wp\/v2\/media\/59373"}],"wp:attachment":[{"href":"https:\/\/watchdeluxe.it\/de\/wp-json\/wp\/v2\/media?parent=77908"}],"wp:term":[{"taxonomy":"product_brand","embeddable":true,"href":"https:\/\/watchdeluxe.it\/de\/wp-json\/wp\/v2\/product_brand?post=77908"},{"taxonomy":"product_cat","embeddable":true,"href":"https:\/\/watchdeluxe.it\/de\/wp-json\/wp\/v2\/product_cat?post=77908"},{"taxonomy":"product_tag","embeddable":true,"href":"https:\/\/watchdeluxe.it\/de\/wp-json\/wp\/v2\/product_tag?post=77908"},{"taxonomy":"berocket_brand","embeddable":true,"href":"https:\/\/watchdeluxe.it\/de\/wp-json\/wp\/v2\/berocket_brand?post=77908"},{"taxonomy":"woo-feed-brand","embeddable":true,"href":"https:\/\/watchdeluxe.it\/de\/wp-json\/wp\/v2\/woo-feed-brand?post=77908"}],"curies":[{"name":"wp","href":"https:\/\/api.w.org\/{rel}","templated":true}]}}