{"id":77883,"date":"2023-03-17T18:39:11","date_gmt":"2023-03-17T17:39:11","guid":{"rendered":"https:\/\/watchdeluxe.it\/prodotto\/nomos-glashuette-autobahn-neomatik-41-sport-grau-datumsanzeige-ref-1303\/"},"modified":"2026-04-23T14:27:00","modified_gmt":"2026-04-23T12:27:00","slug":"nomos-glashutte-autobahn-neomatik-41-datario-grau-sport-ref-1303","status":"publish","type":"product","link":"https:\/\/watchdeluxe.it\/de\/prodotto\/nomos-glashutte-autobahn-neomatik-41-datario-grau-sport-ref-1303\/","title":{"rendered":"Nomos Glash\u00fctte Autobahn neomatik 41 sport grau datumsanzeige ref. 1303"},"content":{"rendered":"<p>Nomos Glash\u00fctte Autobahn neomatik 41 sport grau datumsanzeige ref. 1303<\/p>\n<div class=\"specs-list\">\n<dl>\n<dt>Fall<\/dt>\n<dd>Edelstahl, zweiteilig<br \/>\ngew\u00f6lbter Saphirglas-Geh\u00e4useboden<\/dd>\n<\/dl>\n<dl>\n<dt>Glas<\/dt>\n<dd>gew\u00f6lbtes Saphirglas mit Antireflexionsbeschichtung<\/dd>\n<\/dl>\n<dl>\n<dt>Laden Sie<\/dt>\n<dd>automatisch<\/dd>\n<\/dl>\n<dl>\n<dt>Abmessungen<\/dt>\n<dd>Durchmesser <span class=\"size-property\"> 41,0 mm <\/span><br \/>\nDicke <span class=\"size-property\"> 10,5 mm <\/span><br \/>\n\u00c4u\u00dfere Schlaufengr\u00f6\u00dfe <span class=\"size-property\"> 49,6 mm <\/span> <\/dd>\n<\/dl>\n<dl>\n<dt>Wasserbest\u00e4ndigkeit<\/dt>\n<dd>10 atm (beim Schwimmen tragbar)<\/dd>\n<\/dl>\n<\/div>\n<div class=\"specs-list\">\n<dl>\n<dt>W\u00e4hlen Sie<\/dt>\n<dd>verzinkt, rhodiniert<br \/>\nblau leuchtender Ring mit Superluminova<br \/>\nverl\u00e4ngerte Datumsanzeige<\/dd>\n<\/dl>\n<dl>\n<dt>H\u00e4nde<\/dt>\n<dd>rhodiniert<\/dd>\n<\/dl>\n<dl>\n<dt>Gurt<\/dt>\n<dd>Blau-schwarzer, gewebter, wasserfester Stoffriemen<br \/>\n<span class=\"size-property\">  Schlaufenbreite 20 mm  <\/span><\/dd>\n<\/dl>\n<dl>\n<dt>Schnalle<\/dt>\n<dd>Dornschlie\u00dfe, quadratisch, Edelstahl<\/dd>\n<\/dl>\n<\/div>\n","protected":false},"excerpt":{"rendered":"<p>Nomos Glash\u00fctte Autobahn neomatik 41 sport grau datumsanzeige ref. 1303 Fall Edelstahl, zweiteilig gew\u00f6lbter Saphirglas-Geh\u00e4useboden Glas gew\u00f6lbtes Saphirglas mit Antireflexionsbeschichtung Laden Sie automatisch Abmessungen Durchmesser 41,0 mm Dicke 10,5 mm \u00c4u\u00dfere Schlaufengr\u00f6\u00dfe 49,6 mm Wasserbest\u00e4ndigkeit 10 atm (beim Schwimmen tragbar) W\u00e4hlen Sie verzinkt, rhodiniert blau leuchtender Ring mit Superluminova verl\u00e4ngerte Datumsanzeige H\u00e4nde rhodiniert Gurt Blau-schwarzer, [&hellip;]<\/p>\n","protected":false},"featured_media":178074,"template":"","meta":{"_crdt_document":"","advanced_seo_description":"","jetpack_seo_html_title":"","jetpack_seo_noindex":false},"product_brand":[],"product_cat":[1919],"product_tag":[1665],"berocket_brand":[],"woo-feed-brand":[],"class_list":{"0":"post-77883","1":"product","2":"type-product","3":"status-publish","4":"has-post-thumbnail","6":"product_cat-nomos-glashutte","7":"product_tag-autobahn","9":"first","10":"instock","11":"sale","12":"taxable","13":"shipping-taxable","14":"purchasable","15":"product-type-simple"},"bundled_by":[],"bundle_stock_status":"instock","bundle_stock_quantity":1,"bundle_virtual":false,"bundle_layout":"","bundle_add_to_cart_form_location":"","bundle_editable_in_cart":false,"bundle_sold_individually_context":"","bundle_item_grouping":"","bundle_min_size":"","bundle_max_size":"","bundle_price":[],"bundled_items":[],"bundle_sell_ids":[],"group_of_quantity":0,"min_quantity":0,"max_quantity":"","exclude_order_quantity_value_rules":"no","exclude_category_quantity_rules":"no","combine_variations":"no","jetpack_sharing_enabled":true,"jetpack_likes_enabled":true,"_links":{"self":[{"href":"https:\/\/watchdeluxe.it\/de\/wp-json\/wp\/v2\/product\/77883","targetHints":{"allow":["GET"]}}],"collection":[{"href":"https:\/\/watchdeluxe.it\/de\/wp-json\/wp\/v2\/product"}],"about":[{"href":"https:\/\/watchdeluxe.it\/de\/wp-json\/wp\/v2\/types\/product"}],"wp:featuredmedia":[{"embeddable":true,"href":"https:\/\/watchdeluxe.it\/de\/wp-json\/wp\/v2\/media\/178074"}],"wp:attachment":[{"href":"https:\/\/watchdeluxe.it\/de\/wp-json\/wp\/v2\/media?parent=77883"}],"wp:term":[{"taxonomy":"product_brand","embeddable":true,"href":"https:\/\/watchdeluxe.it\/de\/wp-json\/wp\/v2\/product_brand?post=77883"},{"taxonomy":"product_cat","embeddable":true,"href":"https:\/\/watchdeluxe.it\/de\/wp-json\/wp\/v2\/product_cat?post=77883"},{"taxonomy":"product_tag","embeddable":true,"href":"https:\/\/watchdeluxe.it\/de\/wp-json\/wp\/v2\/product_tag?post=77883"},{"taxonomy":"berocket_brand","embeddable":true,"href":"https:\/\/watchdeluxe.it\/de\/wp-json\/wp\/v2\/berocket_brand?post=77883"},{"taxonomy":"woo-feed-brand","embeddable":true,"href":"https:\/\/watchdeluxe.it\/de\/wp-json\/wp\/v2\/woo-feed-brand?post=77883"}],"curies":[{"name":"wp","href":"https:\/\/api.w.org\/{rel}","templated":true}]}}