{"id":77866,"date":"2023-03-17T18:39:12","date_gmt":"2023-03-17T17:39:12","guid":{"rendered":"https:\/\/watchdeluxe.it\/prodotto\/longines-primaluna-ref-l81100876\/"},"modified":"2025-04-30T17:39:10","modified_gmt":"2025-04-30T15:39:10","slug":"longines-primaluna-ref-l81100876","status":"publish","type":"product","link":"https:\/\/watchdeluxe.it\/de\/prodotto\/longines-primaluna-ref-l81100876\/","title":{"rendered":"Longines Primaluna ref. L81100876"},"content":{"rendered":"<p>Longines Primaluna ref. L81100876<\/p>\n<table class=\"table\">\n<tbody>\n<tr>\n<td><span class=\"h6 mb-0\">Verschluss<\/span><\/td>\n<td>Mit Dreifach-Sicherheitsfaltschlie\u00dfe und Push-to-Open-Mechanismus<\/td>\n<\/tr>\n<tr>\n<td><span class=\"h6 mb-0\">Glas<\/span><\/td>\n<td>Kratzfestes Saphirglas mit mehrschichtiger Antireflexionsbeschichtung auf der Innenseite<\/td>\n<\/tr>\n<tr>\n<td><span class=\"h6 mb-0\">Geh\u00e4use<\/span><\/td>\n<td>26,5 mm Stahl mit fester L\u00fcnette, besetzt mit 44 Diamanten<\/td>\n<\/tr>\n<tr>\n<td><span class=\"h6 mb-0\">Zifferblatt<\/span><\/td>\n<td>Wei\u00dfes Perlmutt mit 11 Diamantindexen und gebl\u00e4uten Stahlzeigern; Datumsfenster<\/td>\n<\/tr>\n<tr>\n<td><span class=\"h6 mb-0\">Wasserdicht<\/span><\/td>\n<td>Wasserdicht bis zu 3 bar<\/td>\n<\/tr>\n<tr>\n<td><span class=\"h6 mb-0\">Uhrwerk<\/span><\/td>\n<td>Quarz L250<\/td>\n<\/tr>\n<tr>\n<td><span class=\"h6 mb-0\">Geh\u00e4useboden <\/span><\/td>\n<td>Geschlossener Geh\u00e4useboden<\/td>\n<\/tr>\n<tr>\n<td><span class=\"h6 mb-0\">Funktion<\/span><\/td>\n<td>Stunden, Minuten, Sekunden und Datum; E.O.L.<\/td>\n<\/tr>\n<tr>\n<td><span class=\"h6 mb-0\">Armband<\/span><\/td>\n<td>Edelstahlarmband<\/td>\n<\/tr>\n<tr>\n<td><span class=\"h6 mb-0\">Edelsteine<\/span><\/td>\n<td>Zifferblatt besetzt mit 11 Top Wesselton VS-SI Diamanten, insgesamt 0,032 Karat; Geh\u00e4use besetzt mit 44 Top Wesselton IF-VVS Diamanten, insgesamt 0,299 Karat<\/td>\n<\/tr>\n<tr>\n<td><span class=\"h6 mb-0\">Geschlecht<\/span><\/td>\n<td>Frau<\/td>\n<\/tr>\n<\/tbody>\n<\/table>\n","protected":false},"excerpt":{"rendered":"<p>Longines Primaluna ref. L81100876 Verschluss Mit Dreifach-Sicherheitsfaltschlie\u00dfe und Push-to-Open-Mechanismus Glas Kratzfestes Saphirglas mit mehrschichtiger Antireflexionsbeschichtung auf der Innenseite Geh\u00e4use 26,5 mm Stahl mit fester L\u00fcnette, besetzt mit 44 Diamanten Zifferblatt Wei\u00dfes Perlmutt mit 11 Diamantindexen und gebl\u00e4uten Stahlzeigern; Datumsfenster Wasserdicht Wasserdicht bis zu 3 bar Uhrwerk Quarz L250 Geh\u00e4useboden Geschlossener Geh\u00e4useboden Funktion Stunden, Minuten, Sekunden [&hellip;]<\/p>\n","protected":false},"featured_media":166044,"template":"","meta":{"_crdt_document":"","advanced_seo_description":"","jetpack_seo_html_title":"","jetpack_seo_noindex":false},"product_brand":[],"product_cat":[2192],"product_tag":[3055],"berocket_brand":[],"woo-feed-brand":[],"class_list":{"0":"post-77866","1":"product","2":"type-product","3":"status-publish","4":"has-post-thumbnail","6":"product_cat-longines-de","7":"product_tag-primaluna-de","9":"first","10":"instock","11":"sale","12":"taxable","13":"shipping-taxable","14":"purchasable","15":"product-type-simple"},"bundled_by":[],"bundle_stock_status":"instock","bundle_stock_quantity":1,"bundle_virtual":false,"bundle_layout":"","bundle_add_to_cart_form_location":"","bundle_editable_in_cart":false,"bundle_sold_individually_context":"","bundle_item_grouping":"","bundle_min_size":"","bundle_max_size":"","bundle_price":[],"bundled_items":[],"bundle_sell_ids":[],"group_of_quantity":0,"min_quantity":0,"max_quantity":"","exclude_order_quantity_value_rules":"no","exclude_category_quantity_rules":"no","combine_variations":"no","jetpack_sharing_enabled":true,"jetpack_likes_enabled":true,"_links":{"self":[{"href":"https:\/\/watchdeluxe.it\/de\/wp-json\/wp\/v2\/product\/77866","targetHints":{"allow":["GET"]}}],"collection":[{"href":"https:\/\/watchdeluxe.it\/de\/wp-json\/wp\/v2\/product"}],"about":[{"href":"https:\/\/watchdeluxe.it\/de\/wp-json\/wp\/v2\/types\/product"}],"wp:featuredmedia":[{"embeddable":true,"href":"https:\/\/watchdeluxe.it\/de\/wp-json\/wp\/v2\/media\/166044"}],"wp:attachment":[{"href":"https:\/\/watchdeluxe.it\/de\/wp-json\/wp\/v2\/media?parent=77866"}],"wp:term":[{"taxonomy":"product_brand","embeddable":true,"href":"https:\/\/watchdeluxe.it\/de\/wp-json\/wp\/v2\/product_brand?post=77866"},{"taxonomy":"product_cat","embeddable":true,"href":"https:\/\/watchdeluxe.it\/de\/wp-json\/wp\/v2\/product_cat?post=77866"},{"taxonomy":"product_tag","embeddable":true,"href":"https:\/\/watchdeluxe.it\/de\/wp-json\/wp\/v2\/product_tag?post=77866"},{"taxonomy":"berocket_brand","embeddable":true,"href":"https:\/\/watchdeluxe.it\/de\/wp-json\/wp\/v2\/berocket_brand?post=77866"},{"taxonomy":"woo-feed-brand","embeddable":true,"href":"https:\/\/watchdeluxe.it\/de\/wp-json\/wp\/v2\/woo-feed-brand?post=77866"}],"curies":[{"name":"wp","href":"https:\/\/api.w.org\/{rel}","templated":true}]}}