{"id":77821,"date":"2023-03-17T18:39:19","date_gmt":"2023-03-17T17:39:19","guid":{"rendered":"https:\/\/watchdeluxe.it\/prodotto\/grand-seiko-heritage-ref-sbga201g\/"},"modified":"2026-04-06T04:08:24","modified_gmt":"2026-04-06T02:08:24","slug":"grand-seiko-erbschaft-ref-sbga201g","status":"publish","type":"product","link":"https:\/\/watchdeluxe.it\/de\/prodotto\/grand-seiko-erbschaft-ref-sbga201g\/","title":{"rendered":"Grand Seiko Heritage ref. SBGA201G"},"content":{"rendered":"<div class=\"product-spec-inner\">\n<table>\n<tbody>\n<tr>\n<th>Geh\u00e4use-Material :<\/th>\n<td>Rostfreier Stahl<\/td>\n<\/tr>\n<tr>\n<th>Glasmaterial:<\/th>\n<td>Doppelt gew\u00f6lbtes Saphirglas<\/td>\n<\/tr>\n<tr>\n<th>Glasbeschichtung :<\/th>\n<td>Antireflektierende Beschichtung auf der Innenseite<\/td>\n<\/tr>\n<tr>\n<th>Geh\u00e4usema\u00dfe:<\/th>\n<td>Durchmesser 41 mm Lug-to-Lug 49 mm H\u00f6he 12,5 mm<\/td>\n<\/tr>\n<tr>\n<th>Armbandl\u00e4nge:<\/th>\n<td>195 mm<\/td>\n<\/tr>\n<tr>\n<th>Schlie\u00dfe:<\/th>\n<td>Dreifachfaltschlie\u00dfe mit Sicherheitsdr\u00fccker<\/td>\n<\/tr>\n<\/tbody>\n<\/table>\n<\/div>\n<p>Bewegung<i class=\"fa fa-angle-down\" aria-hidden=\"true\"><\/i><\/p>\n<div class=\"product-spec-inner\">\n<table>\n<tbody>\n<tr>\n<th>Kalibernummer:<\/th>\n<td><a href=\"https:\/\/www.grand-seiko.com\/it-it\/about\/movement\/springdrive\/9r65\"> 9R65 <\/a> <span class=\"link-pdf\">Bedienungsanleitung<\/span><i class=\"fa fa-file-pdf-o\" aria-label=\"PDF File\"><\/i><\/td>\n<\/tr>\n<tr>\n<th>Gangreserve :<\/th>\n<td>Ca. 72 Stunden (3 Tage)<\/td>\n<\/tr>\n<tr>\n<th>Ganggenauigkeit :<\/th>\n<td>\u00b11 Sekunde pro Tag \/ \u00b115 Sekunden pro Monat (im Durchschnitt)<\/td>\n<\/tr>\n<\/tbody>\n<\/table>\n<\/div>\n<p>Funktionen<i class=\"fa fa-angle-down\" aria-hidden=\"true\"><\/i><\/p>\n<div class=\"product-spec-inner\">\n<table>\n<tbody>\n<tr>\n<th>Wasserdichtheit :<\/th>\n<td>10 bar<\/td>\n<\/tr>\n<tr>\n<th>Magnetischer Widerstand:<\/th>\n<td>4.800 A\/m<\/td>\n<\/tr>\n<tr>\n<th>Gewicht:<\/th>\n<td>150,0 g<\/td>\n<\/tr>\n<tr>\n<th>Andere Details \/ Eigenschaften :<\/th>\n<td>\n<ul>\n<li>\u30fb30 Rubine<\/li>\n<li>\u30fbSchraubenkrone<\/li>\n<li>\u30fbEnergiereserve-Anzeige<\/li>\n<li>\u30fb Einschraubbarer Stab<\/li>\n<li>\u30fbWunde mit L\u00f6wenemblem<\/li>\n<li>\u30fbTransparente R\u00fcckwand<\/li>\n<li>\u30fbSekundenzeigerfunktion anhalten<\/li>\n<\/ul>\n<\/td>\n<\/tr>\n<\/tbody>\n<\/table>\n<\/div>\n","protected":false},"excerpt":{"rendered":"<p>Geh\u00e4use-Material : Rostfreier Stahl Glasmaterial: Doppelt gew\u00f6lbtes Saphirglas Glasbeschichtung : Antireflektierende Beschichtung auf der Innenseite Geh\u00e4usema\u00dfe: Durchmesser 41 mm Lug-to-Lug 49 mm H\u00f6he 12,5 mm Armbandl\u00e4nge: 195 mm Schlie\u00dfe: Dreifachfaltschlie\u00dfe mit Sicherheitsdr\u00fccker Bewegung Kalibernummer: 9R65 Bedienungsanleitung Gangreserve : Ca. 72 Stunden (3 Tage) Ganggenauigkeit : \u00b11 Sekunde pro Tag \/ \u00b115 Sekunden pro Monat (im [&hellip;]<\/p>\n","protected":false},"featured_media":152100,"template":"","meta":{"_crdt_document":"","advanced_seo_description":"","jetpack_seo_html_title":"","jetpack_seo_noindex":false,"jetpack_post_was_ever_published":false},"product_brand":[],"product_cat":[3907],"product_tag":[],"berocket_brand":[],"woo-feed-brand":[],"class_list":{"0":"post-77821","1":"product","2":"type-product","3":"status-publish","4":"has-post-thumbnail","6":"product_cat-grand-seiko-de","8":"first","9":"instock","10":"sale","11":"taxable","12":"shipping-taxable","13":"purchasable","14":"product-type-simple"},"bundled_by":[],"bundle_stock_status":"instock","bundle_stock_quantity":1,"bundle_virtual":false,"bundle_layout":"","bundle_add_to_cart_form_location":"","bundle_editable_in_cart":false,"bundle_sold_individually_context":"","bundle_item_grouping":"","bundle_min_size":"","bundle_max_size":"","bundle_price":[],"bundled_items":[],"bundle_sell_ids":[],"group_of_quantity":0,"min_quantity":0,"max_quantity":"","exclude_order_quantity_value_rules":"no","exclude_category_quantity_rules":"no","combine_variations":"no","exclude_global_add_ons":[],"addons":[],"jetpack_sharing_enabled":true,"jetpack_likes_enabled":true,"_links":{"self":[{"href":"https:\/\/watchdeluxe.it\/de\/wp-json\/wp\/v2\/product\/77821","targetHints":{"allow":["GET"]}}],"collection":[{"href":"https:\/\/watchdeluxe.it\/de\/wp-json\/wp\/v2\/product"}],"about":[{"href":"https:\/\/watchdeluxe.it\/de\/wp-json\/wp\/v2\/types\/product"}],"wp:featuredmedia":[{"embeddable":true,"href":"https:\/\/watchdeluxe.it\/de\/wp-json\/wp\/v2\/media\/152100"}],"wp:attachment":[{"href":"https:\/\/watchdeluxe.it\/de\/wp-json\/wp\/v2\/media?parent=77821"}],"wp:term":[{"taxonomy":"product_brand","embeddable":true,"href":"https:\/\/watchdeluxe.it\/de\/wp-json\/wp\/v2\/product_brand?post=77821"},{"taxonomy":"product_cat","embeddable":true,"href":"https:\/\/watchdeluxe.it\/de\/wp-json\/wp\/v2\/product_cat?post=77821"},{"taxonomy":"product_tag","embeddable":true,"href":"https:\/\/watchdeluxe.it\/de\/wp-json\/wp\/v2\/product_tag?post=77821"},{"taxonomy":"berocket_brand","embeddable":true,"href":"https:\/\/watchdeluxe.it\/de\/wp-json\/wp\/v2\/berocket_brand?post=77821"},{"taxonomy":"woo-feed-brand","embeddable":true,"href":"https:\/\/watchdeluxe.it\/de\/wp-json\/wp\/v2\/woo-feed-brand?post=77821"}],"curies":[{"name":"wp","href":"https:\/\/api.w.org\/{rel}","templated":true}]}}