{"id":77736,"date":"2023-03-17T18:39:24","date_gmt":"2023-03-17T17:39:24","guid":{"rendered":"https:\/\/watchdeluxe.it\/prodotto\/omega-constellation-ref-127-15-27-20-55-001\/"},"modified":"2023-07-16T20:05:24","modified_gmt":"2023-07-16T18:05:24","slug":"omega-constellation-ref-127-15-27-20-55-001","status":"publish","type":"product","link":"https:\/\/watchdeluxe.it\/de\/prodotto\/omega-constellation-ref-127-15-27-20-55-001\/","title":{"rendered":"Omega Constellation ref. 127.15.27.20.55.001"},"content":{"rendered":"<p>Omega Constellation ref. 127.15.27.20.55.001<\/p>\n<div class=\"product-info-data features pm-anim-show seen\" style=\"opacity: 1;\">\n<h3 class=\"product-info-data-title\"><span class=\"hidden-tablet\">Eigenschaften<\/span><\/h3>\n<div id=\"product-info-data-6222235c8038b\" class=\"product-info-data-content features watches\">\n<ul>\n<li>\n<div class=\"pm-feature-tooltip\">\n<p><a class=\"tooltip-toggle\" aria-expanded=\"false\" aria-describedby=\"tooltip-content-6222235c84df9\">  Antimagnetisch  <\/a><\/p>\n<\/div>\n<\/li>\n<li>\n<div class=\"pm-feature-tooltip\">\n<p><a class=\"tooltip-toggle\" aria-expanded=\"false\" aria-describedby=\"tooltip-content-6222235c86c9c\">  Zertifizierter Meisterchronometer  <\/a><\/p>\n<\/div>\n<\/li>\n<li>\n<div class=\"pm-feature-tooltip\">\n<p><a class=\"tooltip-toggle\" aria-expanded=\"false\" aria-describedby=\"tooltip-content-6222235c879b5\">  Chronometer  <\/a><\/p>\n<\/div>\n<\/li>\n<li>\n<div class=\"pm-feature-tooltip\">\n<p><a class=\"tooltip-toggle\" aria-expanded=\"false\" aria-describedby=\"tooltip-content-6222235c88849\">  Datum  <\/a><\/p>\n<\/div>\n<\/li>\n<li>\n<div class=\"pm-feature-tooltip\">\n<p><a class=\"tooltip-toggle\" aria-expanded=\"false\" aria-describedby=\"tooltip-content-6222235c8969b\">  Diamant  <\/a><\/p>\n<\/div>\n<\/li>\n<li>\n<div class=\"pm-feature-tooltip\">\n<p><a class=\"tooltip-toggle\" aria-expanded=\"false\" aria-describedby=\"tooltip-content-6222235c8a5de\">  Transparente R\u00fcckseite  <\/a><\/p>\n<\/div>\n<\/li>\n<li>\n<div class=\"pm-feature-tooltip\">\n<p><a class=\"tooltip-toggle\" aria-expanded=\"false\" aria-describedby=\"tooltip-content-6222235c8b2b8\">  Kleine Sekunden  <\/a><\/p>\n<\/div>\n<\/li>\n<\/ul>\n<\/div>\n<\/div>\n<div class=\"product-info-data technical-data pm-anim-show seen\" style=\"opacity: 1;\">\n<h3 class=\"product-info-data-title\"><span class=\"hidden-tablet\">Technische Daten<\/span><\/h3>\n<div id=\"product-info-data-6222235c8b98f\" class=\"product-info-data-content technical-data watches\">\n<ul>\n<li><strong>Abstand zwischen den \u00d6sen:<\/strong> <span class=\"technical-data-value\" data-code=\"watch_between_lugs_size\">17 mm<\/span><\/li>\n<li><strong>Armband\/Armreif:<\/strong> <span class=\"technical-data-value\" data-code=\"watch_bracelet\">Stahl<\/span><\/li>\n<li><strong>Geh\u00e4use:<\/strong> <span class=\"technical-data-value\" data-code=\"watch_watchcase\">Stahl<\/span><\/li>\n<li>Durchmesser: 27 mm<\/li>\n<li><strong>Farbe des Zifferblatts:<\/strong> <span class=\"technical-data-value\" data-code=\"watch_dial\">Wei\u00df<\/span><\/li>\n<li><strong>Glas:<\/strong> <span class=\"technical-data-value\" data-code=\"watch_crystal\">Kratzfestes gew\u00f6lbtes Saphirglas mit beidseitiger Antireflexionsbeschichtung<\/span><\/li>\n<li><strong>Wasserdicht:<\/strong> <span class=\"technical-data-value\" data-code=\"watch_waterresistance\">10 bar (100 Meter \/ 330 Fu\u00df)<\/span><\/li>\n<\/ul>\n<\/div>\n<\/div>\n","protected":false},"excerpt":{"rendered":"<p>Omega Constellation ref. 127.15.27.20.55.001 Eigenschaften Antimagnetisch Zertifizierter Meisterchronometer Chronometer Datum Diamant Transparente R\u00fcckseite Kleine Sekunden Technische Daten Abstand zwischen den \u00d6sen: 17 mm Armband\/Armreif: Stahl Geh\u00e4use: Stahl Durchmesser: 27 mm Farbe des Zifferblatts: Wei\u00df Glas: Kratzfestes gew\u00f6lbtes Saphirglas mit beidseitiger Antireflexionsbeschichtung Wasserdicht: 10 bar (100 Meter \/ 330 Fu\u00df)<\/p>\n","protected":false},"featured_media":59281,"template":"","meta":{"_crdt_document":"","advanced_seo_description":"","jetpack_seo_html_title":"","jetpack_seo_noindex":false},"product_brand":[2155],"product_cat":[2280],"product_tag":[2976],"berocket_brand":[],"woo-feed-brand":[],"class_list":{"0":"post-77736","1":"product","2":"type-product","3":"status-publish","4":"has-post-thumbnail","6":"product_brand-omega","7":"product_cat-omega-de","8":"product_tag-konstellation","10":"first","11":"instock","12":"sale","13":"taxable","14":"shipping-taxable","15":"purchasable","16":"product-type-simple"},"bundled_by":[],"bundle_stock_status":"instock","bundle_stock_quantity":1,"bundle_virtual":false,"bundle_layout":"","bundle_add_to_cart_form_location":"","bundle_editable_in_cart":false,"bundle_sold_individually_context":"","bundle_item_grouping":"","bundle_min_size":"","bundle_max_size":"","bundle_price":[],"bundled_items":[],"bundle_sell_ids":[],"group_of_quantity":0,"min_quantity":0,"max_quantity":"","exclude_order_quantity_value_rules":"no","exclude_category_quantity_rules":"no","combine_variations":"no","jetpack_sharing_enabled":true,"jetpack_likes_enabled":true,"_links":{"self":[{"href":"https:\/\/watchdeluxe.it\/de\/wp-json\/wp\/v2\/product\/77736","targetHints":{"allow":["GET"]}}],"collection":[{"href":"https:\/\/watchdeluxe.it\/de\/wp-json\/wp\/v2\/product"}],"about":[{"href":"https:\/\/watchdeluxe.it\/de\/wp-json\/wp\/v2\/types\/product"}],"wp:featuredmedia":[{"embeddable":true,"href":"https:\/\/watchdeluxe.it\/de\/wp-json\/wp\/v2\/media\/59281"}],"wp:attachment":[{"href":"https:\/\/watchdeluxe.it\/de\/wp-json\/wp\/v2\/media?parent=77736"}],"wp:term":[{"taxonomy":"product_brand","embeddable":true,"href":"https:\/\/watchdeluxe.it\/de\/wp-json\/wp\/v2\/product_brand?post=77736"},{"taxonomy":"product_cat","embeddable":true,"href":"https:\/\/watchdeluxe.it\/de\/wp-json\/wp\/v2\/product_cat?post=77736"},{"taxonomy":"product_tag","embeddable":true,"href":"https:\/\/watchdeluxe.it\/de\/wp-json\/wp\/v2\/product_tag?post=77736"},{"taxonomy":"berocket_brand","embeddable":true,"href":"https:\/\/watchdeluxe.it\/de\/wp-json\/wp\/v2\/berocket_brand?post=77736"},{"taxonomy":"woo-feed-brand","embeddable":true,"href":"https:\/\/watchdeluxe.it\/de\/wp-json\/wp\/v2\/woo-feed-brand?post=77736"}],"curies":[{"name":"wp","href":"https:\/\/api.w.org\/{rel}","templated":true}]}}