{"id":77635,"date":"2023-03-17T18:39:47","date_gmt":"2023-03-17T17:39:47","guid":{"rendered":"https:\/\/watchdeluxe.it\/prodotto\/mido-ocean-star-tribute-ref-m0268303804100\/"},"modified":"2026-04-06T07:23:07","modified_gmt":"2026-04-06T05:23:07","slug":"mido-ocean-star-tribute-ref-m0268303804100","status":"publish","type":"product","link":"https:\/\/watchdeluxe.it\/de\/prodotto\/mido-ocean-star-tribute-ref-m0268303804100\/","title":{"rendered":"Mido Ocean star Tribute ref. M0268303804100"},"content":{"rendered":"<p>Mido Ocean star Tribute ref. M0268303804100<\/p>\n<p>Stahlgeh\u00e4use mit PVD-Beschichtung in Ros\u00e9gold 41 mm<\/p>\n<p>L\u00fcnette und Zifferblatt blau<\/p>\n<p>blaues Textilband mit wei\u00dfen N\u00e4hten<\/p>\n<p>Automatisches Uhrwerk mit Tagesdatum<\/p>\n","protected":false},"excerpt":{"rendered":"<p>Mido Ocean star Tribute ref. M0268303804100 Stahlgeh\u00e4use mit PVD-Beschichtung in Ros\u00e9gold 41 mm L\u00fcnette und Zifferblatt blau blaues Textilband mit wei\u00dfen N\u00e4hten Automatisches Uhrwerk mit Tagesdatum<\/p>\n","protected":false},"featured_media":165876,"template":"","meta":{"_crdt_document":"","advanced_seo_description":"","jetpack_seo_html_title":"","jetpack_seo_noindex":false},"product_brand":[],"product_cat":[2938],"product_tag":[3037],"berocket_brand":[],"woo-feed-brand":[],"class_list":{"0":"post-77635","1":"product","2":"type-product","3":"status-publish","4":"has-post-thumbnail","6":"product_cat-mido-de","7":"product_tag-ocean-star-de","9":"first","10":"instock","11":"sale","12":"taxable","13":"shipping-taxable","14":"purchasable","15":"product-type-simple"},"bundled_by":[],"bundle_stock_status":"instock","bundle_stock_quantity":1,"bundle_virtual":false,"bundle_layout":"","bundle_add_to_cart_form_location":"","bundle_editable_in_cart":false,"bundle_sold_individually_context":"","bundle_item_grouping":"","bundle_min_size":"","bundle_max_size":"","bundle_price":[],"bundled_items":[],"bundle_sell_ids":[],"group_of_quantity":0,"min_quantity":0,"max_quantity":"","exclude_order_quantity_value_rules":"no","exclude_category_quantity_rules":"no","combine_variations":"no","jetpack_sharing_enabled":true,"jetpack_likes_enabled":true,"_links":{"self":[{"href":"https:\/\/watchdeluxe.it\/de\/wp-json\/wp\/v2\/product\/77635","targetHints":{"allow":["GET"]}}],"collection":[{"href":"https:\/\/watchdeluxe.it\/de\/wp-json\/wp\/v2\/product"}],"about":[{"href":"https:\/\/watchdeluxe.it\/de\/wp-json\/wp\/v2\/types\/product"}],"wp:featuredmedia":[{"embeddable":true,"href":"https:\/\/watchdeluxe.it\/de\/wp-json\/wp\/v2\/media\/165876"}],"wp:attachment":[{"href":"https:\/\/watchdeluxe.it\/de\/wp-json\/wp\/v2\/media?parent=77635"}],"wp:term":[{"taxonomy":"product_brand","embeddable":true,"href":"https:\/\/watchdeluxe.it\/de\/wp-json\/wp\/v2\/product_brand?post=77635"},{"taxonomy":"product_cat","embeddable":true,"href":"https:\/\/watchdeluxe.it\/de\/wp-json\/wp\/v2\/product_cat?post=77635"},{"taxonomy":"product_tag","embeddable":true,"href":"https:\/\/watchdeluxe.it\/de\/wp-json\/wp\/v2\/product_tag?post=77635"},{"taxonomy":"berocket_brand","embeddable":true,"href":"https:\/\/watchdeluxe.it\/de\/wp-json\/wp\/v2\/berocket_brand?post=77635"},{"taxonomy":"woo-feed-brand","embeddable":true,"href":"https:\/\/watchdeluxe.it\/de\/wp-json\/wp\/v2\/woo-feed-brand?post=77635"}],"curies":[{"name":"wp","href":"https:\/\/api.w.org\/{rel}","templated":true}]}}