{"id":77497,"date":"2023-03-17T18:40:07","date_gmt":"2023-03-17T17:40:07","guid":{"rendered":"https:\/\/watchdeluxe.it\/prodotto\/tag-heuer-carrera-kaliber-5-ref-wbn2013-ba0640\/"},"modified":"2026-04-07T12:09:33","modified_gmt":"2026-04-07T10:09:33","slug":"tag-heuer-carrera-calibro-5-ref-wbn2013-ba0640","status":"publish","type":"product","link":"https:\/\/watchdeluxe.it\/de\/prodotto\/tag-heuer-carrera-calibro-5-ref-wbn2013-ba0640\/","title":{"rendered":"Tag Heuer Carrera Kaliber 5 ref. WBN2013.BA0640"},"content":{"rendered":"<p>Tag Heuer Carrera Kaliber 5 ref. WBN2013.BA0640<\/p>\n<div class=\"col-12 col-lg-6\">\n<p> <span class=\"spec-title\"> Gr\u00f6\u00dfe <\/span> <span class=\"spec-value\"> 41 mm <\/span> <\/p>\n<\/div>\n<div class=\"col-12 col-lg-6\">\n<p> <span class=\"spec-title\"> Dicke <\/span> <span class=\"spec-value\"> 12,37 mm <\/span> <\/p>\n<\/div>\n<div class=\"col-12 col-lg-6\">\n<p> <span class=\"spec-title\"> Abstand zwischen den \u00d6sen <\/span> <span class=\"spec-value\"> 21,50 mm <\/span> <\/p>\n<\/div>\n<div class=\"col-12 col-lg-6\">\n<p> <span class=\"spec-title\"> Wasserbest\u00e4ndigkeit <\/span> <span class=\"spec-value\"> 100 m <\/span> <\/p>\n<\/div>\n<div class=\"col-12 col-lg-6\">\n<p> <span class=\"spec-title\"> Geh\u00e4usek\u00f6rper <\/span> <span class=\"spec-value\"> Stahl Satiniert\/Poliert <\/span> <\/p>\n<\/div>\n<div class=\"col-12 col-lg-6\">\n<p> <span class=\"spec-title\"> L\u00fcnette <\/span> <span class=\"spec-value\"> Feste L\u00fcnette Stahl <\/span> <\/p>\n<\/div>\n<div class=\"col-12 col-lg-6\">\n<p> <span class=\"spec-title\"> R\u00fccken <\/span> <span class=\"spec-value\"> Stahl <\/span> <\/p>\n<div class=\"col-12 col-lg-6\">\n<p> <span class=\"spec-title\"> Kaliber <\/span> <span class=\"spec-value\"> Kaliber 5 automatisch <\/span> <\/p>\n<\/div>\n<div class=\"col-12 col-lg-6\">\n<p> <span class=\"spec-title\"> Uhrwerk <\/span> <span class=\"spec-value\"> Automatische Uhr <\/span> <\/p>\n<\/div>\n<div class=\"col-12 col-lg-6\">\n<p> <span class=\"spec-title\"> Gangreserve (Stunden) <\/span> <span class=\"spec-value\"> 38 H <\/span> <\/p>\n<\/div>\n<div class=\"col-12 col-lg-6\">\n<p> <span class=\"spec-title\"> Frequenz der Wippe <\/span> <span class=\"spec-value\"> 28&#8217;800 (4 Hz) <\/span> <\/p>\n<\/div>\n<div class=\"col-12 col-lg-6\">\n<p> <span class=\"spec-title\"> Funktionen <\/span> <span class=\"spec-value\"> Stunden, Minuten, Sekunden, Tagesdatum <\/span> <\/p>\n<\/div>\n<\/div>\n","protected":false},"excerpt":{"rendered":"<p>Tag Heuer Carrera Kaliber 5 ref. WBN2013.BA0640 Gr\u00f6\u00dfe 41 mm Dicke 12,37 mm Abstand zwischen den \u00d6sen 21,50 mm Wasserbest\u00e4ndigkeit 100 m Geh\u00e4usek\u00f6rper Stahl Satiniert\/Poliert L\u00fcnette Feste L\u00fcnette Stahl R\u00fccken Stahl Kaliber Kaliber 5 automatisch Uhrwerk Automatische Uhr Gangreserve (Stunden) 38 H Frequenz der Wippe 28&#8217;800 (4 Hz) Funktionen Stunden, Minuten, Sekunden, Tagesdatum<\/p>\n","protected":false},"featured_media":146432,"template":"","meta":{"_crdt_document":"","advanced_seo_description":"","jetpack_seo_html_title":"","jetpack_seo_noindex":false},"product_brand":[],"product_cat":[2255],"product_tag":[2368],"berocket_brand":[],"woo-feed-brand":[],"class_list":{"0":"post-77497","1":"product","2":"type-product","3":"status-publish","4":"has-post-thumbnail","6":"product_cat-tag-heuer-de","7":"product_tag-carrera-de","9":"first","10":"instock","11":"sale","12":"taxable","13":"shipping-taxable","14":"purchasable","15":"product-type-simple"},"bundled_by":[],"bundle_stock_status":"instock","bundle_stock_quantity":1,"bundle_virtual":false,"bundle_layout":"","bundle_add_to_cart_form_location":"","bundle_editable_in_cart":false,"bundle_sold_individually_context":"","bundle_item_grouping":"","bundle_min_size":"","bundle_max_size":"","bundle_price":[],"bundled_items":[],"bundle_sell_ids":[],"group_of_quantity":0,"min_quantity":0,"max_quantity":"","exclude_order_quantity_value_rules":"no","exclude_category_quantity_rules":"no","combine_variations":"no","exclude_global_add_ons":[],"addons":[],"jetpack_sharing_enabled":true,"jetpack_likes_enabled":true,"_links":{"self":[{"href":"https:\/\/watchdeluxe.it\/de\/wp-json\/wp\/v2\/product\/77497","targetHints":{"allow":["GET"]}}],"collection":[{"href":"https:\/\/watchdeluxe.it\/de\/wp-json\/wp\/v2\/product"}],"about":[{"href":"https:\/\/watchdeluxe.it\/de\/wp-json\/wp\/v2\/types\/product"}],"wp:featuredmedia":[{"embeddable":true,"href":"https:\/\/watchdeluxe.it\/de\/wp-json\/wp\/v2\/media\/146432"}],"wp:attachment":[{"href":"https:\/\/watchdeluxe.it\/de\/wp-json\/wp\/v2\/media?parent=77497"}],"wp:term":[{"taxonomy":"product_brand","embeddable":true,"href":"https:\/\/watchdeluxe.it\/de\/wp-json\/wp\/v2\/product_brand?post=77497"},{"taxonomy":"product_cat","embeddable":true,"href":"https:\/\/watchdeluxe.it\/de\/wp-json\/wp\/v2\/product_cat?post=77497"},{"taxonomy":"product_tag","embeddable":true,"href":"https:\/\/watchdeluxe.it\/de\/wp-json\/wp\/v2\/product_tag?post=77497"},{"taxonomy":"berocket_brand","embeddable":true,"href":"https:\/\/watchdeluxe.it\/de\/wp-json\/wp\/v2\/berocket_brand?post=77497"},{"taxonomy":"woo-feed-brand","embeddable":true,"href":"https:\/\/watchdeluxe.it\/de\/wp-json\/wp\/v2\/woo-feed-brand?post=77497"}],"curies":[{"name":"wp","href":"https:\/\/api.w.org\/{rel}","templated":true}]}}