{"id":76711,"date":"2023-03-17T18:39:40","date_gmt":"2023-03-17T17:39:40","guid":{"rendered":"https:\/\/watchdeluxe.it\/prodotto\/rado-kapitaen-cook-bronze-ref-r32504307\/"},"modified":"2026-04-07T11:17:40","modified_gmt":"2026-04-07T09:17:40","slug":"rado-captain-cook-bronze-ref-r32504307","status":"publish","type":"product","link":"https:\/\/watchdeluxe.it\/de\/prodotto\/rado-captain-cook-bronze-ref-r32504307\/","title":{"rendered":"Rado Captain Cook Bronze Ref. R32504307"},"content":{"rendered":"<p>Rado Captain Cook Bronze Ref. R32504307<\/p>\n<div class=\"product info detailed\">\n<div class=\"product data items\" role=\"tablist\">\n<div id=\"additional\" class=\"data item content\" role=\"tabpanel\" aria-hidden=\"false\" data-role=\"content\" aria-labelledby=\"tab-label-additional\">\n<div class=\"additional-attributes-wrapper table-wrapper\">\n<div>\n<h2>Bewegung<\/h2>\n<ul>\n<li><strong>Uhrwerktyp:<\/strong> Automatik<\/li>\n<li><strong>Aufzugsreserve des Uhrwerks:<\/strong> 80 Stunden<\/li>\n<li><strong>Referenz des Uhrwerks:<\/strong> 03.763.035<\/li>\n<\/ul>\n<\/div>\n<div>\n<h2>Fall<\/h2>\n<ul>\n<li><strong>Materialien des Geh\u00e4uses:<\/strong> Bronze<\/li>\n<li><strong>Geh\u00e4usedicke:<\/strong> 12,5 mm<\/li>\n<li><strong>Wasserdichtes Geh\u00e4use:<\/strong> 30 bar (300 m)<\/li>\n<li><strong>Fall Geschlecht:<\/strong> M\u00e4nnlich<\/li>\n<li><strong>Geh\u00e4usegr\u00f6\u00dfe:<\/strong> 42,0 mm<\/li>\n<\/ul>\n<\/div>\n<div>\n<h2>W\u00e4hlen Sie<\/h2>\n<ul>\n<li><strong>Farbe des Zifferblatts:<\/strong> Braun<\/li>\n<li><strong>Skelett\/Zifferblatt mit offenem Herzen:<\/strong> Nein<\/li>\n<li><strong>Das Zifferblatt hat das Datum:<\/strong> Ja<\/li>\n<\/ul>\n<\/div>\n<div>\n<h2>Armb\u00e4nder<\/h2>\n<ul>\n<li><strong>Materialien des Armbands:<\/strong> Bronze, Segeltuch<\/li>\n<\/ul>\n<\/div>\n<\/div>\n<\/div>\n<\/div>\n<\/div>\n","protected":false},"excerpt":{"rendered":"<p>Rado Captain Cook Bronze Ref. R32504307 Bewegung Uhrwerktyp: Automatik Aufzugsreserve des Uhrwerks: 80 Stunden Referenz des Uhrwerks: 03.763.035 Fall Materialien des Geh\u00e4uses: Bronze Geh\u00e4usedicke: 12,5 mm Wasserdichtes Geh\u00e4use: 30 bar (300 m) Fall Geschlecht: M\u00e4nnlich Geh\u00e4usegr\u00f6\u00dfe: 42,0 mm W\u00e4hlen Sie Farbe des Zifferblatts: Braun Skelett\/Zifferblatt mit offenem Herzen: Nein Das Zifferblatt hat das Datum: Ja [&hellip;]<\/p>\n","protected":false},"featured_media":146745,"template":"","meta":{"_crdt_document":"","advanced_seo_description":"","jetpack_seo_html_title":"","jetpack_seo_noindex":false},"product_brand":[],"product_cat":[2405],"product_tag":[2528],"berocket_brand":[],"woo-feed-brand":[],"class_list":{"0":"post-76711","1":"product","2":"type-product","3":"status-publish","4":"has-post-thumbnail","6":"product_cat-rado-de","7":"product_tag-kapitan-cook","9":"first","10":"instock","11":"sale","12":"taxable","13":"shipping-taxable","14":"purchasable","15":"product-type-simple"},"bundled_by":[],"bundle_stock_status":"instock","bundle_stock_quantity":1,"bundle_virtual":false,"bundle_layout":"","bundle_add_to_cart_form_location":"","bundle_editable_in_cart":false,"bundle_sold_individually_context":"","bundle_item_grouping":"","bundle_min_size":"","bundle_max_size":"","bundle_price":[],"bundled_items":[],"bundle_sell_ids":[],"group_of_quantity":0,"min_quantity":0,"max_quantity":"","exclude_order_quantity_value_rules":"no","exclude_category_quantity_rules":"no","combine_variations":"no","exclude_global_add_ons":[],"addons":[],"jetpack_sharing_enabled":true,"jetpack_likes_enabled":true,"_links":{"self":[{"href":"https:\/\/watchdeluxe.it\/de\/wp-json\/wp\/v2\/product\/76711","targetHints":{"allow":["GET"]}}],"collection":[{"href":"https:\/\/watchdeluxe.it\/de\/wp-json\/wp\/v2\/product"}],"about":[{"href":"https:\/\/watchdeluxe.it\/de\/wp-json\/wp\/v2\/types\/product"}],"wp:featuredmedia":[{"embeddable":true,"href":"https:\/\/watchdeluxe.it\/de\/wp-json\/wp\/v2\/media\/146745"}],"wp:attachment":[{"href":"https:\/\/watchdeluxe.it\/de\/wp-json\/wp\/v2\/media?parent=76711"}],"wp:term":[{"taxonomy":"product_brand","embeddable":true,"href":"https:\/\/watchdeluxe.it\/de\/wp-json\/wp\/v2\/product_brand?post=76711"},{"taxonomy":"product_cat","embeddable":true,"href":"https:\/\/watchdeluxe.it\/de\/wp-json\/wp\/v2\/product_cat?post=76711"},{"taxonomy":"product_tag","embeddable":true,"href":"https:\/\/watchdeluxe.it\/de\/wp-json\/wp\/v2\/product_tag?post=76711"},{"taxonomy":"berocket_brand","embeddable":true,"href":"https:\/\/watchdeluxe.it\/de\/wp-json\/wp\/v2\/berocket_brand?post=76711"},{"taxonomy":"woo-feed-brand","embeddable":true,"href":"https:\/\/watchdeluxe.it\/de\/wp-json\/wp\/v2\/woo-feed-brand?post=76711"}],"curies":[{"name":"wp","href":"https:\/\/api.w.org\/{rel}","templated":true}]}}