{"id":76686,"date":"2023-03-17T18:39:40","date_gmt":"2023-03-17T17:39:40","guid":{"rendered":"https:\/\/watchdeluxe.it\/prodotto\/rado-captain-cook-high-tach-ceramic-ref-r32128202\/"},"modified":"2026-04-07T11:16:30","modified_gmt":"2026-04-07T09:16:30","slug":"rado-captain-cook-high-tach-ceramic-ref-r32128202","status":"publish","type":"product","link":"https:\/\/watchdeluxe.it\/de\/prodotto\/rado-captain-cook-high-tach-ceramic-ref-r32128202\/","title":{"rendered":"Rado Captain Cook High-Tech Ceramic Ref. R32128202"},"content":{"rendered":"<p>Rado Captain Cook High-Tech Ceramic Ref. R32128202<\/p>\n<div id=\"additional\" class=\"data item content\" role=\"tabpanel\" aria-hidden=\"false\" data-role=\"content\" aria-labelledby=\"tab-label-additional\">\n<div class=\"additional-attributes-wrapper table-wrapper\">\n<div><\/div>\n<div>\n<h2>Bewegung<\/h2>\n<ul>\n<li><strong>Uhrwerktyp:<\/strong> Automatik<\/li>\n<li><strong>Aufzugsreserve des Uhrwerks:<\/strong> 80 Stunden<\/li>\n<li><strong>Referenz des Uhrwerks:<\/strong> 03.734.731<\/li>\n<\/ul>\n<\/div>\n<div>\n<h2>Fall<\/h2>\n<ul>\n<li><strong>Geh\u00e4usematerialien:<\/strong> Hightech-Plasmakeramik<\/li>\n<li><strong>Dicke des Geh\u00e4uses:<\/strong> 14,6 mm<\/li>\n<li><strong>Wasserdichtes Geh\u00e4use:<\/strong> 30 bar (300 m)<\/li>\n<li><strong>Fall Geschlecht:<\/strong> M\u00e4nnlich<\/li>\n<li><strong>Geh\u00e4usegr\u00f6\u00dfe:<\/strong> 43,0 mm<\/li>\n<\/ul>\n<\/div>\n<div>\n<h2>W\u00e4hlen Sie<\/h2>\n<ul>\n<li><strong>Farbe des Zifferblatts:<\/strong> Blau<\/li>\n<\/ul>\n<\/div>\n<div>\n<h2>Armb\u00e4nder<\/h2>\n<ul>\n<li><strong>Materialien des Armbands:<\/strong> Hightech-Plasmakeramik, Titan<\/li>\n<\/ul>\n<\/div>\n<\/div>\n<\/div>\n","protected":false},"excerpt":{"rendered":"<p>Rado Captain Cook High-Tech Ceramic Ref. R32128202 Bewegung Uhrwerktyp: Automatik Aufzugsreserve des Uhrwerks: 80 Stunden Referenz des Uhrwerks: 03.734.731 Fall Geh\u00e4usematerialien: Hightech-Plasmakeramik Dicke des Geh\u00e4uses: 14,6 mm Wasserdichtes Geh\u00e4use: 30 bar (300 m) Fall Geschlecht: M\u00e4nnlich Geh\u00e4usegr\u00f6\u00dfe: 43,0 mm W\u00e4hlen Sie Farbe des Zifferblatts: Blau Armb\u00e4nder Materialien des Armbands: Hightech-Plasmakeramik, Titan<\/p>\n","protected":false},"featured_media":146793,"template":"","meta":{"_crdt_document":"","advanced_seo_description":"","jetpack_seo_html_title":"","jetpack_seo_noindex":false},"product_brand":[],"product_cat":[2405],"product_tag":[2528],"berocket_brand":[],"woo-feed-brand":[],"class_list":{"0":"post-76686","1":"product","2":"type-product","3":"status-publish","4":"has-post-thumbnail","6":"product_cat-rado-de","7":"product_tag-kapitan-cook","9":"first","10":"instock","11":"sale","12":"taxable","13":"shipping-taxable","14":"purchasable","15":"product-type-simple"},"bundled_by":[],"bundle_stock_status":"instock","bundle_stock_quantity":1,"bundle_virtual":false,"bundle_layout":"","bundle_add_to_cart_form_location":"","bundle_editable_in_cart":false,"bundle_sold_individually_context":"","bundle_item_grouping":"","bundle_min_size":"","bundle_max_size":"","bundle_price":[],"bundled_items":[],"bundle_sell_ids":[],"group_of_quantity":0,"min_quantity":0,"max_quantity":"","exclude_order_quantity_value_rules":"no","exclude_category_quantity_rules":"no","combine_variations":"no","exclude_global_add_ons":[],"addons":[],"jetpack_sharing_enabled":true,"jetpack_likes_enabled":true,"_links":{"self":[{"href":"https:\/\/watchdeluxe.it\/de\/wp-json\/wp\/v2\/product\/76686","targetHints":{"allow":["GET"]}}],"collection":[{"href":"https:\/\/watchdeluxe.it\/de\/wp-json\/wp\/v2\/product"}],"about":[{"href":"https:\/\/watchdeluxe.it\/de\/wp-json\/wp\/v2\/types\/product"}],"wp:featuredmedia":[{"embeddable":true,"href":"https:\/\/watchdeluxe.it\/de\/wp-json\/wp\/v2\/media\/146793"}],"wp:attachment":[{"href":"https:\/\/watchdeluxe.it\/de\/wp-json\/wp\/v2\/media?parent=76686"}],"wp:term":[{"taxonomy":"product_brand","embeddable":true,"href":"https:\/\/watchdeluxe.it\/de\/wp-json\/wp\/v2\/product_brand?post=76686"},{"taxonomy":"product_cat","embeddable":true,"href":"https:\/\/watchdeluxe.it\/de\/wp-json\/wp\/v2\/product_cat?post=76686"},{"taxonomy":"product_tag","embeddable":true,"href":"https:\/\/watchdeluxe.it\/de\/wp-json\/wp\/v2\/product_tag?post=76686"},{"taxonomy":"berocket_brand","embeddable":true,"href":"https:\/\/watchdeluxe.it\/de\/wp-json\/wp\/v2\/berocket_brand?post=76686"},{"taxonomy":"woo-feed-brand","embeddable":true,"href":"https:\/\/watchdeluxe.it\/de\/wp-json\/wp\/v2\/woo-feed-brand?post=76686"}],"curies":[{"name":"wp","href":"https:\/\/api.w.org\/{rel}","templated":true}]}}