{"id":76515,"date":"2023-03-17T18:40:20","date_gmt":"2023-03-17T17:40:20","guid":{"rendered":"https:\/\/watchdeluxe.it\/prodotto\/omega-seamaster-300-co-axial-master-chronometer-41-mm-ref-234-30-41-21-01-001\/"},"modified":"2023-09-18T17:57:39","modified_gmt":"2023-09-18T15:57:39","slug":"omega-seamaster-300-co-axial-master-chronometer-41-mm-ref-234-30-41-21-01-001","status":"publish","type":"product","link":"https:\/\/watchdeluxe.it\/de\/prodotto\/omega-seamaster-300-co-axial-master-chronometer-41-mm-ref-234-30-41-21-01-001\/","title":{"rendered":"OMEGA Seamaster 300 Co-Axial Master Chronometer 41 mm REF. 234.30.41.21.01.001"},"content":{"rendered":"<p>OMEGA Seamaster 300 Co-Axial Master Chronometer 41 mm REF. 234.30.41.21.01.001<\/p>\n<table class=\"data-table\">\n<tbody>\n<tr class=\"odd\">\n<td class=\"spec-name\">Marke<\/td>\n<td class=\"spec-value\">Omega<\/td>\n<\/tr>\n<tr class=\"even\">\n<td class=\"spec-name\">Leitung<\/td>\n<td class=\"spec-value\">SEAMASTER<\/td>\n<\/tr>\n<tr class=\"odd\">\n<td class=\"spec-name\">Modell<\/td>\n<td class=\"spec-value\">Seamaster 300<\/td>\n<\/tr>\n<tr class=\"even\">\n<td class=\"spec-name\">Komplikation<\/td>\n<td class=\"spec-value\">NUR ZEIT<\/td>\n<\/tr>\n<tr class=\"odd\">\n<td class=\"spec-name\">Bewegung<\/td>\n<td class=\"spec-value\">AUTOMATIK<\/td>\n<\/tr>\n<tr class=\"even\">\n<td class=\"spec-name\">Formular<\/td>\n<td class=\"spec-value\">RUND<\/td>\n<\/tr>\n<tr class=\"odd\">\n<td class=\"spec-name\">Gr\u00f6\u00dfe<\/td>\n<td class=\"spec-value\">41 MM<\/td>\n<\/tr>\n<tr class=\"even\">\n<td class=\"spec-name\">Material<\/td>\n<td class=\"spec-value\">Stahl<\/td>\n<\/tr>\n<tr class=\"odd\">\n<td class=\"spec-name\">Art des Glases<\/td>\n<td class=\"spec-value\">SAPPHIRE<\/td>\n<\/tr>\n<tr class=\"even\">\n<td class=\"spec-name\">W\u00e4hlen Sie<\/td>\n<td class=\"spec-value\">SCHWARZ<\/td>\n<\/tr>\n<tr class=\"odd\">\n<td class=\"spec-name\">Armb\u00e4nder<\/td>\n<td class=\"spec-value\">STAHL<\/td>\n<\/tr>\n<tr class=\"even\">\n<td class=\"spec-name\">Wasserdicht<\/td>\n<td class=\"spec-value\">300 M<\/td>\n<\/tr>\n<\/tbody>\n<\/table>\n","protected":false},"excerpt":{"rendered":"<p>OMEGA Seamaster 300 Co-Axial Master Chronometer 41 mm REF. 234.30.41.21.01.001 Marke Omega Leitung SEAMASTER Modell Seamaster 300 Komplikation NUR ZEIT Bewegung AUTOMATIK Formular RUND Gr\u00f6\u00dfe 41 MM Material Stahl Art des Glases SAPPHIRE W\u00e4hlen Sie SCHWARZ Armb\u00e4nder STAHL Wasserdicht 300 M<\/p>\n","protected":false},"featured_media":59245,"template":"","meta":{"_crdt_document":"","advanced_seo_description":"","jetpack_seo_html_title":"","jetpack_seo_noindex":false},"product_brand":[2155],"product_cat":[2280],"product_tag":[2316],"berocket_brand":[],"woo-feed-brand":[],"class_list":{"0":"post-76515","1":"product","2":"type-product","3":"status-publish","4":"has-post-thumbnail","6":"product_brand-omega","7":"product_cat-omega-de","8":"product_tag-seamaster-de","10":"first","11":"instock","12":"sale","13":"taxable","14":"shipping-taxable","15":"purchasable","16":"product-type-simple"},"bundled_by":[],"bundle_stock_status":"instock","bundle_stock_quantity":1,"bundle_virtual":false,"bundle_layout":"","bundle_add_to_cart_form_location":"","bundle_editable_in_cart":false,"bundle_sold_individually_context":"","bundle_item_grouping":"","bundle_min_size":"","bundle_max_size":"","bundle_price":[],"bundled_items":[],"bundle_sell_ids":[],"group_of_quantity":0,"min_quantity":0,"max_quantity":"","exclude_order_quantity_value_rules":"no","exclude_category_quantity_rules":"no","combine_variations":"no","exclude_global_add_ons":[],"addons":[],"jetpack_sharing_enabled":true,"jetpack_likes_enabled":true,"_links":{"self":[{"href":"https:\/\/watchdeluxe.it\/de\/wp-json\/wp\/v2\/product\/76515","targetHints":{"allow":["GET"]}}],"collection":[{"href":"https:\/\/watchdeluxe.it\/de\/wp-json\/wp\/v2\/product"}],"about":[{"href":"https:\/\/watchdeluxe.it\/de\/wp-json\/wp\/v2\/types\/product"}],"wp:featuredmedia":[{"embeddable":true,"href":"https:\/\/watchdeluxe.it\/de\/wp-json\/wp\/v2\/media\/59245"}],"wp:attachment":[{"href":"https:\/\/watchdeluxe.it\/de\/wp-json\/wp\/v2\/media?parent=76515"}],"wp:term":[{"taxonomy":"product_brand","embeddable":true,"href":"https:\/\/watchdeluxe.it\/de\/wp-json\/wp\/v2\/product_brand?post=76515"},{"taxonomy":"product_cat","embeddable":true,"href":"https:\/\/watchdeluxe.it\/de\/wp-json\/wp\/v2\/product_cat?post=76515"},{"taxonomy":"product_tag","embeddable":true,"href":"https:\/\/watchdeluxe.it\/de\/wp-json\/wp\/v2\/product_tag?post=76515"},{"taxonomy":"berocket_brand","embeddable":true,"href":"https:\/\/watchdeluxe.it\/de\/wp-json\/wp\/v2\/berocket_brand?post=76515"},{"taxonomy":"woo-feed-brand","embeddable":true,"href":"https:\/\/watchdeluxe.it\/de\/wp-json\/wp\/v2\/woo-feed-brand?post=76515"}],"curies":[{"name":"wp","href":"https:\/\/api.w.org\/{rel}","templated":true}]}}