{"id":76454,"date":"2023-03-17T18:40:25","date_gmt":"2023-03-17T17:40:25","guid":{"rendered":"https:\/\/watchdeluxe.it\/prodotto\/omega-seamaster-aqua-terra-lady-ref-231-15-39-21-55-001\/"},"modified":"2023-03-17T18:40:25","modified_gmt":"2023-03-17T17:40:25","slug":"omega-seamaster-aqua-terra-lady-ref-231-15-39-21-55-001","status":"publish","type":"product","link":"https:\/\/watchdeluxe.it\/de\/prodotto\/omega-seamaster-aqua-terra-lady-ref-231-15-39-21-55-001\/","title":{"rendered":"Omega Seamaster Aqua terra lady ref. 231.15.39.21.55.001"},"content":{"rendered":"<p>Omega Seamaster Aqua terra lady ref. 231.15.39.21.55.001<\/p>\n<div class=\"product-info-data features pm-anim-show seen\" style=\"opacity: 1;\">\n<h3 class=\"product-info-data-title\"><span class=\"hidden-tablet\">Eigenschaften<\/span><\/h3>\n<div id=\"product-info-data-6191614920a8c\" class=\"product-info-data-content features watches\">\n<ul>\n<li>\n<div class=\"pm-feature-tooltip\">\n<p><a class=\"tooltip-toggle\" aria-expanded=\"false\" aria-describedby=\"tooltip-content-6191614923270\">  Antimagnetisch  <\/a><\/p>\n<\/div>\n<\/li>\n<li>\n<div class=\"pm-feature-tooltip\">\n<p><a class=\"tooltip-toggle\" aria-expanded=\"false\" aria-describedby=\"tooltip-content-6191614923a7e\">  Verschraubte Krone  <\/a><\/p>\n<\/div>\n<\/li>\n<li>\n<div class=\"pm-feature-tooltip\">\n<p><a class=\"tooltip-toggle\" aria-expanded=\"false\" aria-describedby=\"tooltip-content-61916149241db\">  Chronometer  <\/a><\/p>\n<\/div>\n<\/li>\n<li>\n<div class=\"pm-feature-tooltip\">\n<p><a class=\"tooltip-toggle\" aria-expanded=\"false\" aria-describedby=\"tooltip-content-6191614924916\">  Datum  <\/a><\/p>\n<\/div>\n<\/li>\n<li>\n<div class=\"pm-feature-tooltip\">\n<p><a class=\"tooltip-toggle\" aria-expanded=\"false\" aria-describedby=\"tooltip-content-619161492506d\">  Diamant  <\/a><\/p>\n<\/div>\n<\/li>\n<li>\n<div class=\"pm-feature-tooltip\">\n<p><a class=\"tooltip-toggle\" aria-expanded=\"false\" aria-describedby=\"tooltip-content-619161492579c\">  Transparente R\u00fcckseite  <\/a><\/p>\n<\/div>\n<\/li>\n<li>\n<div class=\"pm-feature-tooltip\">\n<p><a class=\"tooltip-toggle\" aria-expanded=\"false\" aria-describedby=\"tooltip-content-6191614925fb2\">  Zeitzonenfunktion  <\/a><\/p>\n<\/div>\n<\/li>\n<\/ul>\n<\/div>\n<\/div>\n<div class=\"product-info-data technical-data pm-anim-show seen\" style=\"opacity: 1;\">\n<h3 class=\"product-info-data-title\"><span class=\"hidden-tablet\">Technische Daten<\/span><\/h3>\n<div id=\"product-info-data-61916149264bd\" class=\"product-info-data-content technical-data watches\">\n<ul>\n<li><strong>Abstand zwischen den \u00d6sen:<\/strong> <span class=\"technical-data-value\" data-code=\"watch_between_lugs_size\">19 mm<\/span><\/li>\n<li><strong>Armband\/Armreif:<\/strong> <span class=\"technical-data-value\" data-code=\"watch_bracelet\">Stahl<\/span><\/li>\n<li><strong>Geh\u00e4use:<\/strong> <span class=\"technical-data-value\" data-code=\"watch_watchcase\">Stahl<\/span><\/li>\n<li><strong>Durchmesser:<\/strong> <span class=\"technical-data-value\" data-code=\"watch_casediameter\">38 mm<\/span><\/li>\n<li><strong>Farbe des Zifferblatts:<\/strong> <span class=\"technical-data-value\" data-code=\"watch_dial\">Wei\u00df<\/span><\/li>\n<li><strong>Glas:<\/strong> <span class=\"technical-data-value\" data-code=\"watch_crystal\">Kratzfestes gew\u00f6lbtes Saphirglas mit beidseitiger Antireflexionsbeschichtung<\/span><\/li>\n<li><strong>Wasserdicht:<\/strong> <span class=\"technical-data-value\" data-code=\"watch_waterresistance\">15 bar (150 Meter \/ 500 Fu\u00df)<\/span><\/li>\n<\/ul>\n<\/div>\n<\/div>\n","protected":false},"excerpt":{"rendered":"<p>Omega Seamaster Aqua terra lady ref. 231.15.39.21.55.001 Eigenschaften Antimagnetisch Verschraubte Krone Chronometer Datum Diamant Transparente R\u00fcckseite Zeitzonenfunktion Technische Daten Abstand zwischen den \u00d6sen: 19 mm Armband\/Armreif: Stahl Geh\u00e4use: Stahl Durchmesser: 38 mm Farbe des Zifferblatts: Wei\u00df Glas: Kratzfestes gew\u00f6lbtes Saphirglas mit beidseitiger Antireflexionsbeschichtung Wasserdicht: 15 bar (150 Meter \/ 500 Fu\u00df)<\/p>\n","protected":false},"featured_media":59213,"template":"","meta":{"_crdt_document":"","advanced_seo_description":"","jetpack_seo_html_title":"","jetpack_seo_noindex":false},"product_brand":[2155],"product_cat":[2302],"product_tag":[],"berocket_brand":[],"woo-feed-brand":[],"class_list":{"0":"post-76454","1":"product","2":"type-product","3":"status-publish","4":"has-post-thumbnail","6":"product_brand-omega","7":"product_cat-omega-en","9":"first","10":"instock","11":"sale","12":"taxable","13":"shipping-taxable","14":"purchasable","15":"product-type-simple"},"bundled_by":[],"bundle_stock_status":"instock","bundle_stock_quantity":1,"bundle_virtual":false,"bundle_layout":"","bundle_add_to_cart_form_location":"","bundle_editable_in_cart":false,"bundle_sold_individually_context":"","bundle_item_grouping":"","bundle_min_size":"","bundle_max_size":"","bundle_price":[],"bundled_items":[],"bundle_sell_ids":[],"group_of_quantity":0,"min_quantity":0,"max_quantity":"","exclude_order_quantity_value_rules":"no","exclude_category_quantity_rules":"no","combine_variations":"no","jetpack_sharing_enabled":true,"jetpack_likes_enabled":true,"_links":{"self":[{"href":"https:\/\/watchdeluxe.it\/de\/wp-json\/wp\/v2\/product\/76454","targetHints":{"allow":["GET"]}}],"collection":[{"href":"https:\/\/watchdeluxe.it\/de\/wp-json\/wp\/v2\/product"}],"about":[{"href":"https:\/\/watchdeluxe.it\/de\/wp-json\/wp\/v2\/types\/product"}],"wp:featuredmedia":[{"embeddable":true,"href":"https:\/\/watchdeluxe.it\/de\/wp-json\/wp\/v2\/media\/59213"}],"wp:attachment":[{"href":"https:\/\/watchdeluxe.it\/de\/wp-json\/wp\/v2\/media?parent=76454"}],"wp:term":[{"taxonomy":"product_brand","embeddable":true,"href":"https:\/\/watchdeluxe.it\/de\/wp-json\/wp\/v2\/product_brand?post=76454"},{"taxonomy":"product_cat","embeddable":true,"href":"https:\/\/watchdeluxe.it\/de\/wp-json\/wp\/v2\/product_cat?post=76454"},{"taxonomy":"product_tag","embeddable":true,"href":"https:\/\/watchdeluxe.it\/de\/wp-json\/wp\/v2\/product_tag?post=76454"},{"taxonomy":"berocket_brand","embeddable":true,"href":"https:\/\/watchdeluxe.it\/de\/wp-json\/wp\/v2\/berocket_brand?post=76454"},{"taxonomy":"woo-feed-brand","embeddable":true,"href":"https:\/\/watchdeluxe.it\/de\/wp-json\/wp\/v2\/woo-feed-brand?post=76454"}],"curies":[{"name":"wp","href":"https:\/\/api.w.org\/{rel}","templated":true}]}}