{"id":76351,"date":"2023-03-17T18:41:41","date_gmt":"2023-03-17T17:41:41","guid":{"rendered":"https:\/\/watchdeluxe.it\/prodotto\/longines-primaluna-edelstahl-damen-quarzuhr-ref-l81125786\/"},"modified":"2025-04-30T17:29:39","modified_gmt":"2025-04-30T15:29:39","slug":"longines-primaluna-edelstahl-damen-quarz-uhr-ref-l81125786","status":"publish","type":"product","link":"https:\/\/watchdeluxe.it\/de\/prodotto\/longines-primaluna-edelstahl-damen-quarz-uhr-ref-l81125786\/","title":{"rendered":"Longines Primaluna Edelstahl Damen Quarzuhr Ref. L81125786"},"content":{"rendered":"<p>Longines Primaluna Edelstahl Damen Quarzuhr Ref. L81125786<\/p>\n<table class=\"data-table\">\n<tbody>\n<tr class=\"odd\">\n<td class=\"spec-name\">Marke<\/td>\n<td class=\"spec-value\">Longines<\/td>\n<\/tr>\n<tr class=\"even\">\n<td class=\"spec-name\">Linie<\/td>\n<td class=\"spec-value\">PRIMALUNA<\/td>\n<\/tr>\n<tr class=\"odd\">\n<td class=\"spec-name\">Komplikation<\/td>\n<td class=\"spec-value\">NUR ZEIT<\/td>\n<\/tr>\n<tr class=\"even\">\n<td class=\"spec-name\">Uhrwerk<\/td>\n<td class=\"spec-value\">QUARTZ<\/td>\n<\/tr>\n<tr class=\"odd\">\n<td class=\"spec-name\">Dater<\/td>\n<td class=\"spec-value\">DATE<\/td>\n<\/tr>\n<tr class=\"even\">\n<td class=\"spec-name\">Form<\/td>\n<td class=\"spec-value\">RUND<\/td>\n<\/tr>\n<tr class=\"odd\">\n<td class=\"spec-name\">Gr\u00f6\u00dfe<\/td>\n<td class=\"spec-value\">30 MM<\/td>\n<\/tr>\n<tr class=\"even\">\n<td class=\"spec-name\">Material Geh\u00e4use<\/td>\n<td class=\"spec-value\">Stahl und Rotgold<\/td>\n<\/tr>\n<tr class=\"odd\">\n<td class=\"spec-name\">Zifferblatt<\/td>\n<td class=\"spec-value\">SILBER<\/td>\n<\/tr>\n<tr class=\"even\">\n<td class=\"spec-name\">Armband<\/td>\n<td class=\"spec-value\">STAHL UND ROS\u00c9GOLD<\/td>\n<\/tr>\n<tr class=\"odd\">\n<td class=\"spec-name\">Wasserdichtigkeit<\/td>\n<td class=\"spec-value\">30 M<\/td>\n<\/tr>\n<\/tbody>\n<\/table>\n","protected":false},"excerpt":{"rendered":"<p>Longines Primaluna Edelstahl Damen Quarzuhr Ref. L81125786 Marke Longines Linie PRIMALUNA Komplikation NUR ZEIT Uhrwerk QUARTZ Dater DATE Form RUND Gr\u00f6\u00dfe 30 MM Material Geh\u00e4use Stahl und Rotgold Zifferblatt SILBER Armband STAHL UND ROS\u00c9GOLD Wasserdichtigkeit 30 M<\/p>\n","protected":false},"featured_media":166008,"template":"","meta":{"_crdt_document":"","advanced_seo_description":"","jetpack_seo_html_title":"","jetpack_seo_noindex":false},"product_brand":[],"product_cat":[2191],"product_tag":[3053],"berocket_brand":[],"woo-feed-brand":[],"class_list":{"0":"post-76351","1":"product","2":"type-product","3":"status-publish","4":"has-post-thumbnail","6":"product_cat-longines-en","7":"product_tag-primaluna-en","9":"first","10":"instock","11":"sale","12":"taxable","13":"shipping-taxable","14":"purchasable","15":"product-type-simple"},"bundled_by":[],"bundle_stock_status":"instock","bundle_stock_quantity":1,"bundle_virtual":false,"bundle_layout":"","bundle_add_to_cart_form_location":"","bundle_editable_in_cart":false,"bundle_sold_individually_context":"","bundle_item_grouping":"","bundle_min_size":"","bundle_max_size":"","bundle_price":[],"bundled_items":[],"bundle_sell_ids":[],"group_of_quantity":0,"min_quantity":0,"max_quantity":"","exclude_order_quantity_value_rules":"no","exclude_category_quantity_rules":"no","combine_variations":"no","jetpack_sharing_enabled":true,"jetpack_likes_enabled":true,"_links":{"self":[{"href":"https:\/\/watchdeluxe.it\/de\/wp-json\/wp\/v2\/product\/76351","targetHints":{"allow":["GET"]}}],"collection":[{"href":"https:\/\/watchdeluxe.it\/de\/wp-json\/wp\/v2\/product"}],"about":[{"href":"https:\/\/watchdeluxe.it\/de\/wp-json\/wp\/v2\/types\/product"}],"wp:featuredmedia":[{"embeddable":true,"href":"https:\/\/watchdeluxe.it\/de\/wp-json\/wp\/v2\/media\/166008"}],"wp:attachment":[{"href":"https:\/\/watchdeluxe.it\/de\/wp-json\/wp\/v2\/media?parent=76351"}],"wp:term":[{"taxonomy":"product_brand","embeddable":true,"href":"https:\/\/watchdeluxe.it\/de\/wp-json\/wp\/v2\/product_brand?post=76351"},{"taxonomy":"product_cat","embeddable":true,"href":"https:\/\/watchdeluxe.it\/de\/wp-json\/wp\/v2\/product_cat?post=76351"},{"taxonomy":"product_tag","embeddable":true,"href":"https:\/\/watchdeluxe.it\/de\/wp-json\/wp\/v2\/product_tag?post=76351"},{"taxonomy":"berocket_brand","embeddable":true,"href":"https:\/\/watchdeluxe.it\/de\/wp-json\/wp\/v2\/berocket_brand?post=76351"},{"taxonomy":"woo-feed-brand","embeddable":true,"href":"https:\/\/watchdeluxe.it\/de\/wp-json\/wp\/v2\/woo-feed-brand?post=76351"}],"curies":[{"name":"wp","href":"https:\/\/api.w.org\/{rel}","templated":true}]}}