{"id":76279,"date":"2023-03-17T18:41:51","date_gmt":"2023-03-17T17:41:51","guid":{"rendered":"https:\/\/watchdeluxe.it\/prodotto\/omega-seamaster-diver-300-m-ref-210-32-42-20-04-001\/"},"modified":"2023-09-18T16:50:18","modified_gmt":"2023-09-18T14:50:18","slug":"omega-seamaster-diver-300-m-ref-210-32-42-20-04-001","status":"publish","type":"product","link":"https:\/\/watchdeluxe.it\/de\/prodotto\/omega-seamaster-diver-300-m-ref-210-32-42-20-04-001\/","title":{"rendered":"Omega Seamaster Diver 300 M ref. 210.32.42.20.04.001"},"content":{"rendered":"<p><span id=\"watchNotes\" data-mce-fragment=\"1\">Seit 1993 hat die Seamaster Professional Diver 300M eine stetig wachsende Zahl von Anh\u00e4ngern. Die aktuelle Kollektion mit ihrem modernen Geist interpretiert diese ber\u00fchmte maritime Tradition neu und bietet dem Zeitmesser ein neues Design und die f\u00fchrenden Technologien von OMEGA.  <br data-mce-fragment=\"1\"><br data-mce-fragment=\"1\">Dieses 42-mm-Modell ist aus Edelstahl gefertigt und verf\u00fcgt \u00fcber eine schwarze Keramikl\u00fcnette mit einer Skala aus wei\u00dfer Emaille. Das polierte wei\u00dfe Keramikzifferblatt weist ein lasergraviertes Wellenmuster und die Seamaster-Inschrift in Rot auf.  <br data-mce-fragment=\"1\"><br data-mce-fragment=\"1\">Die Stunden- und Minutenzeiger sind poliert, br\u00fcniert, skelettiert und mit wei\u00dfer Super-LumiNova gef\u00fcllt. Der Sekundenzeiger hat eine rot gef\u00e4rbte Spitze.  <br data-mce-fragment=\"1\"><br data-mce-fragment=\"1\">Die Uhr mit integriertem schwarzem Kautschukarmband wird vom OMEGA Master Chronometer-Kaliber 8800 angetrieben, das durch den Saphirglasboden mit gewelltem Rand sichtbar ist.  <br data-mce-fragment=\"1\"><br data-mce-fragment=\"1\"><br data-mce-fragment=\"1\">Eigenschaften <br data-mce-fragment=\"1\"><br data-mce-fragment=\"1\">Antimagnetisch <br data-mce-fragment=\"1\"><br data-mce-fragment=\"1\">Zertifizierter Meisterchronometer <br data-mce-fragment=\"1\"><br data-mce-fragment=\"1\">Verschraubte Krone <br data-mce-fragment=\"1\"><br data-mce-fragment=\"1\">Chronometer <br data-mce-fragment=\"1\"><br data-mce-fragment=\"1\">Datum <br data-mce-fragment=\"1\"><br data-mce-fragment=\"1\">Transparente R\u00fcckseite <br data-mce-fragment=\"1\"><br data-mce-fragment=\"1\">Unidirektional drehbare L\u00fcnette <br data-mce-fragment=\"1\"><br data-mce-fragment=\"1\">Automatische Uhr <br data-mce-fragment=\"1\"><br data-mce-fragment=\"1\">Helium-Auslassventil <br data-mce-fragment=\"1\"><br data-mce-fragment=\"1\">Technische Daten <br data-mce-fragment=\"1\"><br data-mce-fragment=\"1\">Abstand zwischen den Laschen: 20 mm <br data-mce-fragment=\"1\">Armband\/Band: Kautschukband  <br data-mce-fragment=\"1\">Geh\u00e4use: Stahl <br data-mce-fragment=\"1\">Durchmesser: 42 mm <br data-mce-fragment=\"1\">Farbe des Zifferblatts: Wei\u00df <br data-mce-fragment=\"1\">Glas: Kratzfestes gew\u00f6lbtes Saphirglas mit beidseitiger Antireflexionsbeschichtung <br data-mce-fragment=\"1\">Wasserdichtigkeit: 30 bar (300 Meter \/ 1000 Fu\u00df)<\/span><\/p>\n","protected":false},"excerpt":{"rendered":"<p>Seit 1993 hat die Seamaster Professional Diver 300M eine stetig wachsende Zahl von Anh\u00e4ngern. Die aktuelle Kollektion mit ihrem modernen Geist interpretiert diese ber\u00fchmte maritime Tradition neu und bietet dem Zeitmesser ein neues Design und die f\u00fchrenden Technologien von OMEGA. Dieses 42-mm-Modell ist aus Edelstahl gefertigt und verf\u00fcgt \u00fcber eine schwarze Keramikl\u00fcnette mit einer Skala [&hellip;]<\/p>\n","protected":false},"featured_media":59325,"template":"","meta":{"_crdt_document":"","advanced_seo_description":"","jetpack_seo_html_title":"","jetpack_seo_noindex":false,"jetpack_post_was_ever_published":false},"product_brand":[2155],"product_cat":[2280],"product_tag":[2316],"berocket_brand":[],"woo-feed-brand":[],"class_list":{"0":"post-76279","1":"product","2":"type-product","3":"status-publish","4":"has-post-thumbnail","6":"product_brand-omega","7":"product_cat-omega-de","8":"product_tag-seamaster-de","10":"first","11":"instock","12":"sale","13":"taxable","14":"shipping-taxable","15":"purchasable","16":"product-type-simple"},"bundled_by":[],"bundle_stock_status":"instock","bundle_stock_quantity":1,"bundle_virtual":false,"bundle_layout":"","bundle_add_to_cart_form_location":"","bundle_editable_in_cart":false,"bundle_sold_individually_context":"","bundle_item_grouping":"","bundle_min_size":"","bundle_max_size":"","bundle_price":[],"bundled_items":[],"bundle_sell_ids":[],"group_of_quantity":0,"min_quantity":0,"max_quantity":"","exclude_order_quantity_value_rules":"no","exclude_category_quantity_rules":"no","combine_variations":"no","exclude_global_add_ons":[],"addons":[],"jetpack_sharing_enabled":true,"jetpack_likes_enabled":true,"_links":{"self":[{"href":"https:\/\/watchdeluxe.it\/de\/wp-json\/wp\/v2\/product\/76279","targetHints":{"allow":["GET"]}}],"collection":[{"href":"https:\/\/watchdeluxe.it\/de\/wp-json\/wp\/v2\/product"}],"about":[{"href":"https:\/\/watchdeluxe.it\/de\/wp-json\/wp\/v2\/types\/product"}],"wp:featuredmedia":[{"embeddable":true,"href":"https:\/\/watchdeluxe.it\/de\/wp-json\/wp\/v2\/media\/59325"}],"wp:attachment":[{"href":"https:\/\/watchdeluxe.it\/de\/wp-json\/wp\/v2\/media?parent=76279"}],"wp:term":[{"taxonomy":"product_brand","embeddable":true,"href":"https:\/\/watchdeluxe.it\/de\/wp-json\/wp\/v2\/product_brand?post=76279"},{"taxonomy":"product_cat","embeddable":true,"href":"https:\/\/watchdeluxe.it\/de\/wp-json\/wp\/v2\/product_cat?post=76279"},{"taxonomy":"product_tag","embeddable":true,"href":"https:\/\/watchdeluxe.it\/de\/wp-json\/wp\/v2\/product_tag?post=76279"},{"taxonomy":"berocket_brand","embeddable":true,"href":"https:\/\/watchdeluxe.it\/de\/wp-json\/wp\/v2\/berocket_brand?post=76279"},{"taxonomy":"woo-feed-brand","embeddable":true,"href":"https:\/\/watchdeluxe.it\/de\/wp-json\/wp\/v2\/woo-feed-brand?post=76279"}],"curies":[{"name":"wp","href":"https:\/\/api.w.org\/{rel}","templated":true}]}}