{"id":76198,"date":"2023-03-17T18:43:23","date_gmt":"2023-03-17T17:43:23","guid":{"rendered":"https:\/\/watchdeluxe.it\/prodotto\/omega-master-chronometer-29-mm-constellation-manhattan-ref-131-10-29-20-05-001\/"},"modified":"2023-09-18T16:43:40","modified_gmt":"2023-09-18T14:43:40","slug":"omega-master-chronometer-29-mm-constellation-manhattan-ref-131-10-29-20-05-001","status":"publish","type":"product","link":"https:\/\/watchdeluxe.it\/de\/prodotto\/omega-master-chronometer-29-mm-constellation-manhattan-ref-131-10-29-20-05-001\/","title":{"rendered":"Omega Master Chronometer 29 Mm Constellation Manhattan ref. 131.10.29.20.05.001"},"content":{"rendered":"<div class=\"product-info-data features pm-anim-show seen\" style=\"opacity: 1;\" data-mce-fragment=\"1\">\n<h3 class=\"product-info-data-title\" data-mce-fragment=\"1\"><span class=\"hidden-tablet\" data-mce-fragment=\"1\">Eigenschaften<\/span><\/h3>\n<div id=\"product-info-data-609a57d6bd625\" class=\"product-info-data-content features watches\" data-mce-fragment=\"1\">\n<ul data-mce-fragment=\"1\">\n<li data-mce-fragment=\"1\">\n<div class=\"pm-feature-tooltip\" data-mce-fragment=\"1\">\n<p data-mce-fragment=\"1\"><a class=\"tooltip-toggle\" aria-describedby=\"tooltip-content-609a57d6c0f5e\" aria-expanded=\"false\" data-mce-fragment=\"1\">  Antimagnetisch  <\/a><\/p>\n<\/div>\n<\/li>\n<li data-mce-fragment=\"1\">\n<div class=\"pm-feature-tooltip\" data-mce-fragment=\"1\">\n<p data-mce-fragment=\"1\"><a class=\"tooltip-toggle\" aria-describedby=\"tooltip-content-609a57d6c1f1b\" aria-expanded=\"false\" data-mce-fragment=\"1\">  Zertifizierter Meisterchronometer  <\/a><\/p>\n<\/div>\n<\/li>\n<li data-mce-fragment=\"1\">\n<div class=\"pm-feature-tooltip\" data-mce-fragment=\"1\">\n<p data-mce-fragment=\"1\"><a class=\"tooltip-toggle\" aria-describedby=\"tooltip-content-609a57d6c30df\" aria-expanded=\"false\" data-mce-fragment=\"1\">  Chronometer  <\/a><\/p>\n<\/div>\n<\/li>\n<li data-mce-fragment=\"1\">\n<div class=\"pm-feature-tooltip\" data-mce-fragment=\"1\">\n<p data-mce-fragment=\"1\"><a class=\"tooltip-toggle\" aria-describedby=\"tooltip-content-609a57d6c3f82\" aria-expanded=\"false\" data-mce-fragment=\"1\">  Datum  <\/a><\/p>\n<\/div>\n<\/li>\n<li data-mce-fragment=\"1\">\n<div class=\"pm-feature-tooltip\" data-mce-fragment=\"1\">\n<p data-mce-fragment=\"1\"><a class=\"tooltip-toggle\" aria-describedby=\"tooltip-content-609a57d6c5109\" aria-expanded=\"false\" data-mce-fragment=\"1\">  Transparente R\u00fcckseite  <\/a><\/p>\n<\/div>\n<\/li>\n<li data-mce-fragment=\"1\">\n<div class=\"pm-feature-tooltip\" data-mce-fragment=\"1\">\n<p data-mce-fragment=\"1\"><a class=\"tooltip-toggle\" aria-describedby=\"tooltip-content-609a57d6c6377\" aria-expanded=\"false\" data-mce-fragment=\"1\">  Automatische Uhr  <\/a><\/p>\n<\/div>\n<\/li>\n<\/ul>\n<\/div>\n<\/div>\n<div class=\"product-info-data technical-data pm-anim-show seen\" style=\"opacity: 1;\" data-mce-fragment=\"1\">\n<h3 class=\"product-info-data-title\" data-mce-fragment=\"1\"><span class=\"hidden-tablet\" data-mce-fragment=\"1\">Technische Daten<\/span><\/h3>\n<div id=\"product-info-data-609a57d6c67b6\" class=\"product-info-data-content technical-data watches\" data-mce-fragment=\"1\">\n<ul data-mce-fragment=\"1\">\n<li data-mce-fragment=\"1\"><strong data-mce-fragment=\"1\">Abstand zwischen den \u00d6sen:<\/strong> <span class=\"technical-data-value\" data-code=\"watch_between_lugs_size\" data-mce-fragment=\"1\">17,6 mm<\/span><\/li>\n<li data-mce-fragment=\"1\"><strong data-mce-fragment=\"1\">Armband\/Armreif:<\/strong> <span class=\"technical-data-value\" data-code=\"watch_bracelet\" data-mce-fragment=\"1\">Stahl<\/span><\/li>\n<li data-mce-fragment=\"1\"><strong data-mce-fragment=\"1\">Geh\u00e4use:<\/strong> <span class=\"technical-data-value\" data-code=\"watch_watchcase\" data-mce-fragment=\"1\">Stahl<\/span><\/li>\n<li data-mce-fragment=\"1\">Durchmesser: 29 mm<\/li>\n<li data-mce-fragment=\"1\"><strong data-mce-fragment=\"1\">Farbe des Zifferblatts:<\/strong> <span class=\"technical-data-value\" data-code=\"watch_dial\" data-mce-fragment=\"1\">Wei\u00df<\/span><\/li>\n<li data-mce-fragment=\"1\"><strong data-mce-fragment=\"1\">Glas:<\/strong> <span class=\"technical-data-value\" data-code=\"watch_crystal\" data-mce-fragment=\"1\">Kratzfestes gew\u00f6lbtes Saphirglas mit beidseitiger Antireflexionsbeschichtung<\/span><\/li>\n<li data-mce-fragment=\"1\"><strong data-mce-fragment=\"1\">Wasserdicht:<\/strong> <span class=\"technical-data-value\" data-code=\"watch_waterresistance\" data-mce-fragment=\"1\">5 bar (50 Meter \/ 167 Fu\u00df)<\/span><\/li>\n<\/ul>\n<\/div>\n<\/div>\n","protected":false},"excerpt":{"rendered":"<p>Eigenschaften Antimagnetisch Zertifizierter Meisterchronometer Chronometer Datum Transparente R\u00fcckseite Automatische Uhr Technische Daten Abstand zwischen den \u00d6sen: 17,6 mm Armband\/Armreif: Stahl Geh\u00e4use: Stahl Durchmesser: 29 mm Farbe des Zifferblatts: Wei\u00df Glas: Kratzfestes gew\u00f6lbtes Saphirglas mit beidseitiger Antireflexionsbeschichtung Wasserdicht: 5 bar (50 Meter \/ 167 Fu\u00df)<\/p>\n","protected":false},"featured_media":59077,"template":"","meta":{"_crdt_document":"","advanced_seo_description":"","jetpack_seo_html_title":"","jetpack_seo_noindex":false},"product_brand":[2155],"product_cat":[1921],"product_tag":[1426],"berocket_brand":[],"woo-feed-brand":[],"class_list":{"0":"post-76198","1":"product","2":"type-product","3":"status-publish","4":"has-post-thumbnail","6":"product_brand-omega","7":"product_cat-omega","8":"product_tag-constellation","10":"first","11":"instock","12":"sale","13":"taxable","14":"shipping-taxable","15":"purchasable","16":"product-type-simple"},"bundled_by":[],"bundle_stock_status":"instock","bundle_stock_quantity":1,"bundle_virtual":false,"bundle_layout":"","bundle_add_to_cart_form_location":"","bundle_editable_in_cart":false,"bundle_sold_individually_context":"","bundle_item_grouping":"","bundle_min_size":"","bundle_max_size":"","bundle_price":[],"bundled_items":[],"bundle_sell_ids":[],"group_of_quantity":0,"min_quantity":0,"max_quantity":"","exclude_order_quantity_value_rules":"no","exclude_category_quantity_rules":"no","combine_variations":"no","jetpack_sharing_enabled":true,"jetpack_likes_enabled":true,"_links":{"self":[{"href":"https:\/\/watchdeluxe.it\/de\/wp-json\/wp\/v2\/product\/76198","targetHints":{"allow":["GET"]}}],"collection":[{"href":"https:\/\/watchdeluxe.it\/de\/wp-json\/wp\/v2\/product"}],"about":[{"href":"https:\/\/watchdeluxe.it\/de\/wp-json\/wp\/v2\/types\/product"}],"wp:featuredmedia":[{"embeddable":true,"href":"https:\/\/watchdeluxe.it\/de\/wp-json\/wp\/v2\/media\/59077"}],"wp:attachment":[{"href":"https:\/\/watchdeluxe.it\/de\/wp-json\/wp\/v2\/media?parent=76198"}],"wp:term":[{"taxonomy":"product_brand","embeddable":true,"href":"https:\/\/watchdeluxe.it\/de\/wp-json\/wp\/v2\/product_brand?post=76198"},{"taxonomy":"product_cat","embeddable":true,"href":"https:\/\/watchdeluxe.it\/de\/wp-json\/wp\/v2\/product_cat?post=76198"},{"taxonomy":"product_tag","embeddable":true,"href":"https:\/\/watchdeluxe.it\/de\/wp-json\/wp\/v2\/product_tag?post=76198"},{"taxonomy":"berocket_brand","embeddable":true,"href":"https:\/\/watchdeluxe.it\/de\/wp-json\/wp\/v2\/berocket_brand?post=76198"},{"taxonomy":"woo-feed-brand","embeddable":true,"href":"https:\/\/watchdeluxe.it\/de\/wp-json\/wp\/v2\/woo-feed-brand?post=76198"}],"curies":[{"name":"wp","href":"https:\/\/api.w.org\/{rel}","templated":true}]}}