{"id":76027,"date":"2024-09-23T10:31:29","date_gmt":"2024-09-23T08:31:29","guid":{"rendered":"https:\/\/watchdeluxe.it\/prodotto\/rado-captain-cook-automatic-ref-r32105103\/"},"modified":"2024-09-23T10:31:40","modified_gmt":"2024-09-23T08:31:40","slug":"rado-captain-cook-automatic-ref-r32105103","status":"publish","type":"product","link":"https:\/\/watchdeluxe.it\/de\/prodotto\/rado-captain-cook-automatic-ref-r32105103\/","title":{"rendered":"Rado Captain Cook Automatic ref. R32105103"},"content":{"rendered":"<p><span id=\"watchNotes\" data-mce-fragment=\"1\">Der urspr\u00fcngliche Look von 1962 wird in einer neuen und verbesserten Form f\u00fcr das 21. Mit ihren Vintage-Details und ihrem originalgetreuen Stil ist die Captain Cook eine Uhr, die den Test der Zeit bestehen wird.  <br data-mce-fragment=\"1\"><br data-mce-fragment=\"1\">Dieser kostbare Zeitmesser verf\u00fcgt \u00fcber ein 42-mm-Stahlgeh\u00e4use mit einer schwarzen Hightech-Keramikl\u00fcnette.  <br data-mce-fragment=\"1\"><br data-mce-fragment=\"1\">Die gleiche Farbe hat auch das Zifferblatt mit den gut sichtbaren versilberten Indexen und Zeigern mit Superluminova-Beschichtung. Das Logo mit dem beweglichen Anker und dem pfeilf\u00f6rmigen Stundenzeiger ist unverwechselbar.  <br data-mce-fragment=\"1\"><br data-mce-fragment=\"1\">Hinzu kommt ein hochwertiges, aufw\u00e4ndig verarbeitetes Stahlband mit EasyClip-System f\u00fcr m\u00fchelosen Bandwechsel.  <br data-mce-fragment=\"1\"><br data-mce-fragment=\"1\">Angetrieben von einem pr\u00e4zisen Swiss Made-Uhrwerk mit Automatikaufzug ist sie eine Uhr mit elegantem und sportlichem Stil.  <br data-mce-fragment=\"1\"><br data-mce-fragment=\"1\"><br data-mce-fragment=\"1\">Uhrwerk: automatisch <br data-mce-fragment=\"1\"><br data-mce-fragment=\"1\">Abmessungen: 42,0 mm  <br data-mce-fragment=\"1\"><br data-mce-fragment=\"1\">Limitierte Auflage: limitierte Auflage von 999 St\u00fcck  <br data-mce-fragment=\"1\"><br data-mce-fragment=\"1\">Gesamtgewicht: 140 Gramm<\/span><\/p>\n","protected":false},"excerpt":{"rendered":"<p>Der urspr\u00fcngliche Look von 1962 wird in einer neuen und verbesserten Form f\u00fcr das 21. Mit ihren Vintage-Details und ihrem originalgetreuen Stil ist die Captain Cook eine Uhr, die den Test der Zeit bestehen wird. Dieser kostbare Zeitmesser verf\u00fcgt \u00fcber ein 42-mm-Stahlgeh\u00e4use mit einer schwarzen Hightech-Keramikl\u00fcnette. Die gleiche Farbe hat auch das Zifferblatt mit den [&hellip;]<\/p>\n","protected":false},"featured_media":57797,"template":"","meta":{"_crdt_document":"","advanced_seo_description":"","jetpack_seo_html_title":"","jetpack_seo_noindex":false},"product_brand":[],"product_cat":[2405],"product_tag":[2528],"berocket_brand":[],"woo-feed-brand":[],"class_list":{"0":"post-76027","1":"product","2":"type-product","3":"status-publish","4":"has-post-thumbnail","6":"product_cat-rado-de","7":"product_tag-kapitan-cook","9":"first","10":"instock","11":"sale","12":"taxable","13":"shipping-taxable","14":"purchasable","15":"product-type-simple"},"bundled_by":[],"bundle_stock_status":"instock","bundle_stock_quantity":1,"bundle_virtual":false,"bundle_layout":"","bundle_add_to_cart_form_location":"","bundle_editable_in_cart":false,"bundle_sold_individually_context":"","bundle_item_grouping":"","bundle_min_size":"","bundle_max_size":"","bundle_price":[],"bundled_items":[],"bundle_sell_ids":[],"group_of_quantity":0,"min_quantity":0,"max_quantity":"","exclude_order_quantity_value_rules":"no","exclude_category_quantity_rules":"no","combine_variations":"no","exclude_global_add_ons":[],"addons":[],"jetpack_sharing_enabled":true,"jetpack_likes_enabled":true,"_links":{"self":[{"href":"https:\/\/watchdeluxe.it\/de\/wp-json\/wp\/v2\/product\/76027","targetHints":{"allow":["GET"]}}],"collection":[{"href":"https:\/\/watchdeluxe.it\/de\/wp-json\/wp\/v2\/product"}],"about":[{"href":"https:\/\/watchdeluxe.it\/de\/wp-json\/wp\/v2\/types\/product"}],"wp:featuredmedia":[{"embeddable":true,"href":"https:\/\/watchdeluxe.it\/de\/wp-json\/wp\/v2\/media\/57797"}],"wp:attachment":[{"href":"https:\/\/watchdeluxe.it\/de\/wp-json\/wp\/v2\/media?parent=76027"}],"wp:term":[{"taxonomy":"product_brand","embeddable":true,"href":"https:\/\/watchdeluxe.it\/de\/wp-json\/wp\/v2\/product_brand?post=76027"},{"taxonomy":"product_cat","embeddable":true,"href":"https:\/\/watchdeluxe.it\/de\/wp-json\/wp\/v2\/product_cat?post=76027"},{"taxonomy":"product_tag","embeddable":true,"href":"https:\/\/watchdeluxe.it\/de\/wp-json\/wp\/v2\/product_tag?post=76027"},{"taxonomy":"berocket_brand","embeddable":true,"href":"https:\/\/watchdeluxe.it\/de\/wp-json\/wp\/v2\/berocket_brand?post=76027"},{"taxonomy":"woo-feed-brand","embeddable":true,"href":"https:\/\/watchdeluxe.it\/de\/wp-json\/wp\/v2\/woo-feed-brand?post=76027"}],"curies":[{"name":"wp","href":"https:\/\/api.w.org\/{rel}","templated":true}]}}