{"id":76015,"date":"2023-03-17T18:44:02","date_gmt":"2023-03-17T17:44:02","guid":{"rendered":"https:\/\/watchdeluxe.it\/prodotto\/rado-keramik-ref-r21702702\/"},"modified":"2026-04-02T17:41:03","modified_gmt":"2026-04-02T15:41:03","slug":"rado-ceramica-ref-r21702702","status":"publish","type":"product","link":"https:\/\/watchdeluxe.it\/de\/prodotto\/rado-ceramica-ref-r21702702\/","title":{"rendered":"Rado Keramik ref.R21702702"},"content":{"rendered":"<p><span id=\"watchNotes\" data-mce-fragment=\"1\">Eigenschaften <br data-mce-fragment=\"1\"><br data-mce-fragment=\"1\">Swiss Made Quarzwerk <br data-mce-fragment=\"1\">Kratzfestes Saphirglas <br data-mce-fragment=\"1\">Schwarzes Zifferblatt <br data-mce-fragment=\"1\">4 Diamanten auf dem Zifferblatt, 0,011 ct <br data-mce-fragment=\"1\">Geh\u00e4use und Armband aus High-Tech-Keramik und schwarzem PVD-Titan <br data-mce-fragment=\"1\">Armbandschlie\u00dfe aus Titan <br data-mce-fragment=\"1\">Wasserdicht bis 5 bar (50 m) <br data-mce-fragment=\"1\"><br data-mce-fragment=\"1\">Spezifikationen <br data-mce-fragment=\"1\"><br data-mce-fragment=\"1\">Geh\u00e4usedurchmesser 22,9 x 31,7 mm <br data-mce-fragment=\"1\">Geh\u00e4useh\u00f6he 6,6 mm <br data-mce-fragment=\"1\"><br data-mce-fragment=\"1\">Bewegung  <br data-mce-fragment=\"1\"><br data-mce-fragment=\"1\">Schweizer Quarzwerk ETA 282.001 <br data-mce-fragment=\"1\">5 1\/2 x 8, 11,64 x 16,93 mm, 13 Steine, Batterietyp Renata 321<\/span><\/p>\n","protected":false},"excerpt":{"rendered":"<p>Eigenschaften Swiss Made Quarzwerk Kratzfestes Saphirglas Schwarzes Zifferblatt 4 Diamanten auf dem Zifferblatt, 0,011 ct Geh\u00e4use und Armband aus High-Tech-Keramik und schwarzem PVD-Titan Armbandschlie\u00dfe aus Titan Wasserdicht bis 5 bar (50 m) Spezifikationen Geh\u00e4usedurchmesser 22,9 x 31,7 mm Geh\u00e4useh\u00f6he 6,6 mm Bewegung Schweizer Quarzwerk ETA 282.001 5 1\/2 x 8, 11,64 x 16,93 mm, 13 [&hellip;]<\/p>\n","protected":false},"featured_media":148618,"template":"","meta":{"_crdt_document":"","advanced_seo_description":"","jetpack_seo_html_title":"","jetpack_seo_noindex":false},"product_brand":[],"product_cat":[2405],"product_tag":[],"berocket_brand":[],"woo-feed-brand":[],"class_list":{"0":"post-76015","1":"product","2":"type-product","3":"status-publish","4":"has-post-thumbnail","6":"product_cat-rado-de","8":"first","9":"instock","10":"sale","11":"taxable","12":"shipping-taxable","13":"purchasable","14":"product-type-simple"},"bundled_by":[],"bundle_stock_status":"instock","bundle_stock_quantity":1,"bundle_virtual":false,"bundle_layout":"","bundle_add_to_cart_form_location":"","bundle_editable_in_cart":false,"bundle_sold_individually_context":"","bundle_item_grouping":"","bundle_min_size":"","bundle_max_size":"","bundle_price":[],"bundled_items":[],"bundle_sell_ids":[],"group_of_quantity":0,"min_quantity":0,"max_quantity":"","exclude_order_quantity_value_rules":"no","exclude_category_quantity_rules":"no","combine_variations":"no","exclude_global_add_ons":[],"addons":[],"jetpack_sharing_enabled":true,"jetpack_likes_enabled":true,"_links":{"self":[{"href":"https:\/\/watchdeluxe.it\/de\/wp-json\/wp\/v2\/product\/76015","targetHints":{"allow":["GET"]}}],"collection":[{"href":"https:\/\/watchdeluxe.it\/de\/wp-json\/wp\/v2\/product"}],"about":[{"href":"https:\/\/watchdeluxe.it\/de\/wp-json\/wp\/v2\/types\/product"}],"wp:featuredmedia":[{"embeddable":true,"href":"https:\/\/watchdeluxe.it\/de\/wp-json\/wp\/v2\/media\/148618"}],"wp:attachment":[{"href":"https:\/\/watchdeluxe.it\/de\/wp-json\/wp\/v2\/media?parent=76015"}],"wp:term":[{"taxonomy":"product_brand","embeddable":true,"href":"https:\/\/watchdeluxe.it\/de\/wp-json\/wp\/v2\/product_brand?post=76015"},{"taxonomy":"product_cat","embeddable":true,"href":"https:\/\/watchdeluxe.it\/de\/wp-json\/wp\/v2\/product_cat?post=76015"},{"taxonomy":"product_tag","embeddable":true,"href":"https:\/\/watchdeluxe.it\/de\/wp-json\/wp\/v2\/product_tag?post=76015"},{"taxonomy":"berocket_brand","embeddable":true,"href":"https:\/\/watchdeluxe.it\/de\/wp-json\/wp\/v2\/berocket_brand?post=76015"},{"taxonomy":"woo-feed-brand","embeddable":true,"href":"https:\/\/watchdeluxe.it\/de\/wp-json\/wp\/v2\/woo-feed-brand?post=76015"}],"curies":[{"name":"wp","href":"https:\/\/api.w.org\/{rel}","templated":true}]}}