{"id":76014,"date":"2023-03-17T18:44:02","date_gmt":"2023-03-17T17:44:02","guid":{"rendered":"https:\/\/watchdeluxe.it\/prodotto\/rado-captain-cook-automatic-ref-r32105203\/"},"modified":"2026-04-02T17:39:53","modified_gmt":"2026-04-02T15:39:53","slug":"rado-captain-cook-automatic-ref-r32105203","status":"publish","type":"product","link":"https:\/\/watchdeluxe.it\/de\/prodotto\/rado-captain-cook-automatic-ref-r32105203\/","title":{"rendered":"Rado Captain Cook Automatic Ref. R32105203"},"content":{"rendered":"<p><span id=\"watchNotes\" data-mce-fragment=\"1\"><strong>Ein Originaldesign aus dem Jahr 1962 wird mit einem modernen, f\u00fcr das 21. Jahrhundert aktualisierten Look wieder zum Leben erweckt. Mit ihren Vintage-Details, ihrem originalgetreuen Stil und den an die modernen Bed\u00fcrfnisse angepassten Funktionen ist die Captain Cook ein Zeitmesser, der die Zeit \u00fcberdauert.  <\/strong><br data-mce-fragment=\"1\"><br data-mce-fragment=\"1\">L\u00fcnette: High-Tech-Keramik <br data-mce-fragment=\"1\">Uhrwerk: Automatikaufzug <br data-mce-fragment=\"1\">Gangreserve: 80 h <br data-mce-fragment=\"1\">Zifferblatt: Blau <br data-mce-fragment=\"1\">Indizes: Indizes <br data-mce-fragment=\"1\">Geh\u00e4use: Edelstahl <br data-mce-fragment=\"1\">Gr\u00f6\u00dfe: 42 mm <br data-mce-fragment=\"1\">Armband: Edelstahl <br data-mce-fragment=\"1\">Wasserdichtigkeit: 300 m <br data-mce-fragment=\"1\">Glas: Saphirglas, entspiegelt <br data-mce-fragment=\"1\">Geschlecht: Herren<\/span><\/p>\n","protected":false},"excerpt":{"rendered":"<p>Ein Originaldesign aus dem Jahr 1962 wird mit einem modernen, f\u00fcr das 21. Jahrhundert aktualisierten Look wieder zum Leben erweckt. Mit ihren Vintage-Details, ihrem originalgetreuen Stil und den an die modernen Bed\u00fcrfnisse angepassten Funktionen ist die Captain Cook ein Zeitmesser, der die Zeit \u00fcberdauert. L\u00fcnette: High-Tech-Keramik Uhrwerk: Automatikaufzug Gangreserve: 80 h Zifferblatt: Blau Indizes: Indizes [&hellip;]<\/p>\n","protected":false},"featured_media":146805,"template":"","meta":{"_crdt_document":"","advanced_seo_description":"","jetpack_seo_html_title":"","jetpack_seo_noindex":false},"product_brand":[],"product_cat":[2405],"product_tag":[2528],"berocket_brand":[],"woo-feed-brand":[],"class_list":{"0":"post-76014","1":"product","2":"type-product","3":"status-publish","4":"has-post-thumbnail","6":"product_cat-rado-de","7":"product_tag-kapitan-cook","9":"first","10":"instock","11":"sale","12":"taxable","13":"shipping-taxable","14":"purchasable","15":"product-type-simple"},"bundled_by":[],"bundle_stock_status":"instock","bundle_stock_quantity":1,"bundle_virtual":false,"bundle_layout":"","bundle_add_to_cart_form_location":"","bundle_editable_in_cart":false,"bundle_sold_individually_context":"","bundle_item_grouping":"","bundle_min_size":"","bundle_max_size":"","bundle_price":[],"bundled_items":[],"bundle_sell_ids":[],"group_of_quantity":0,"min_quantity":0,"max_quantity":"","exclude_order_quantity_value_rules":"no","exclude_category_quantity_rules":"no","combine_variations":"no","jetpack_sharing_enabled":true,"jetpack_likes_enabled":true,"_links":{"self":[{"href":"https:\/\/watchdeluxe.it\/de\/wp-json\/wp\/v2\/product\/76014","targetHints":{"allow":["GET"]}}],"collection":[{"href":"https:\/\/watchdeluxe.it\/de\/wp-json\/wp\/v2\/product"}],"about":[{"href":"https:\/\/watchdeluxe.it\/de\/wp-json\/wp\/v2\/types\/product"}],"wp:featuredmedia":[{"embeddable":true,"href":"https:\/\/watchdeluxe.it\/de\/wp-json\/wp\/v2\/media\/146805"}],"wp:attachment":[{"href":"https:\/\/watchdeluxe.it\/de\/wp-json\/wp\/v2\/media?parent=76014"}],"wp:term":[{"taxonomy":"product_brand","embeddable":true,"href":"https:\/\/watchdeluxe.it\/de\/wp-json\/wp\/v2\/product_brand?post=76014"},{"taxonomy":"product_cat","embeddable":true,"href":"https:\/\/watchdeluxe.it\/de\/wp-json\/wp\/v2\/product_cat?post=76014"},{"taxonomy":"product_tag","embeddable":true,"href":"https:\/\/watchdeluxe.it\/de\/wp-json\/wp\/v2\/product_tag?post=76014"},{"taxonomy":"berocket_brand","embeddable":true,"href":"https:\/\/watchdeluxe.it\/de\/wp-json\/wp\/v2\/berocket_brand?post=76014"},{"taxonomy":"woo-feed-brand","embeddable":true,"href":"https:\/\/watchdeluxe.it\/de\/wp-json\/wp\/v2\/woo-feed-brand?post=76014"}],"curies":[{"name":"wp","href":"https:\/\/api.w.org\/{rel}","templated":true}]}}