{"id":75931,"date":"2023-09-01T10:01:38","date_gmt":"2023-09-01T08:01:38","guid":{"rendered":"https:\/\/watchdeluxe.it\/prodotto\/grand-seiko-elegance-kollektion-ref-sbga407g\/"},"modified":"2025-04-30T17:38:47","modified_gmt":"2025-04-30T15:38:47","slug":"grand-seiko-elegance-kollektion-ref-sbga407g","status":"publish","type":"product","link":"https:\/\/watchdeluxe.it\/de\/prodotto\/grand-seiko-elegance-kollektion-ref-sbga407g\/","title":{"rendered":"Grand Seiko Elegance Kollektion ref. SBGA407G"},"content":{"rendered":"<table data-mce-fragment=\"1\">\n<tbody data-mce-fragment=\"1\">\n<tr data-mce-fragment=\"1\">\n<th data-mce-fragment=\"1\">Geh\u00e4use-Material :<\/th>\n<td data-mce-fragment=\"1\">Rostfreier Stahl<\/td>\n<\/tr>\n<tr data-mce-fragment=\"1\">\n<th data-mce-fragment=\"1\">Glasmaterial :<\/th>\n<td data-mce-fragment=\"1\">Quadratisches Saphirglas<\/td>\n<\/tr>\n<tr data-mce-fragment=\"1\">\n<th data-mce-fragment=\"1\">Glasbeschichtung :<\/th>\n<td data-mce-fragment=\"1\">Antireflektierende Beschichtung auf der Innenseite<\/td>\n<\/tr>\n<tr data-mce-fragment=\"1\">\n<th data-mce-fragment=\"1\">Geh\u00e4use Gr\u00f6\u00dfe :<\/th>\n<td data-mce-fragment=\"1\">Durchmesser 40.2mm \u00d7 Dicke 12.8mm<\/td>\n<\/tr>\n<tr data-mce-fragment=\"1\">\n<th data-mce-fragment=\"1\">Material des Armbands :<\/th>\n<td data-mce-fragment=\"1\">Krokodilleder<\/td>\n<\/tr>\n<tr data-mce-fragment=\"1\">\n<th data-mce-fragment=\"1\">PRODUCT_CLASP :<\/th>\n<td data-mce-fragment=\"1\">Dreifach-Faltschlie\u00dfe mit Druckknopfverschluss<\/td>\n<\/tr>\n<\/tbody>\n<\/table>\n<table data-mce-fragment=\"1\">\n<tbody data-mce-fragment=\"1\">\n<tr data-mce-fragment=\"1\">\n<th data-mce-fragment=\"1\">Gangreserve :<\/th>\n<td data-mce-fragment=\"1\">Ca. 72 Stunden (3 Tage)<\/td>\n<\/tr>\n<tr data-mce-fragment=\"1\">\n<th data-mce-fragment=\"1\">Ganggenauigkeit :<\/th>\n<td data-mce-fragment=\"1\">\u00b11 Sekunde pro Tag \/ \u00b115 Sekunden pro Monat (im Durchschnitt)<\/td>\n<\/tr>\n<\/tbody>\n<\/table>\n<table data-mce-fragment=\"1\">\n<tbody data-mce-fragment=\"1\">\n<tr data-mce-fragment=\"1\">\n<th data-mce-fragment=\"1\">Wasserdichtheit :<\/th>\n<td data-mce-fragment=\"1\">10 bar<\/td>\n<\/tr>\n<tr data-mce-fragment=\"1\">\n<th data-mce-fragment=\"1\">PRODUKT_MAGNETISCH :<\/th>\n<td data-mce-fragment=\"1\">Magnetischer Widerstand<\/td>\n<\/tr>\n<tr data-mce-fragment=\"1\">\n<th data-mce-fragment=\"1\">Andere Details \/ Eigenschaften :<\/th>\n<td data-mce-fragment=\"1\">\n<ul data-mce-fragment=\"1\">\n<li data-mce-fragment=\"1\">\u30fb30 Rubine<\/li>\n<li data-mce-fragment=\"1\">\u30fbEnergiereserve-Anzeige<\/li>\n<li data-mce-fragment=\"1\">\u30fbBasis mit 6 Schrauben<\/li>\n<li data-mce-fragment=\"1\">\u30fbTransparente R\u00fcckwand<\/li>\n<li data-mce-fragment=\"1\">\u30fbSekundenzeigerfunktion anhalten<\/li>\n<\/ul>\n<\/td>\n<\/tr>\n<\/tbody>\n<\/table>\n","protected":false},"excerpt":{"rendered":"<p>Geh\u00e4use-Material : Rostfreier Stahl Glasmaterial : Quadratisches Saphirglas Glasbeschichtung : Antireflektierende Beschichtung auf der Innenseite Geh\u00e4use Gr\u00f6\u00dfe : Durchmesser 40.2mm \u00d7 Dicke 12.8mm Material des Armbands : Krokodilleder PRODUCT_CLASP : Dreifach-Faltschlie\u00dfe mit Druckknopfverschluss Gangreserve : Ca. 72 Stunden (3 Tage) Ganggenauigkeit : \u00b11 Sekunde pro Tag \/ \u00b115 Sekunden pro Monat (im Durchschnitt) Wasserdichtheit : [&hellip;]<\/p>\n","protected":false},"featured_media":82423,"template":"","meta":{"_crdt_document":"","advanced_seo_description":"","jetpack_seo_html_title":"","jetpack_seo_noindex":false,"jetpack_post_was_ever_published":true},"product_brand":[],"product_cat":[3907],"product_tag":[3301],"berocket_brand":[],"woo-feed-brand":[],"class_list":{"0":"post-75931","1":"product","2":"type-product","3":"status-publish","4":"has-post-thumbnail","6":"product_cat-grand-seiko-de","7":"product_tag-eleganz","9":"first","10":"instock","11":"sale","12":"taxable","13":"shipping-taxable","14":"purchasable","15":"product-type-simple"},"bundled_by":[],"bundle_stock_status":"instock","bundle_stock_quantity":1,"bundle_virtual":false,"bundle_layout":"","bundle_add_to_cart_form_location":"","bundle_editable_in_cart":false,"bundle_sold_individually_context":"","bundle_item_grouping":"","bundle_min_size":"","bundle_max_size":"","bundle_price":[],"bundled_items":[],"bundle_sell_ids":[],"group_of_quantity":0,"min_quantity":0,"max_quantity":"","exclude_order_quantity_value_rules":"no","exclude_category_quantity_rules":"no","combine_variations":"no","exclude_global_add_ons":[],"addons":[],"jetpack_sharing_enabled":true,"jetpack_likes_enabled":true,"_links":{"self":[{"href":"https:\/\/watchdeluxe.it\/de\/wp-json\/wp\/v2\/product\/75931","targetHints":{"allow":["GET"]}}],"collection":[{"href":"https:\/\/watchdeluxe.it\/de\/wp-json\/wp\/v2\/product"}],"about":[{"href":"https:\/\/watchdeluxe.it\/de\/wp-json\/wp\/v2\/types\/product"}],"wp:featuredmedia":[{"embeddable":true,"href":"https:\/\/watchdeluxe.it\/de\/wp-json\/wp\/v2\/media\/82423"}],"wp:attachment":[{"href":"https:\/\/watchdeluxe.it\/de\/wp-json\/wp\/v2\/media?parent=75931"}],"wp:term":[{"taxonomy":"product_brand","embeddable":true,"href":"https:\/\/watchdeluxe.it\/de\/wp-json\/wp\/v2\/product_brand?post=75931"},{"taxonomy":"product_cat","embeddable":true,"href":"https:\/\/watchdeluxe.it\/de\/wp-json\/wp\/v2\/product_cat?post=75931"},{"taxonomy":"product_tag","embeddable":true,"href":"https:\/\/watchdeluxe.it\/de\/wp-json\/wp\/v2\/product_tag?post=75931"},{"taxonomy":"berocket_brand","embeddable":true,"href":"https:\/\/watchdeluxe.it\/de\/wp-json\/wp\/v2\/berocket_brand?post=75931"},{"taxonomy":"woo-feed-brand","embeddable":true,"href":"https:\/\/watchdeluxe.it\/de\/wp-json\/wp\/v2\/woo-feed-brand?post=75931"}],"curies":[{"name":"wp","href":"https:\/\/api.w.org\/{rel}","templated":true}]}}