{"id":75847,"date":"2023-03-17T18:44:20","date_gmt":"2023-03-17T17:44:20","guid":{"rendered":"https:\/\/watchdeluxe.it\/prodotto\/omega-constellation-koaxial-master-chronometer-41-mm-ref-131-33-41-21-03-001\/"},"modified":"2023-09-18T16:37:52","modified_gmt":"2023-09-18T14:37:52","slug":"omega-constellation-co%e2%80%91axial-master-chronometer-41-mm-ref-131-33-41-21-03-001","status":"publish","type":"product","link":"https:\/\/watchdeluxe.it\/de\/prodotto\/omega-constellation-co%e2%80%91axial-master-chronometer-41-mm-ref-131-33-41-21-03-001\/","title":{"rendered":"OMEGA CONSTELLATION KOAXIAL MASTER CHRONOMETER 41 MM REF. 131.33.41.21.03.001"},"content":{"rendered":"<table class=\"data-table\" data-mce-fragment=\"1\">\n<tbody data-mce-fragment=\"1\">\n<tr class=\"odd\" data-mce-fragment=\"1\">\n<td class=\"spec-name\" data-mce-fragment=\"1\">Marke<\/td>\n<td class=\"spec-value\" data-mce-fragment=\"1\">Omega<\/td>\n<\/tr>\n<tr class=\"even\" data-mce-fragment=\"1\">\n<td class=\"spec-name\" data-mce-fragment=\"1\">Leitung<\/td>\n<td class=\"spec-value\" data-mce-fragment=\"1\">KONSTELLATION<\/td>\n<\/tr>\n<tr class=\"odd\" data-mce-fragment=\"1\">\n<td class=\"spec-name\" data-mce-fragment=\"1\">Modell<\/td>\n<td class=\"spec-value\" data-mce-fragment=\"1\">Konstellation<\/td>\n<\/tr>\n<tr class=\"even\" data-mce-fragment=\"1\">\n<td class=\"spec-name\" data-mce-fragment=\"1\">Komplikation<\/td>\n<td class=\"spec-value\" data-mce-fragment=\"1\">NUR ZEIT<\/td>\n<\/tr>\n<tr class=\"odd\" data-mce-fragment=\"1\">\n<td class=\"spec-name\" data-mce-fragment=\"1\">Bewegung<\/td>\n<td class=\"spec-value\" data-mce-fragment=\"1\">AUTOMATIK<\/td>\n<\/tr>\n<tr class=\"even\" data-mce-fragment=\"1\">\n<td class=\"spec-name\" data-mce-fragment=\"1\">Dater<\/td>\n<td class=\"spec-value\" data-mce-fragment=\"1\">DATEN<\/td>\n<\/tr>\n<tr class=\"odd\" data-mce-fragment=\"1\">\n<td class=\"spec-name\" data-mce-fragment=\"1\">Formular<\/td>\n<td class=\"spec-value\" data-mce-fragment=\"1\">RUND<\/td>\n<\/tr>\n<tr class=\"even\" data-mce-fragment=\"1\">\n<td class=\"spec-name\" data-mce-fragment=\"1\">Gr\u00f6\u00dfe<\/td>\n<td class=\"spec-value\" data-mce-fragment=\"1\">41 MM<\/td>\n<\/tr>\n<tr class=\"odd\" data-mce-fragment=\"1\">\n<td class=\"spec-name\" data-mce-fragment=\"1\">Material<\/td>\n<td class=\"spec-value\" data-mce-fragment=\"1\">Stahl<\/td>\n<\/tr>\n<tr class=\"even\" data-mce-fragment=\"1\">\n<td class=\"spec-name\" data-mce-fragment=\"1\">W\u00e4hlen Sie<\/td>\n<td class=\"spec-value\" data-mce-fragment=\"1\">BLAU<\/td>\n<\/tr>\n<tr class=\"odd\" data-mce-fragment=\"1\">\n<td class=\"spec-name\" data-mce-fragment=\"1\">Riemen<\/td>\n<td class=\"spec-value\" data-mce-fragment=\"1\">LEDER MIT GUMMI-INNENAUSSTATTUNG<\/td>\n<\/tr>\n<tr class=\"even\" data-mce-fragment=\"1\">\n<td class=\"spec-name\" data-mce-fragment=\"1\">Wasserdicht<\/td>\n<td class=\"spec-value\" data-mce-fragment=\"1\">50 M<\/td>\n<\/tr>\n<\/tbody>\n<\/table>\n","protected":false},"excerpt":{"rendered":"<p>Marke Omega Leitung KONSTELLATION Modell Konstellation Komplikation NUR ZEIT Bewegung AUTOMATIK Dater DATEN Formular RUND Gr\u00f6\u00dfe 41 MM Material Stahl W\u00e4hlen Sie BLAU Riemen LEDER MIT GUMMI-INNENAUSSTATTUNG Wasserdicht 50 M<\/p>\n","protected":false},"featured_media":59061,"template":"","meta":{"_crdt_document":"","advanced_seo_description":"","jetpack_seo_html_title":"","jetpack_seo_noindex":false},"product_brand":[2155],"product_cat":[2280],"product_tag":[3290],"berocket_brand":[],"woo-feed-brand":[],"class_list":{"0":"post-75847","1":"product","2":"type-product","3":"status-publish","4":"has-post-thumbnail","6":"product_brand-omega","7":"product_cat-omega-de","8":"product_tag-konstellation-de","10":"first","11":"instock","12":"sale","13":"taxable","14":"shipping-taxable","15":"purchasable","16":"product-type-simple"},"bundled_by":[],"bundle_stock_status":"instock","bundle_stock_quantity":1,"bundle_virtual":false,"bundle_layout":"","bundle_add_to_cart_form_location":"","bundle_editable_in_cart":false,"bundle_sold_individually_context":"","bundle_item_grouping":"","bundle_min_size":"","bundle_max_size":"","bundle_price":[],"bundled_items":[],"bundle_sell_ids":[],"group_of_quantity":0,"min_quantity":0,"max_quantity":"","exclude_order_quantity_value_rules":"no","exclude_category_quantity_rules":"no","combine_variations":"no","exclude_global_add_ons":[],"addons":[],"jetpack_sharing_enabled":true,"jetpack_likes_enabled":true,"_links":{"self":[{"href":"https:\/\/watchdeluxe.it\/de\/wp-json\/wp\/v2\/product\/75847","targetHints":{"allow":["GET"]}}],"collection":[{"href":"https:\/\/watchdeluxe.it\/de\/wp-json\/wp\/v2\/product"}],"about":[{"href":"https:\/\/watchdeluxe.it\/de\/wp-json\/wp\/v2\/types\/product"}],"wp:featuredmedia":[{"embeddable":true,"href":"https:\/\/watchdeluxe.it\/de\/wp-json\/wp\/v2\/media\/59061"}],"wp:attachment":[{"href":"https:\/\/watchdeluxe.it\/de\/wp-json\/wp\/v2\/media?parent=75847"}],"wp:term":[{"taxonomy":"product_brand","embeddable":true,"href":"https:\/\/watchdeluxe.it\/de\/wp-json\/wp\/v2\/product_brand?post=75847"},{"taxonomy":"product_cat","embeddable":true,"href":"https:\/\/watchdeluxe.it\/de\/wp-json\/wp\/v2\/product_cat?post=75847"},{"taxonomy":"product_tag","embeddable":true,"href":"https:\/\/watchdeluxe.it\/de\/wp-json\/wp\/v2\/product_tag?post=75847"},{"taxonomy":"berocket_brand","embeddable":true,"href":"https:\/\/watchdeluxe.it\/de\/wp-json\/wp\/v2\/berocket_brand?post=75847"},{"taxonomy":"woo-feed-brand","embeddable":true,"href":"https:\/\/watchdeluxe.it\/de\/wp-json\/wp\/v2\/woo-feed-brand?post=75847"}],"curies":[{"name":"wp","href":"https:\/\/api.w.org\/{rel}","templated":true}]}}