{"id":75716,"date":"2023-03-17T19:00:02","date_gmt":"2023-03-17T18:00:02","guid":{"rendered":"https:\/\/watchdeluxe.it\/prodotto\/zenith-chronomaster-sport-rotgold-ref-18-3100-3600-69-c920\/"},"modified":"2026-04-06T00:33:15","modified_gmt":"2026-04-05T22:33:15","slug":"zenith-chronomaster-sport-oro-rosa-ref-18-3100-3600-69-c920-2","status":"publish","type":"product","link":"https:\/\/watchdeluxe.it\/de\/prodotto\/zenith-chronomaster-sport-oro-rosa-ref-18-3100-3600-69-c920-2\/","title":{"rendered":"Zenith Chronomaster Sport Rotgold Ref. 18.3100.3600\/69.C920"},"content":{"rendered":"<p>Zenith Chronomaster Sport Rotgold Ref. Automatik-Chronograph El Primero mit S\u00e4ulenrad, das eine Zehntelsekunde genau messen und anzeigen kann Zehntelsekundenanzeige auf der Keramikl\u00fcnette Gangreserve auf 60 Stunden erh\u00f6ht Datum bei 4:30 Uhr Sekundenstoppmechanismus Ref 18.3100.3600\/69.C920<\/p>\n","protected":false},"excerpt":{"rendered":"<p>Zenith Chronomaster Sport Rotgold Ref. Automatik-Chronograph El Primero mit S\u00e4ulenrad, das eine Zehntelsekunde genau messen und anzeigen kann Zehntelsekundenanzeige auf der Keramikl\u00fcnette Gangreserve auf 60 Stunden erh\u00f6ht Datum bei 4:30 Uhr Sekundenstoppmechanismus Ref 18.3100.3600\/69.C920<\/p>\n","protected":false},"featured_media":146010,"template":"","meta":{"_crdt_document":"","advanced_seo_description":"","jetpack_seo_html_title":"","jetpack_seo_noindex":false},"product_brand":[],"product_cat":[2439],"product_tag":[2445],"berocket_brand":[],"woo-feed-brand":[],"class_list":{"0":"post-75716","1":"product","2":"type-product","3":"status-publish","4":"has-post-thumbnail","6":"product_cat-zenith-de","7":"product_tag-chronomaster-de","9":"first","10":"instock","11":"sale","12":"taxable","13":"shipping-taxable","14":"purchasable","15":"product-type-simple"},"bundled_by":[],"bundle_stock_status":"instock","bundle_stock_quantity":1,"bundle_virtual":false,"bundle_layout":"","bundle_add_to_cart_form_location":"","bundle_editable_in_cart":false,"bundle_sold_individually_context":"","bundle_item_grouping":"","bundle_min_size":"","bundle_max_size":"","bundle_price":[],"bundled_items":[],"bundle_sell_ids":[],"group_of_quantity":0,"min_quantity":0,"max_quantity":"","exclude_order_quantity_value_rules":"no","exclude_category_quantity_rules":"no","combine_variations":"no","exclude_global_add_ons":[],"addons":[],"jetpack_sharing_enabled":true,"jetpack_likes_enabled":true,"_links":{"self":[{"href":"https:\/\/watchdeluxe.it\/de\/wp-json\/wp\/v2\/product\/75716","targetHints":{"allow":["GET"]}}],"collection":[{"href":"https:\/\/watchdeluxe.it\/de\/wp-json\/wp\/v2\/product"}],"about":[{"href":"https:\/\/watchdeluxe.it\/de\/wp-json\/wp\/v2\/types\/product"}],"wp:featuredmedia":[{"embeddable":true,"href":"https:\/\/watchdeluxe.it\/de\/wp-json\/wp\/v2\/media\/146010"}],"wp:attachment":[{"href":"https:\/\/watchdeluxe.it\/de\/wp-json\/wp\/v2\/media?parent=75716"}],"wp:term":[{"taxonomy":"product_brand","embeddable":true,"href":"https:\/\/watchdeluxe.it\/de\/wp-json\/wp\/v2\/product_brand?post=75716"},{"taxonomy":"product_cat","embeddable":true,"href":"https:\/\/watchdeluxe.it\/de\/wp-json\/wp\/v2\/product_cat?post=75716"},{"taxonomy":"product_tag","embeddable":true,"href":"https:\/\/watchdeluxe.it\/de\/wp-json\/wp\/v2\/product_tag?post=75716"},{"taxonomy":"berocket_brand","embeddable":true,"href":"https:\/\/watchdeluxe.it\/de\/wp-json\/wp\/v2\/berocket_brand?post=75716"},{"taxonomy":"woo-feed-brand","embeddable":true,"href":"https:\/\/watchdeluxe.it\/de\/wp-json\/wp\/v2\/woo-feed-brand?post=75716"}],"curies":[{"name":"wp","href":"https:\/\/api.w.org\/{rel}","templated":true}]}}