{"id":75634,"date":"2023-03-17T18:44:28","date_gmt":"2023-03-17T17:44:28","guid":{"rendered":"https:\/\/watchdeluxe.it\/prodotto\/omega-de-ville-tresor-quarz-39-mm-ref-428-18-39-60-13-001\/"},"modified":"2023-03-17T18:44:28","modified_gmt":"2023-03-17T17:44:28","slug":"omega-de-ville-tresor-quartz-39-mm-ref-428-18-39-60-13-001","status":"publish","type":"product","link":"https:\/\/watchdeluxe.it\/de\/prodotto\/omega-de-ville-tresor-quartz-39-mm-ref-428-18-39-60-13-001\/","title":{"rendered":"OMEGA DE VILLE TRESOR QUARZ 39 MM REF. 428.18.39.60.13.001"},"content":{"rendered":"<table class=\"data-table\" data-mce-fragment=\"1\">\n<tbody data-mce-fragment=\"1\">\n<tr class=\"odd\" data-mce-fragment=\"1\">\n<td class=\"spec-name\" data-mce-fragment=\"1\">Marke<\/td>\n<td class=\"spec-value\" data-mce-fragment=\"1\">Omega<\/td>\n<\/tr>\n<tr class=\"even\" data-mce-fragment=\"1\">\n<td class=\"spec-name\" data-mce-fragment=\"1\">Leitung<\/td>\n<td class=\"spec-value\" data-mce-fragment=\"1\">DE VILLE<\/td>\n<\/tr>\n<tr class=\"odd\" data-mce-fragment=\"1\">\n<td class=\"spec-name\" data-mce-fragment=\"1\">Modell<\/td>\n<td class=\"spec-value\" data-mce-fragment=\"1\">De Ville Tresor<\/td>\n<\/tr>\n<tr class=\"even\" data-mce-fragment=\"1\">\n<td class=\"spec-name\" data-mce-fragment=\"1\">Komplikation<\/td>\n<td class=\"spec-value\" data-mce-fragment=\"1\">NUR ZEIT<\/td>\n<\/tr>\n<tr class=\"odd\" data-mce-fragment=\"1\">\n<td class=\"spec-name\" data-mce-fragment=\"1\">Bewegung<\/td>\n<td class=\"spec-value\" data-mce-fragment=\"1\">QUARTZ<\/td>\n<\/tr>\n<tr class=\"even\" data-mce-fragment=\"1\">\n<td class=\"spec-name\" data-mce-fragment=\"1\">Formular<\/td>\n<td class=\"spec-value\" data-mce-fragment=\"1\">RUND<\/td>\n<\/tr>\n<tr class=\"odd\" data-mce-fragment=\"1\">\n<td class=\"spec-name\" data-mce-fragment=\"1\">Gr\u00f6\u00dfe<\/td>\n<td class=\"spec-value\" data-mce-fragment=\"1\">39 MM<\/td>\n<\/tr>\n<tr class=\"even\" data-mce-fragment=\"1\">\n<td class=\"spec-name\" data-mce-fragment=\"1\">Material<\/td>\n<td class=\"spec-value\" data-mce-fragment=\"1\">Stahl und Diamanten<\/td>\n<\/tr>\n<tr class=\"odd\" data-mce-fragment=\"1\">\n<td class=\"spec-name\" data-mce-fragment=\"1\">Art des Glases<\/td>\n<td class=\"spec-value\" data-mce-fragment=\"1\">SAPPHIRE<\/td>\n<\/tr>\n<tr class=\"even\" data-mce-fragment=\"1\">\n<td class=\"spec-name\" data-mce-fragment=\"1\">W\u00e4hlen Sie<\/td>\n<td class=\"spec-value\" data-mce-fragment=\"1\">GRAU<\/td>\n<\/tr>\n<tr class=\"odd\" data-mce-fragment=\"1\">\n<td class=\"spec-name\" data-mce-fragment=\"1\">Riemen<\/td>\n<td class=\"spec-value\" data-mce-fragment=\"1\">ALLIGATOR<\/td>\n<\/tr>\n<tr class=\"even\" data-mce-fragment=\"1\">\n<td class=\"spec-name\" data-mce-fragment=\"1\">Wasserdicht<\/td>\n<td class=\"spec-value\" data-mce-fragment=\"1\">30 M<\/td>\n<\/tr>\n<\/tbody>\n<\/table>\n","protected":false},"excerpt":{"rendered":"<p>Marke Omega Leitung DE VILLE Modell De Ville Tresor Komplikation NUR ZEIT Bewegung QUARTZ Formular RUND Gr\u00f6\u00dfe 39 MM Material Stahl und Diamanten Art des Glases SAPPHIRE W\u00e4hlen Sie GRAU Riemen ALLIGATOR Wasserdicht 30 M<\/p>\n","protected":false},"featured_media":59661,"template":"","meta":{"_crdt_document":"","advanced_seo_description":"","jetpack_seo_html_title":"","jetpack_seo_noindex":false,"jetpack_post_was_ever_published":false},"product_brand":[2155],"product_cat":[2280],"product_tag":[2971],"berocket_brand":[],"woo-feed-brand":[],"class_list":{"0":"post-75634","1":"product","2":"type-product","3":"status-publish","4":"has-post-thumbnail","6":"product_brand-omega","7":"product_cat-omega-de","8":"product_tag-de-ville-de","10":"first","11":"instock","12":"sale","13":"taxable","14":"shipping-taxable","15":"purchasable","16":"product-type-simple"},"bundled_by":[],"bundle_stock_status":"instock","bundle_stock_quantity":1,"bundle_virtual":false,"bundle_layout":"","bundle_add_to_cart_form_location":"","bundle_editable_in_cart":false,"bundle_sold_individually_context":"","bundle_item_grouping":"","bundle_min_size":"","bundle_max_size":"","bundle_price":[],"bundled_items":[],"bundle_sell_ids":[],"group_of_quantity":0,"min_quantity":0,"max_quantity":"","exclude_order_quantity_value_rules":"no","exclude_category_quantity_rules":"no","combine_variations":"no","exclude_global_add_ons":[],"addons":[],"jetpack_sharing_enabled":true,"jetpack_likes_enabled":true,"_links":{"self":[{"href":"https:\/\/watchdeluxe.it\/de\/wp-json\/wp\/v2\/product\/75634","targetHints":{"allow":["GET"]}}],"collection":[{"href":"https:\/\/watchdeluxe.it\/de\/wp-json\/wp\/v2\/product"}],"about":[{"href":"https:\/\/watchdeluxe.it\/de\/wp-json\/wp\/v2\/types\/product"}],"wp:featuredmedia":[{"embeddable":true,"href":"https:\/\/watchdeluxe.it\/de\/wp-json\/wp\/v2\/media\/59661"}],"wp:attachment":[{"href":"https:\/\/watchdeluxe.it\/de\/wp-json\/wp\/v2\/media?parent=75634"}],"wp:term":[{"taxonomy":"product_brand","embeddable":true,"href":"https:\/\/watchdeluxe.it\/de\/wp-json\/wp\/v2\/product_brand?post=75634"},{"taxonomy":"product_cat","embeddable":true,"href":"https:\/\/watchdeluxe.it\/de\/wp-json\/wp\/v2\/product_cat?post=75634"},{"taxonomy":"product_tag","embeddable":true,"href":"https:\/\/watchdeluxe.it\/de\/wp-json\/wp\/v2\/product_tag?post=75634"},{"taxonomy":"berocket_brand","embeddable":true,"href":"https:\/\/watchdeluxe.it\/de\/wp-json\/wp\/v2\/berocket_brand?post=75634"},{"taxonomy":"woo-feed-brand","embeddable":true,"href":"https:\/\/watchdeluxe.it\/de\/wp-json\/wp\/v2\/woo-feed-brand?post=75634"}],"curies":[{"name":"wp","href":"https:\/\/api.w.org\/{rel}","templated":true}]}}